{"id":45,"date":"2015-01-04T02:06:55","date_gmt":"2015-01-04T05:06:55","guid":{"rendered":"https:\/\/catedras.facet.unt.edu.ar\/opto\/?page_id=45"},"modified":"2015-08-22T11:31:58","modified_gmt":"2015-08-22T14:31:58","slug":"reglamento","status":"publish","type":"page","link":"https:\/\/catedras.facet.unt.edu.ar\/opto\/reglamento\/","title":{"rendered":"Reglamento"},"content":{"rendered":"<p class=\"Estilo3\">1. Rendir un evaluativo de la parte te\u00f3rica.<\/p>\n<p class=\"Estilo3\">2. Realizar, presentar y aprobar dos proyectos de ingenier\u00eda sobre temas a definir:<\/p>\n<ul class=\"Estilo3\">\n<li>C\u00f3digo de barras.<\/li>\n<li>Generaci\u00f3n fotovoltaica.<\/li>\n<li>Control de mando infrarrojo.<\/li>\n<li>Paneles luminosos con LED.<\/li>\n<\/ul>\n<p class=\"Estilo3\">3. Realizar y aprobar dos trabajos pr\u00e1cticos de laboratorio referentes a:<\/p>\n<ul class=\"Estilo3\">\n<li>Obtenci\u00f3n de la curva de respuesta espectral de detectores.<\/li>\n<li>Circuitos con LED.<\/li>\n<\/ul>\n<p class=\"Estilo3\">4. Realizar y aprobar un trabajo pr\u00e1ctico de laboratorio sobre conexiones y mediciones<br \/>\nFibras \u00f3pticas en una empresa del medio local.<\/p>\n","protected":false},"excerpt":{"rendered":"<p>1. Rendir un evaluativo de la parte te\u00f3rica. 2. Realizar, presentar y aprobar dos proyectos de ingenier\u00eda sobre temas a definir: C\u00f3digo de barras. Generaci\u00f3n fotovoltaica. Control de mando infrarrojo. Paneles luminosos con LED. 3. Realizar y aprobar dos trabajos pr\u00e1cticos de laboratorio referentes a: Obtenci\u00f3n de la curva de respuesta espectral de detectores. Circuitos [&hellip;]<\/p>\n","protected":false},"author":163,"featured_media":0,"parent":0,"menu_order":1,"comment_status":"closed","ping_status":"closed","template":"","meta":[],"_links":{"self":[{"href":"https:\/\/catedras.facet.unt.edu.ar\/opto\/wp-json\/wp\/v2\/pages\/45"}],"collection":[{"href":"https:\/\/catedras.facet.unt.edu.ar\/opto\/wp-json\/wp\/v2\/pages"}],"about":[{"href":"https:\/\/catedras.facet.unt.edu.ar\/opto\/wp-json\/wp\/v2\/types\/page"}],"author":[{"embeddable":true,"href":"https:\/\/catedras.facet.unt.edu.ar\/opto\/wp-json\/wp\/v2\/users\/163"}],"replies":[{"embeddable":true,"href":"https:\/\/catedras.facet.unt.edu.ar\/opto\/wp-json\/wp\/v2\/comments?post=45"}],"version-history":[{"count":3,"href":"https:\/\/catedras.facet.unt.edu.ar\/opto\/wp-json\/wp\/v2\/pages\/45\/revisions"}],"predecessor-version":[{"id":69,"href":"https:\/\/catedras.facet.unt.edu.ar\/opto\/wp-json\/wp\/v2\/pages\/45\/revisions\/69"}],"wp:attachment":[{"href":"https:\/\/catedras.facet.unt.edu.ar\/opto\/wp-json\/wp\/v2\/media?parent=45"}],"curies":[{"name":"wp","href":"https:\/\/api.w.org\/{rel}","templated":true}]}}