{"id":37,"date":"2014-08-12T11:49:09","date_gmt":"2014-08-12T14:49:09","guid":{"rendered":"https:\/\/catedras.facet.unt.edu.ar\/opto\/home\/"},"modified":"2015-01-04T02:06:20","modified_gmt":"2015-01-04T05:06:20","slug":"home","status":"publish","type":"page","link":"https:\/\/catedras.facet.unt.edu.ar\/opto\/","title":{"rendered":"Inicio"},"content":{"rendered":"<div id=\"pl-37\"  class=\"panel-layout\" ><div id=\"pg-37-0\"  class=\"panel-grid panel-no-style\" ><div id=\"pgc-37-0-0\"  class=\"panel-grid-cell\" ><div id=\"panel-37-0-0-0\" class=\"so-panel widget widget_siteorigin-panels-postloop panel-first-child panel-last-child\" data-index=\"0\" ><h3 class=\"widget-title\">Transparente<\/h3>\n\n\t\t\n\t\t\n<article id=\"post-1\" class=\"post-1 post type-post status-publish format-standard hentry category-sin-categoria\">\n\n\t\n\t<div class=\"entry-main\">\n\n\t\t\n\t\t<header class=\"entry-header\">\n\t\t\t\n\t\t\t<h1 class=\"entry-title\"><a href=\"https:\/\/catedras.facet.unt.edu.ar\/opto\/2013\/11\/22\/hola-mundo\/\" title=\"Enlace permanente a \u00a1Hola mundo!\" rel=\"bookmark\">\u00a1Hola mundo!<\/a><\/h1>\n\n\t\t\t\t\t\t\t<div class=\"entry-meta\">\n\t\t\t\t\tPublicado el <a href=\"https:\/\/catedras.facet.unt.edu.ar\/opto\/2013\/11\/22\/hola-mundo\/\" title=\"14:58\" rel=\"bookmark\"><time class=\"entry-date\" datetime=\"2013-11-22T14:58:07-03:00\">22 noviembre, 2013<\/time><\/a><time class=\"updated\" datetime=\"2013-11-22T14:58:07-03:00\">22 noviembre, 2013<\/time>  \t\t\t\t<\/div><!-- .entry-meta -->\n\t\t\t\n\t\t<\/header><!-- .entry-header -->\n\n\t\t\t\t\t<div class=\"entry-content\">\n\t\t\t\t<p>Te damos la bienvenida a <a href=\"https:\/\/catedras.facet.unt.edu.ar\/\">Sitios de C\u00e1tedras Facultad de Ciencias Exactas y Tecnolog\u00eda de la Universidad Nacional de Tucum\u00e1n (FACET)<\/a>. Este es tu primer art\u00edculo. Ed\u00edtalo o b\u00f3rralo&#8230; \u00a1y comienza a publicar!<\/p>\n\t\t\t\t\t\t\t\t\t\t\t\t\t\t\t<\/div><!-- .entry-content -->\n\t\t\n\t\t\n\t<\/div>\n\n<\/article><!-- #post-1 -->\n\n\t\n\t\n<\/div><\/div><div id=\"pgc-37-0-1\"  class=\"panel-grid-cell\" ><div id=\"panel-37-0-1-0\" class=\"so-panel widget panel-first-child panel-last-child\" data-index=\"1\" ><\/div><\/div><\/div><\/div>","protected":false},"excerpt":{"rendered":"<p>Bienvenidos a Nuestra P\u00e1gina Materia Optativa para Ingenier\u00eda en Computaci\u00f3n y Electr\u00f3nica<\/p>\n","protected":false},"author":1,"featured_media":0,"parent":0,"menu_order":0,"comment_status":"closed","ping_status":"closed","template":"home-panels.php","meta":[],"_links":{"self":[{"href":"https:\/\/catedras.facet.unt.edu.ar\/opto\/wp-json\/wp\/v2\/pages\/37"}],"collection":[{"href":"https:\/\/catedras.facet.unt.edu.ar\/opto\/wp-json\/wp\/v2\/pages"}],"about":[{"href":"https:\/\/catedras.facet.unt.edu.ar\/opto\/wp-json\/wp\/v2\/types\/page"}],"author":[{"embeddable":true,"href":"https:\/\/catedras.facet.unt.edu.ar\/opto\/wp-json\/wp\/v2\/users\/1"}],"replies":[{"embeddable":true,"href":"https:\/\/catedras.facet.unt.edu.ar\/opto\/wp-json\/wp\/v2\/comments?post=37"}],"version-history":[{"count":2,"href":"https:\/\/catedras.facet.unt.edu.ar\/opto\/wp-json\/wp\/v2\/pages\/37\/revisions"}],"predecessor-version":[{"id":44,"href":"https:\/\/catedras.facet.unt.edu.ar\/opto\/wp-json\/wp\/v2\/pages\/37\/revisions\/44"}],"wp:attachment":[{"href":"https:\/\/catedras.facet.unt.edu.ar\/opto\/wp-json\/wp\/v2\/media?parent=37"}],"curies":[{"name":"wp","href":"https:\/\/api.w.org\/{rel}","templated":true}]}}