{"id":2,"date":"2013-11-22T14:58:07","date_gmt":"2013-11-22T14:58:07","guid":{"rendered":"https:\/\/catedras.facet.unt.edu.ar\/sitio1\/?page_id=2"},"modified":"2015-08-22T11:35:15","modified_gmt":"2015-08-22T14:35:15","slug":"cronograma","status":"publish","type":"page","link":"https:\/\/catedras.facet.unt.edu.ar\/opto\/cronograma\/","title":{"rendered":"Cronograma"},"content":{"rendered":"<p>Semana 1 Unidades Radiom\u00e9tricas y Fotom\u00e9tricas<br \/>\nSemana 2 Unidades Radiom\u00e9tricas y Fotom\u00e9tricas, Emisores Fotoelectricos LED<br \/>\nSemana 3 Color RGB HTML, Visualizadores (Display)<br \/>\nSemana 4 Laser, LED Laser<br \/>\nSemana 5 Feriado 21\/09 y 24\/09<br \/>\nSemana 6 Fotodetectores LDR Fotomultiplicador Fotodiodo Fototransistor<br \/>\nSemana 7 Fibras Opticas<br \/>\nSemana 8 Consultas &#8211; Semana de Ex\u00e1men<br \/>\nSemana 9 Consultas y Evaluacion<br \/>\nSemana 10 Trabajos de Laboratorio<br \/>\nSemana 11 Exposici\u00f3n Trabajo especial 1<br \/>\nSemana 12 Exposici\u00f3n Trabajo especial 2<br \/>\nSemana 13 Exposici\u00f3n Trabajo especial 3<br \/>\nSemana 14 Exposici\u00f3n Trabajo especial 4<br \/>\nSemana 15\u00a0Correcciones y Recuperaciones<br \/>\nSemana 16 Correcciones y Recuperaciones<\/p>\n","protected":false},"excerpt":{"rendered":"<p>Semana 1 Unidades Radiom\u00e9tricas y Fotom\u00e9tricas Semana 2 Unidades Radiom\u00e9tricas y Fotom\u00e9tricas, Emisores Fotoelectricos LED Semana 3 Color RGB HTML, Visualizadores (Display) Semana 4 Laser, LED Laser Semana 5 Feriado 21\/09 y 24\/09 Semana 6 Fotodetectores LDR Fotomultiplicador Fotodiodo Fototransistor Semana 7 Fibras Opticas Semana 8 Consultas &#8211; Semana de Ex\u00e1men Semana 9 Consultas y [&hellip;]<\/p>\n","protected":false},"author":1,"featured_media":0,"parent":0,"menu_order":2,"comment_status":"closed","ping_status":"closed","template":"","meta":[],"_links":{"self":[{"href":"https:\/\/catedras.facet.unt.edu.ar\/opto\/wp-json\/wp\/v2\/pages\/2"}],"collection":[{"href":"https:\/\/catedras.facet.unt.edu.ar\/opto\/wp-json\/wp\/v2\/pages"}],"about":[{"href":"https:\/\/catedras.facet.unt.edu.ar\/opto\/wp-json\/wp\/v2\/types\/page"}],"author":[{"embeddable":true,"href":"https:\/\/catedras.facet.unt.edu.ar\/opto\/wp-json\/wp\/v2\/users\/1"}],"replies":[{"embeddable":true,"href":"https:\/\/catedras.facet.unt.edu.ar\/opto\/wp-json\/wp\/v2\/comments?post=2"}],"version-history":[{"count":5,"href":"https:\/\/catedras.facet.unt.edu.ar\/opto\/wp-json\/wp\/v2\/pages\/2\/revisions"}],"predecessor-version":[{"id":71,"href":"https:\/\/catedras.facet.unt.edu.ar\/opto\/wp-json\/wp\/v2\/pages\/2\/revisions\/71"}],"wp:attachment":[{"href":"https:\/\/catedras.facet.unt.edu.ar\/opto\/wp-json\/wp\/v2\/media?parent=2"}],"curies":[{"name":"wp","href":"https:\/\/api.w.org\/{rel}","templated":true}]}}