{"id":71,"date":"2014-12-04T22:07:38","date_gmt":"2014-12-05T01:07:38","guid":{"rendered":"https:\/\/catedras.facet.unt.edu.ar\/myde\/?page_id=71"},"modified":"2015-06-12T14:17:31","modified_gmt":"2015-06-12T17:17:31","slug":"vinculos","status":"publish","type":"page","link":"https:\/\/catedras.facet.unt.edu.ar\/myde\/vinculos\/","title":{"rendered":"V\u00ednculos"},"content":{"rendered":"<p><a href=\"http:\/\/es.gizmodo.com\/ibm-soluciona-uno-de-los-grandes-problemas-de-la-comput-1701202959\" target=\"_blank\">IBM soluciona uno de los grandes problemas de la computaci\u00f3n cu\u00e1ntica<\/a><\/p>\n<p><a href=\"http:\/\/www.noticiasdot.com\/wp2\/2015\/06\/11\/50-aniversario-ley-de-moore-infografas\/\" target=\"_blank\">50 Aniversario Ley de Moore &#8211; Infograf\u00edas<\/a><\/p>\n<h1><\/h1>\n","protected":false},"excerpt":{"rendered":"<p>IBM soluciona uno de los grandes problemas de la computaci\u00f3n cu\u00e1ntica 50 Aniversario Ley de Moore &#8211; Infograf\u00edas<\/p>\n","protected":false},"author":163,"featured_media":0,"parent":0,"menu_order":8,"comment_status":"closed","ping_status":"closed","template":"","meta":[],"_links":{"self":[{"href":"https:\/\/catedras.facet.unt.edu.ar\/myde\/wp-json\/wp\/v2\/pages\/71"}],"collection":[{"href":"https:\/\/catedras.facet.unt.edu.ar\/myde\/wp-json\/wp\/v2\/pages"}],"about":[{"href":"https:\/\/catedras.facet.unt.edu.ar\/myde\/wp-json\/wp\/v2\/types\/page"}],"author":[{"embeddable":true,"href":"https:\/\/catedras.facet.unt.edu.ar\/myde\/wp-json\/wp\/v2\/users\/163"}],"replies":[{"embeddable":true,"href":"https:\/\/catedras.facet.unt.edu.ar\/myde\/wp-json\/wp\/v2\/comments?post=71"}],"version-history":[{"count":5,"href":"https:\/\/catedras.facet.unt.edu.ar\/myde\/wp-json\/wp\/v2\/pages\/71\/revisions"}],"predecessor-version":[{"id":324,"href":"https:\/\/catedras.facet.unt.edu.ar\/myde\/wp-json\/wp\/v2\/pages\/71\/revisions\/324"}],"wp:attachment":[{"href":"https:\/\/catedras.facet.unt.edu.ar\/myde\/wp-json\/wp\/v2\/media?parent=71"}],"curies":[{"name":"wp","href":"https:\/\/api.w.org\/{rel}","templated":true}]}}