{"id":63,"date":"2014-12-04T22:03:33","date_gmt":"2014-12-05T01:03:33","guid":{"rendered":"https:\/\/catedras.facet.unt.edu.ar\/myde\/?page_id=63"},"modified":"2018-03-28T12:09:23","modified_gmt":"2018-03-28T15:09:23","slug":"horarios","status":"publish","type":"page","link":"https:\/\/catedras.facet.unt.edu.ar\/myde\/horarios\/","title":{"rendered":"Horarios"},"content":{"rendered":"<p><strong>CLASES TE\u00d3RICAS<\/strong><\/p>\n<p>Mi\u00e9rcoles 8\u00a0a 10 Hs en Aula DEEC2.<\/p>\n<p>Viernes\u00a08 a 10 Hs en Aula DEEC2.<\/p>\n<p><strong>CLASE PR\u00c1CTICA<\/strong><\/p>\n<p>Lunes 12 a 14 Hs en AULA DEEC3.<\/p>\n<p><strong>CONSULTA<\/strong><\/p>\n<p>Ing. Figueroa Cristian: Mi\u00e9rcoles de 12 a 13 hs. en el aula de la c\u00e1tedra.<\/p>\n<p>Ayudante Estudiantil, Matias Romano: Jueves de 14 a 15 hs. en el aula de la c\u00e1tedra.<\/p>\n<p>&nbsp;<\/p>\n","protected":false},"excerpt":{"rendered":"<p>CLASES TE\u00d3RICAS Mi\u00e9rcoles 8\u00a0a 10 Hs en Aula DEEC2. Viernes\u00a08 a 10 Hs en Aula DEEC2. CLASE PR\u00c1CTICA Lunes 12 a 14 Hs en AULA DEEC3. CONSULTA Ing. Figueroa Cristian: Mi\u00e9rcoles de 12 a 13 hs. en el aula de la c\u00e1tedra. Ayudante Estudiantil, Matias Romano: Jueves de 14 a 15 hs. en el aula [&hellip;]<\/p>\n","protected":false},"author":163,"featured_media":0,"parent":0,"menu_order":4,"comment_status":"closed","ping_status":"closed","template":"","meta":[],"_links":{"self":[{"href":"https:\/\/catedras.facet.unt.edu.ar\/myde\/wp-json\/wp\/v2\/pages\/63"}],"collection":[{"href":"https:\/\/catedras.facet.unt.edu.ar\/myde\/wp-json\/wp\/v2\/pages"}],"about":[{"href":"https:\/\/catedras.facet.unt.edu.ar\/myde\/wp-json\/wp\/v2\/types\/page"}],"author":[{"embeddable":true,"href":"https:\/\/catedras.facet.unt.edu.ar\/myde\/wp-json\/wp\/v2\/users\/163"}],"replies":[{"embeddable":true,"href":"https:\/\/catedras.facet.unt.edu.ar\/myde\/wp-json\/wp\/v2\/comments?post=63"}],"version-history":[{"count":13,"href":"https:\/\/catedras.facet.unt.edu.ar\/myde\/wp-json\/wp\/v2\/pages\/63\/revisions"}],"predecessor-version":[{"id":705,"href":"https:\/\/catedras.facet.unt.edu.ar\/myde\/wp-json\/wp\/v2\/pages\/63\/revisions\/705"}],"wp:attachment":[{"href":"https:\/\/catedras.facet.unt.edu.ar\/myde\/wp-json\/wp\/v2\/media?parent=63"}],"curies":[{"name":"wp","href":"https:\/\/api.w.org\/{rel}","templated":true}]}}