{"id":86,"date":"2014-09-18T18:46:03","date_gmt":"2014-09-18T21:46:03","guid":{"rendered":"https:\/\/catedras.facet.unt.edu.ar\/ms\/?page_id=86"},"modified":"2016-08-17T10:28:20","modified_gmt":"2016-08-17T13:28:20","slug":"bibliografia","status":"publish","type":"page","link":"https:\/\/catedras.facet.unt.edu.ar\/ms\/bibliografia\/","title":{"rendered":"Bibliograf\u00eda"},"content":{"rendered":"<ul>\n<li>TERZAGHI, K. y PECK, R. B. (1976). <em>MEC\u00c1NICA DE LOS SUELOS EN LA INGENIER\u00cdA PR\u00c1CTICA<\/em>.<\/li>\n<\/ul>\n<ul>\n<li>TERZAGHI, K.\u00a0; PECK, R. B. and MESRI, G. (1996). <em>SOIL MECHANICS IN ENGINEERING PRACTICE.<\/em><\/li>\n<\/ul>\n<ul>\n<li>JIMENEZ SALAS, J. A. y DE JUSTO ALPA\u00d1EZ, J. L. (1975). <em>GEOTECNIA Y CIMIENTOS I.<\/em><\/li>\n<\/ul>\n<ul>\n<li>DAS, BRAJA M., (2001). FUNDAMENTOS DE INGENIER\u00cdA GEOT\u00c9CNICA.<\/li>\n<\/ul>\n<ul>\n<li>LAMBE, T. W. y WHITMAN, R. V. (2006). <em>MEC\u00c1NICA DE SUELOS<\/em>.<\/li>\n<\/ul>\n<ul>\n<li>BERRY, P. Y REID, D. (1993). <em>MEC\u00c1NICA DE SUELOS<\/em>.<\/li>\n<\/ul>\n<ul>\n<li>SOWERS, G. y SOWERS, G. (1994). <em>INTRODUCCI\u00d3N A LA MEC\u00c1NICA DE SUELOS Y CIMENTACIONES<\/em>.<\/li>\n<\/ul>\n<ul>\n<li>WHITLOW, R. (1994). <em>FUNDAMENTOS DE MEC\u00c1NICA DE SUELOS<\/em>.<\/li>\n<\/ul>\n<ul>\n<li>MINISTERIO DE OBRAS P\u00daBLICAS, TRANSPORTES Y MEDIO AMBIENTE DE ESPA\u00d1A (1994). <em>ROM 0.5-94: RECOMENDACIONES GEOT\u00c9CNICAS PARA EL PROYECTO DE OBRAS MAR\u00cdTIMAS Y PORTUARIAS.<\/em><\/li>\n<\/ul>\n<ul>\n<li>ATKINSON, J. (1993). <em>AN INTRODUCTION TO THE MECHANICS OF SOILS AND FOUNDATIONS.<\/em><\/li>\n<\/ul>\n","protected":false},"excerpt":{"rendered":"<p>TERZAGHI, K. y PECK, R. B. (1976). MEC\u00c1NICA DE LOS SUELOS EN LA INGENIER\u00cdA PR\u00c1CTICA. TERZAGHI, K.\u00a0; PECK, R. B. and MESRI, G. (1996). SOIL MECHANICS IN ENGINEERING PRACTICE. JIMENEZ SALAS, J. A. y DE JUSTO ALPA\u00d1EZ, J. L. (1975). GEOTECNIA Y CIMIENTOS I. DAS, BRAJA M., (2001). FUNDAMENTOS DE INGENIER\u00cdA GEOT\u00c9CNICA. LAMBE, T. W. [&hellip;]<\/p>\n","protected":false},"author":94,"featured_media":0,"parent":0,"menu_order":5,"comment_status":"closed","ping_status":"closed","template":"","meta":[],"_links":{"self":[{"href":"https:\/\/catedras.facet.unt.edu.ar\/ms\/wp-json\/wp\/v2\/pages\/86"}],"collection":[{"href":"https:\/\/catedras.facet.unt.edu.ar\/ms\/wp-json\/wp\/v2\/pages"}],"about":[{"href":"https:\/\/catedras.facet.unt.edu.ar\/ms\/wp-json\/wp\/v2\/types\/page"}],"author":[{"embeddable":true,"href":"https:\/\/catedras.facet.unt.edu.ar\/ms\/wp-json\/wp\/v2\/users\/94"}],"replies":[{"embeddable":true,"href":"https:\/\/catedras.facet.unt.edu.ar\/ms\/wp-json\/wp\/v2\/comments?post=86"}],"version-history":[{"count":7,"href":"https:\/\/catedras.facet.unt.edu.ar\/ms\/wp-json\/wp\/v2\/pages\/86\/revisions"}],"predecessor-version":[{"id":608,"href":"https:\/\/catedras.facet.unt.edu.ar\/ms\/wp-json\/wp\/v2\/pages\/86\/revisions\/608"}],"wp:attachment":[{"href":"https:\/\/catedras.facet.unt.edu.ar\/ms\/wp-json\/wp\/v2\/media?parent=86"}],"curies":[{"name":"wp","href":"https:\/\/api.w.org\/{rel}","templated":true}]}}