{"id":37,"date":"2014-08-12T11:49:09","date_gmt":"2014-08-12T14:49:09","guid":{"rendered":"https:\/\/catedras.facet.unt.edu.ar\/ms\/home\/"},"modified":"2026-02-28T13:01:25","modified_gmt":"2026-02-28T16:01:25","slug":"home","status":"publish","type":"page","link":"https:\/\/catedras.facet.unt.edu.ar\/ms\/","title":{"rendered":"Inicio"},"content":{"rendered":"<h1 style=\"padding-left: 70px\">Bienvenido a la p\u00e1gina oficial de la\u00a0Asignatura Mec\u00e1nica de los Suelos<\/h1>\n<hr \/>\n<h2><span style=\"color: #ff6600\"><strong><span style=\"text-decoration: underline\">Avisos<\/span><\/strong><\/span><\/h2>\n<div>\n<ul>\n<li>Estimados alumnos:\n<p>Hasta las <strong>18:00 h<\/strong> del <strong>lunes 2 de marzo<\/strong> se recibir\u00e1n trabajos pr\u00e1cticos e informes de ensayos de laboratorio que a\u00fan no hayan entregado o que se les hubieran devuelto para ser corregidos.<\/p>\n<p>Como Uds. saben, el <strong>6 de marzo<\/strong> expira el plazo para cargar las notas de cada alumno en el sistema SIU Guaran\u00ed. Por lo tanto, debemos revisar los documentos que entreguen y devolverles a Uds. para que, de ser necesario, corrijan los errores que se les indiquen.<\/p>\n<p><strong>IMPORTANTE:<\/strong> se les recuerda que las condiciones de cursado establecen claramente que, para <strong>APROBAR<\/strong> la asignatura, se deber\u00e1n <strong>aprobar<\/strong> los ex\u00e1menes parciales (o sus respectivos recuperatorios), el trabajo final y la carpeta de trabajos pr\u00e1cticos e informes de ensayos de laboratorio.<\/li>\n<li>El recuperatorio del 2\u00ba Parcial (Teor\u00eda y Pr\u00e1ctica) ser\u00e1 el <strong>Viernes 27\/02 a las 15:00 h<\/strong>. El lunes 23\/02 y el mi\u00e9rcoles 25\/02 habr\u00e1 consultas en los horarios habituales de clases.<\/li>\n<li>\n<h3 data-start=\"365\" data-end=\"408\">Cronograma \u2013 Per\u00edodo de Recuperaci\u00f3n<\/h3>\n<p data-start=\"410\" data-end=\"511\">Estimados alumnos, se informa el siguiente cronograma correspondiente al <strong data-start=\"483\" data-end=\"510\">per\u00edodo de recuperaci\u00f3n<\/strong>:<\/p>\n<div class=\"TyagGW_tableContainer\">\n<table style=\"width: 66.0263%;border-collapse: collapse\" border=\"-\">\n<tbody>\n<tr data-start=\"513\" data-end=\"582\">\n<th style=\"width: 23.6157%;text-align: left\" data-start=\"526\" data-end=\"540\" data-col-size=\"sm\">D\u00eda \/ Fecha<\/th>\n<th style=\"width: 53.3189%;text-align: left\" data-start=\"540\" data-end=\"582\" data-col-size=\"sm\">Actividad<\/th>\n<\/tr>\n<tr data-start=\"652\" data-end=\"720\">\n<td style=\"width: 23.6157%\" data-start=\"665\" data-end=\"678\" data-col-size=\"sm\">Lu: 09\/02\/2026<\/td>\n<td style=\"width: 53.3189%\" data-start=\"678\" data-end=\"720\" data-col-size=\"sm\">Clase de consulta<\/td>\n<\/tr>\n<tr data-start=\"721\" data-end=\"789\">\n<td style=\"width: 23.6157%\" data-start=\"734\" data-end=\"747\" data-col-size=\"sm\">Mi: 11\/02\/2026<\/td>\n<td style=\"width: 53.3189%\" data-col-size=\"sm\" data-start=\"747\" data-end=\"789\">1\u00ba Parcial (Teor\u00eda y Pr\u00e1ctica)<\/td>\n<\/tr>\n<tr data-start=\"790\" data-end=\"858\">\n<td style=\"width: 23.6157%\" data-col-size=\"sm\" data-start=\"803\" data-end=\"816\">Mi: 18\/02\/2026<\/td>\n<td style=\"width: 53.3189%\" data-col-size=\"sm\" data-start=\"816\" data-end=\"858\">Clase de consulta<\/td>\n<\/tr>\n<tr data-start=\"859\" data-end=\"927\">\n<td style=\"width: 23.6157%\" data-col-size=\"sm\" data-start=\"872\" data-end=\"885\">Lu: 23\/02\/2026<\/td>\n<td style=\"width: 53.3189%\" data-col-size=\"sm\" data-start=\"885\" data-end=\"927\">Clase de consulta<\/td>\n<\/tr>\n<tr data-start=\"928\" data-end=\"996\">\n<td style=\"width: 23.6157%\" data-col-size=\"sm\" data-start=\"941\" data-end=\"954\">Mi: 25\/02\/2026<\/td>\n<td style=\"width: 53.3189%\" data-col-size=\"sm\" data-start=\"954\" data-end=\"996\">2\u00ba Parcial (Teor\u00eda y Pr\u00e1ctica)<\/td>\n<\/tr>\n<tr data-start=\"997\" data-end=\"1064\">\n<td style=\"width: 23.6157%\" data-col-size=\"sm\" data-start=\"1010\" data-end=\"1023\">Lu: 02\/03\/2026<\/td>\n<td style=\"width: 53.3189%\" data-col-size=\"sm\" data-start=\"1023\" data-end=\"1064\">3\u00ba Parcial (Teor\u00eda)<\/td>\n<\/tr>\n<\/tbody>\n<\/table>\n<\/div>\n<p data-start=\"1066\" data-end=\"1281\"><strong data-start=\"1066\" data-end=\"1084\">\ud83d\udccc Importante:<\/strong><br data-start=\"1084\" data-end=\"1087\" \/>Todas las actividades se desarrollar\u00e1n en el <strong data-start=\"1132\" data-end=\"1162\">horario habitual de clases<\/strong>. Adem\u00e1s, los alumnos cuentan con los <strong data-start=\"1202\" data-end=\"1247\">horarios de consulta publicados en la web<\/strong>, correspondientes a cada docente.<\/p>\n<\/li>\n<\/ul>\n<\/div>\n","protected":false},"excerpt":{"rendered":"<p>Bienvenido a la p\u00e1gina oficial de la\u00a0Asignatura Mec\u00e1nica de los Suelos Avisos Estimados alumnos: Hasta las 18:00 h del lunes 2 de marzo se recibir\u00e1n trabajos pr\u00e1cticos e informes de ensayos de laboratorio que a\u00fan no hayan entregado o que se les hubieran devuelto para ser corregidos. Como Uds. saben, el 6 de marzo expira [&hellip;]<\/p>\n","protected":false},"author":1,"featured_media":0,"parent":0,"menu_order":0,"comment_status":"closed","ping_status":"closed","template":"","meta":[],"_links":{"self":[{"href":"https:\/\/catedras.facet.unt.edu.ar\/ms\/wp-json\/wp\/v2\/pages\/37"}],"collection":[{"href":"https:\/\/catedras.facet.unt.edu.ar\/ms\/wp-json\/wp\/v2\/pages"}],"about":[{"href":"https:\/\/catedras.facet.unt.edu.ar\/ms\/wp-json\/wp\/v2\/types\/page"}],"author":[{"embeddable":true,"href":"https:\/\/catedras.facet.unt.edu.ar\/ms\/wp-json\/wp\/v2\/users\/1"}],"replies":[{"embeddable":true,"href":"https:\/\/catedras.facet.unt.edu.ar\/ms\/wp-json\/wp\/v2\/comments?post=37"}],"version-history":[{"count":189,"href":"https:\/\/catedras.facet.unt.edu.ar\/ms\/wp-json\/wp\/v2\/pages\/37\/revisions"}],"predecessor-version":[{"id":1404,"href":"https:\/\/catedras.facet.unt.edu.ar\/ms\/wp-json\/wp\/v2\/pages\/37\/revisions\/1404"}],"wp:attachment":[{"href":"https:\/\/catedras.facet.unt.edu.ar\/ms\/wp-json\/wp\/v2\/media?parent=37"}],"curies":[{"name":"wp","href":"https:\/\/api.w.org\/{rel}","templated":true}]}}