{"id":182,"date":"2014-09-18T22:53:42","date_gmt":"2014-09-19T01:53:42","guid":{"rendered":"https:\/\/catedras.facet.unt.edu.ar\/ms\/?page_id=182"},"modified":"2025-08-27T09:39:10","modified_gmt":"2025-08-27T12:39:10","slug":"horarios","status":"publish","type":"page","link":"https:\/\/catedras.facet.unt.edu.ar\/ms\/horarios\/","title":{"rendered":"Horarios"},"content":{"rendered":"<p><span style=\"text-decoration: underline;color: #000000\">Clases de Teor\u00edas y Pr\u00e1cticas<\/span><\/p>\n<ul>\n<li><span style=\"color: #000000\">Lunes de 16:00 a 18:00 h<\/span><\/li>\n<li><span style=\"color: #000000\">Mi\u00e9rcoles de 8:00 a 12:00 h<\/span><\/li>\n<\/ul>\n<p><span style=\"text-decoration: underline;color: #000000\">Clases de Consulta (Lab. de Suelos, Of. N2-0-10)<\/span><\/p>\n<ul>\n<li><span style=\"color: #000000\">Lunes (14:00 h a 16:00 h): Mg. Ing. Pablo Karamaneff.<\/span><\/li>\n<li><span style=\"color: #000000\">Martes (10:00 h a 12:00 h): Dr. Ing. Abel Jacinto.<\/span><\/li>\n<li><span style=\"color: #000000\">Jueves (17:00 h a 19:00 h): Dr. Ing. Exequiel Santucho.<\/span><\/li>\n<li><span style=\"color: #000000\">Lunes (10:00 h a 12:00 h): Ing. Nicol\u00e1s Capua.<\/span><\/li>\n<\/ul>\n<p>&nbsp;<\/p>\n<p><span style=\"color: #ffffff\">Los alumnos interesados deber\u00e1n <em>comunicar<\/em> con debida antelaci\u00f3n al docente a cargo, mediante correo electr\u00f3nico, que har\u00e1n uso de la clase de consulta.<\/span><\/p>\n","protected":false},"excerpt":{"rendered":"<p>Clases de Teor\u00edas y Pr\u00e1cticas Lunes de 16:00 a 18:00 h Mi\u00e9rcoles de 8:00 a 12:00 h Clases de Consulta (Lab. de Suelos, Of. N2-0-10) Lunes (14:00 h a 16:00 h): Mg. Ing. Pablo Karamaneff. Martes (10:00 h a 12:00 h): Dr. Ing. Abel Jacinto. Jueves (17:00 h a 19:00 h): Dr. Ing. Exequiel Santucho. [&hellip;]<\/p>\n","protected":false},"author":94,"featured_media":0,"parent":0,"menu_order":3,"comment_status":"closed","ping_status":"closed","template":"","meta":[],"_links":{"self":[{"href":"https:\/\/catedras.facet.unt.edu.ar\/ms\/wp-json\/wp\/v2\/pages\/182"}],"collection":[{"href":"https:\/\/catedras.facet.unt.edu.ar\/ms\/wp-json\/wp\/v2\/pages"}],"about":[{"href":"https:\/\/catedras.facet.unt.edu.ar\/ms\/wp-json\/wp\/v2\/types\/page"}],"author":[{"embeddable":true,"href":"https:\/\/catedras.facet.unt.edu.ar\/ms\/wp-json\/wp\/v2\/users\/94"}],"replies":[{"embeddable":true,"href":"https:\/\/catedras.facet.unt.edu.ar\/ms\/wp-json\/wp\/v2\/comments?post=182"}],"version-history":[{"count":35,"href":"https:\/\/catedras.facet.unt.edu.ar\/ms\/wp-json\/wp\/v2\/pages\/182\/revisions"}],"predecessor-version":[{"id":1340,"href":"https:\/\/catedras.facet.unt.edu.ar\/ms\/wp-json\/wp\/v2\/pages\/182\/revisions\/1340"}],"wp:attachment":[{"href":"https:\/\/catedras.facet.unt.edu.ar\/ms\/wp-json\/wp\/v2\/media?parent=182"}],"curies":[{"name":"wp","href":"https:\/\/api.w.org\/{rel}","templated":true}]}}