{"id":37,"date":"2014-08-12T11:49:09","date_gmt":"2014-08-12T14:49:09","guid":{"rendered":"https:\/\/catedras.facet.unt.edu.ar\/mectec\/home\/"},"modified":"2026-03-11T08:05:30","modified_gmt":"2026-03-11T11:05:30","slug":"home","status":"publish","type":"page","link":"https:\/\/catedras.facet.unt.edu.ar\/mectec\/","title":{"rendered":"Inicio"},"content":{"rendered":"<div id=\"pl-37\"  class=\"panel-layout\" ><div id=\"pg-37-0\"  class=\"panel-grid panel-no-style\" ><div id=\"pgc-37-0-0\"  class=\"panel-grid-cell panel-grid-cell-mobile-last\" ><div id=\"panel-37-0-0-0\" class=\"so-panel widget widget_text panel-first-child panel-last-child\" data-index=\"0\" ><div class=\"panel-widget-style panel-widget-style-for-37-0-0-0\" ><h3 class=\"widget-title\">BIENVENIDOS:<\/h3>\t\t\t<div class=\"textwidget\"><ul>\n<li><strong>INICIO DE CLASES: JUEVES 19\/03 de 10:00 a 12:00 &#8211; B2<\/strong><\/li>\n<\/ul>\n<p><b>Este sitio web pertenece a las asignaturas:<br \/>\nMEC\u00c1NICA T\u00c9CNICA (carrera de Ingenier\u00eda Civil)<br \/>\nMEC\u00c1NICA T\u00c9CNICA I (carrera de Ingenier\u00eda Mec\u00e1nica)<\/b><br \/>\nDepartamento de Construcciones y Obras Civiles (FACET-UNT)<\/p>\n<p><strong>Para cursar DEBEN registrarse! <a href=\"https:\/\/forms.gle\/nGoPnnnFoGdZBRw7A\">AQU\u00cd!<\/a>:<\/strong><br \/>\n<u>Ex\u00e1menes y consultas:<\/u><br \/>\n\u2666 Examen Final ,<strong><a href=\"https:\/\/catedras.facet.unt.edu.ar\/mectec\/horarios\/mesa-examen-final-libres\/\"> AQU\u00cd!<\/a><\/strong><br \/>\n\u2666 Consultas con ayudantes, <a href=\"https:\/\/catedras.facet.unt.edu.ar\/mectec\/horarios\/cronograma\/\" target=\"_blank\" rel=\"noopener noreferrer\"><strong>AQU\u00cd!<\/strong><\/a><br \/>\n\u2666 E-mail : <strong><span class=\"qu\" role=\"gridcell\"><span class=\"go\">mecanicatecnica_facet@herrera.unt.edu.ar<\/span><\/span><\/strong><\/p>\n<\/div>\n\t\t<\/div><\/div><\/div><div id=\"pgc-37-0-1\"  class=\"panel-grid-cell panel-grid-cell-empty\" ><\/div><\/div><\/div>","protected":false},"excerpt":{"rendered":"<p>INICIO DE CLASES: JUEVES 19\/03 de 10:00 a 12:00 &#8211; B2 Este sitio web pertenece a las asignaturas: MEC\u00c1NICA T\u00c9CNICA (carrera de Ingenier\u00eda Civil) MEC\u00c1NICA T\u00c9CNICA I (carrera de Ingenier\u00eda Mec\u00e1nica) Departamento de Construcciones y Obras Civiles (FACET-UNT) Para cursar DEBEN registrarse! AQU\u00cd!: Ex\u00e1menes y consultas: \u2666 Examen Final , AQU\u00cd! \u2666 Consultas con ayudantes, [&hellip;]<\/p>\n","protected":false},"author":1,"featured_media":0,"parent":0,"menu_order":0,"comment_status":"closed","ping_status":"closed","template":"home-panels.php","meta":[],"_links":{"self":[{"href":"https:\/\/catedras.facet.unt.edu.ar\/mectec\/wp-json\/wp\/v2\/pages\/37"}],"collection":[{"href":"https:\/\/catedras.facet.unt.edu.ar\/mectec\/wp-json\/wp\/v2\/pages"}],"about":[{"href":"https:\/\/catedras.facet.unt.edu.ar\/mectec\/wp-json\/wp\/v2\/types\/page"}],"author":[{"embeddable":true,"href":"https:\/\/catedras.facet.unt.edu.ar\/mectec\/wp-json\/wp\/v2\/users\/1"}],"replies":[{"embeddable":true,"href":"https:\/\/catedras.facet.unt.edu.ar\/mectec\/wp-json\/wp\/v2\/comments?post=37"}],"version-history":[{"count":87,"href":"https:\/\/catedras.facet.unt.edu.ar\/mectec\/wp-json\/wp\/v2\/pages\/37\/revisions"}],"predecessor-version":[{"id":2480,"href":"https:\/\/catedras.facet.unt.edu.ar\/mectec\/wp-json\/wp\/v2\/pages\/37\/revisions\/2480"}],"wp:attachment":[{"href":"https:\/\/catedras.facet.unt.edu.ar\/mectec\/wp-json\/wp\/v2\/media?parent=37"}],"curies":[{"name":"wp","href":"https:\/\/api.w.org\/{rel}","templated":true}]}}