{"id":1281,"date":"2020-03-16T12:14:46","date_gmt":"2020-03-16T15:14:46","guid":{"rendered":"https:\/\/catedras.facet.unt.edu.ar\/mectec\/?page_id=1281"},"modified":"2026-02-09T06:47:59","modified_gmt":"2026-02-09T09:47:59","slug":"pagina-de-apoyo-de-mecanica-tecnica-2020","status":"publish","type":"page","link":"https:\/\/catedras.facet.unt.edu.ar\/mectec\/apuntes\/pagina-de-apoyo-de-mecanica-tecnica-2020\/","title":{"rendered":"INSCRIPCI\u00d3N Mec\u00e1nica T\u00e9cnica 2026"},"content":{"rendered":"<h3><strong><u>Registro de alumnos ciclo lectivo 2026<\/u><\/strong><\/h3>\n<p>Los alumnos que van a Cursar la materia en el a\u00f1o 2026 <strong>deben inscribirse en el SIU GUARANI<\/strong>, adem\u00e1s registrarse llenando el siguiente formulario.<\/p>\n<p>Importante: el formulario debe enviarse s\u00f3lo UNA VEZ.<\/p>\n<ul>\n<li>Para llenar el formulario deben tener cuenta Google.<\/li>\n<li><strong>Registrarse en formulario click <a href=\"https:\/\/forms.gle\/nGoPnnnFoGdZBRw7A\">AQU\u00cd!<\/a>\u00a0<\/strong><\/li>\n<li><strong>Ver condiciones para cursar a\u00f1o 2026<\/strong>,\u00a0 click <strong><a href=\"https:\/\/catedras.facet.unt.edu.ar\/mectec\/condiciones\/\">AQU\u00cd!<\/a><\/strong><\/li>\n<\/ul>\n<h3><em>IMPORTANTE:<\/em> El registro en el formulario Google NO reemplaza el SIU GUARAN\u00cd u otro tr\u00e1mite con secci\u00f3n alumnos.<\/h3>\n<hr \/>\n<p>&nbsp;<\/p>\n","protected":false},"excerpt":{"rendered":"<p>Registro de alumnos ciclo lectivo 2026 Los alumnos que van a Cursar la materia en el a\u00f1o 2026 deben inscribirse en el SIU GUARANI, adem\u00e1s registrarse llenando el siguiente formulario. Importante: el formulario debe enviarse s\u00f3lo UNA VEZ. Para llenar el formulario deben tener cuenta Google. Registrarse en formulario click AQU\u00cd!\u00a0 Ver condiciones para cursar [&hellip;]<\/p>\n","protected":false},"author":101196,"featured_media":0,"parent":113,"menu_order":0,"comment_status":"closed","ping_status":"closed","template":"templates\/template-full.php","meta":[],"_links":{"self":[{"href":"https:\/\/catedras.facet.unt.edu.ar\/mectec\/wp-json\/wp\/v2\/pages\/1281"}],"collection":[{"href":"https:\/\/catedras.facet.unt.edu.ar\/mectec\/wp-json\/wp\/v2\/pages"}],"about":[{"href":"https:\/\/catedras.facet.unt.edu.ar\/mectec\/wp-json\/wp\/v2\/types\/page"}],"author":[{"embeddable":true,"href":"https:\/\/catedras.facet.unt.edu.ar\/mectec\/wp-json\/wp\/v2\/users\/101196"}],"replies":[{"embeddable":true,"href":"https:\/\/catedras.facet.unt.edu.ar\/mectec\/wp-json\/wp\/v2\/comments?post=1281"}],"version-history":[{"count":77,"href":"https:\/\/catedras.facet.unt.edu.ar\/mectec\/wp-json\/wp\/v2\/pages\/1281\/revisions"}],"predecessor-version":[{"id":2460,"href":"https:\/\/catedras.facet.unt.edu.ar\/mectec\/wp-json\/wp\/v2\/pages\/1281\/revisions\/2460"}],"up":[{"embeddable":true,"href":"https:\/\/catedras.facet.unt.edu.ar\/mectec\/wp-json\/wp\/v2\/pages\/113"}],"wp:attachment":[{"href":"https:\/\/catedras.facet.unt.edu.ar\/mectec\/wp-json\/wp\/v2\/media?parent=1281"}],"curies":[{"name":"wp","href":"https:\/\/api.w.org\/{rel}","templated":true}]}}