{"id":102,"date":"2017-03-12T13:52:09","date_gmt":"2017-03-12T16:52:09","guid":{"rendered":"https:\/\/catedras.facet.unt.edu.ar\/mectec\/?page_id=102"},"modified":"2026-02-09T07:39:24","modified_gmt":"2026-02-09T10:39:24","slug":"cronograma","status":"publish","type":"page","link":"https:\/\/catedras.facet.unt.edu.ar\/mectec\/horarios\/cronograma\/","title":{"rendered":"Cronograma"},"content":{"rendered":"<h2 style=\"text-align: center;padding-left: 40px\"><strong><u>Ciclo lectivo 2026<\/u><\/strong><\/h2>\n<h3><span style=\"color: #000000\"><strong><u>Inicio de clases<\/u>:\u00a0 \u00a0<\/strong><\/span><\/h3>\n<h3><strong>Dictado de clases te\u00f3ricas, pr\u00e1cticas y parciales<\/strong><\/h3>\n<ul>\n<li>Para registrarse en el cursado 2026 click <a href=\"https:\/\/forms.gle\/nGoPnnnFoGdZBRw7A\"><strong>AQU\u00cd!<\/strong><\/a><\/li>\n<li>Condiciones para cursar a\u00f1o 2026, click <strong><a href=\"https:\/\/catedras.facet.unt.edu.ar\/mectec\/condiciones\/\">AQU\u00cd!<\/a><\/strong><\/li>\n<\/ul>\n<p><strong><u>Clases:<\/u><\/strong><\/p>\n<ul>\n<li><strong>Jueves de 10:00 a 12:00 hs. (anfiteatro B2)<\/strong><\/li>\n<li><strong>Viernes de 15:00 a 18:00 hs. (anfiteatro B2)<\/strong>\n<ul>\n<li style=\"list-style-type: none\"><\/li>\n<\/ul>\n<\/li>\n<li><strong><u>Consultas con ayudantes<\/u>:\u00a0<\/strong> acordar con sus respectivos ayudantes por mail o concurrir al box en los d\u00edas y horarios indicados abajo.<\/li>\n<\/ul>\n<p><strong><span style=\"text-decoration: underline\">Evaluativos<\/span>:<\/strong><\/p>\n<p>Trigometr\u00eda:<\/p>\n<p>EV 1:<\/p>\n<p>EV 2:<\/p>\n<p>EV 3:<\/p>\n<p>Ev 4:<\/p>\n<p>Ev 5:<\/p>\n<p>EV 6:<\/p>\n<p>EV 7:<\/p>\n<p>EV 8:<\/p>\n<p>Ev 9:<\/p>\n<p>Ev 10:<\/p>\n<h4><u><strong>Parciales y recuperaciones<\/strong><\/u><strong>:<\/strong><\/h4>\n<p>Primer parcial:<\/p>\n<p>Segundo parcial:<\/p>\n<p>Recuperaciones:<\/p>\n<p><strong>CONSULTAS: mandar un mail<\/strong><\/p>\n<p>COMISI\u00d3N 1: Srta. Paulina Salanitri Navarro (pausalanitri10@gmail.com)<\/p>\n<div>\n<p>COMISI\u00d3N 2: Sr. Ulises Gonz\u00e1lez (ulises_santy@live.com.ar)<\/p>\n<p>COMISI\u00d3N 3: Sr. Emanuel Romero (romeroemanuel2308@gmail.com)<\/p>\n<p>COMISI\u00d3N 4: Sr. Jos\u00e9 Mart\u00ednez (alejandro2796martinez@gmail.com)<\/p>\n<p>EX\u00c1MENES :<\/p>\n<\/div>\n<ul>\n<li><strong>Examen final<\/strong> click <strong><a href=\"https:\/\/catedras.facet.unt.edu.ar\/mectec\/horarios\/mesa-examen-final-libres\/\">AQU\u00cd!<\/a>\u00a0<\/strong><\/li>\n<\/ul>\n","protected":false},"excerpt":{"rendered":"<p>Ciclo lectivo 2026 Inicio de clases:\u00a0 \u00a0 Dictado de clases te\u00f3ricas, pr\u00e1cticas y parciales Para registrarse en el cursado 2026 click AQU\u00cd! Condiciones para cursar a\u00f1o 2026, click AQU\u00cd! Clases: Jueves de 10:00 a 12:00 hs. (anfiteatro B2) Viernes de 15:00 a 18:00 hs. (anfiteatro B2) Consultas con ayudantes:\u00a0 acordar con sus respectivos ayudantes por [&hellip;]<\/p>\n","protected":false},"author":101196,"featured_media":0,"parent":83,"menu_order":0,"comment_status":"closed","ping_status":"closed","template":"templates\/template-full.php","meta":[],"_links":{"self":[{"href":"https:\/\/catedras.facet.unt.edu.ar\/mectec\/wp-json\/wp\/v2\/pages\/102"}],"collection":[{"href":"https:\/\/catedras.facet.unt.edu.ar\/mectec\/wp-json\/wp\/v2\/pages"}],"about":[{"href":"https:\/\/catedras.facet.unt.edu.ar\/mectec\/wp-json\/wp\/v2\/types\/page"}],"author":[{"embeddable":true,"href":"https:\/\/catedras.facet.unt.edu.ar\/mectec\/wp-json\/wp\/v2\/users\/101196"}],"replies":[{"embeddable":true,"href":"https:\/\/catedras.facet.unt.edu.ar\/mectec\/wp-json\/wp\/v2\/comments?post=102"}],"version-history":[{"count":144,"href":"https:\/\/catedras.facet.unt.edu.ar\/mectec\/wp-json\/wp\/v2\/pages\/102\/revisions"}],"predecessor-version":[{"id":2470,"href":"https:\/\/catedras.facet.unt.edu.ar\/mectec\/wp-json\/wp\/v2\/pages\/102\/revisions\/2470"}],"up":[{"embeddable":true,"href":"https:\/\/catedras.facet.unt.edu.ar\/mectec\/wp-json\/wp\/v2\/pages\/83"}],"wp:attachment":[{"href":"https:\/\/catedras.facet.unt.edu.ar\/mectec\/wp-json\/wp\/v2\/media?parent=102"}],"curies":[{"name":"wp","href":"https:\/\/api.w.org\/{rel}","templated":true}]}}