{"id":93,"date":"2015-03-12T20:12:30","date_gmt":"2015-03-12T23:12:30","guid":{"rendered":"https:\/\/catedras.facet.unt.edu.ar\/me\/?page_id=93"},"modified":"2018-03-13T11:21:19","modified_gmt":"2018-03-13T14:21:19","slug":"laboratorio","status":"publish","type":"page","link":"https:\/\/catedras.facet.unt.edu.ar\/me\/alumnos\/laboratorio\/","title":{"rendered":"Laboratorio"},"content":{"rendered":"<p><strong>LISTADO DE\u00a0TEMAS<\/strong><\/p>\n<ol>\n<li>\n<h2><strong>Medidor de Temperatura con Diodo:\u00a0<\/strong><\/h2>\n<p>De la ecuaci\u00f3n del diodo, puede verse claramente la dependencia de la tensi\u00f3n con la temperatura,\u00a0 esta dependencia est\u00e1 impl\u00edcita, pues la corriente de saturaci\u00f3n inversa depende de la temperatura, ya que las constantes de difusi\u00f3n Dp y Dn dependen de la misma, as\u00ed como las longitudes de difusi\u00f3n Lp y Ln, por lo tanto, queda claro que la corriente de saturaci\u00f3n inversa depende de la temperatura.<br \/>\nEn resumen, la corriente Io se duplica aproximadamente por cada 10 \u00b0C de aumento de temperatura, experimentalmente se encontr\u00f3 que en un diodo de silicio manteniendo constante la corriente que circula a trav\u00e9s de \u00e9l, la ca\u00edda de tensi\u00f3n en el diodo disminuye a raz\u00f3n de:\u00a0\u2212?,? [??\/?]<\/li>\n<li>\n<h2><strong>Rectificador Monofasico y Trifasico y medici\u00f3n de corriente con celdas Hall:\u00a0<\/strong><\/h2>\n<p>Un rectificador trif\u00e1sico es un dispositivo capaz de convertir una corriente alterna de entrada en una\u00a0 corriente continua de salida, mediante dispositivos semiconductores capaces de manejar grandes potencias como en nuestro caso diodos, aunque tambi\u00e9n se pueden emplear otros dispositivos semiconductores como tiristores, v\u00e1lvulas de mercurio (muy antiguos), entre otros. El rectificador trif\u00e1sico cumple con la misma funci\u00f3n que un rectificador monof\u00e1sico, con la diferencia que estos rectificadores son alimentados por fuentes trif\u00e1sicas, por lo que son m\u00e1s eficientes y pueden manejar grandes potencias, ya que en su salida presentan menor rizado de se\u00f1al.<\/li>\n<li>\n<h2><strong><strong>Medidor de Temperatura con Termistor NTC:\u00a0<\/strong><\/strong><\/h2>\n<p>El t\u00e9rmino termistor es una castellanizaci\u00f3n del ingl\u00e9s thermistor, formado a partir de los vocablos \u201cthermally sensitive resistor\u201d. Son resistores variables con la temperatura, pero no est\u00e1n basados en conductores como las RTD, sino en semiconductores. Si su coeficiente de temperatura es negativo se denominan NTC (Negative Temperature Coefficient), mientras si es positivo se denominan PTC (Positive Temperature Coefficient). La principal caracter\u00edstica de este tipo de resistencias es que tienen una sensibilidad del orden de diez veces mayor que las met\u00e1licas y aumenta su resistencia al disminuir la temperatura.Su fundamento est\u00e1 en la dependencia de la resistencia de los semiconductores con la temperatura, debida a la variaci\u00f3n con esta del n\u00famero de portadores reduciendose la resistencia, y de ah\u00ed que presenten coeficiente de temperatura negativo. Esta dependencia varia con la presencia de impurezas, y si el dopado es muy intenso, el semiconductor adquiere propiedades met\u00e1licas con coeficiente de temperatua positivo (PTC) en un margen de temperaturas limitado. Para las NTC, en un margen de temperaturas reducido (50 \u00baC), la dependencia se puede considerar de tipo exponencial de la forma.<\/li>\n<li>\n<h2><strong><strong>M\u00fasica a trav\u00e9s del Arco El\u00e9ctrico:\u00a0<\/strong><\/strong><\/h2>\n<p>Conseguir elaborar un circuito para crear un altavoz de plasma, es decir, un arco el\u00e9ctrico que reproduce m\u00fasica. Se utiliza la configuraci\u00f3n del 555 como monoastable, para generar un tren de pulsos que activa y desactiva el transistor de potencia abriendo y cerrando el paso de la corriente. Haciendo esto conseguimos algo parecido a la corriente alterna y esto hace que la bobina del flyback eleve el voltaje a raz\u00f3n de miles de voltios. Una vez que hay un voltaje elevado el aire se ioniza y se convierte en conductor de electricidad y se forma un arco el\u00e9ctrico, reproduciendo el sonido conectado al 555<\/li>\n<li>\n<h2><strong>Sistema de Refrigeraci\u00f3n: Aplicaci\u00f3n de Efecto Peltier:<\/strong><\/h2>\n<p>De manera tal de introducirnos en lo que respecta al efecto Peltier, es necesario remontarnos a conocimientos previos tales como el efecto termoel\u00e9ctrico de Joule, Seebeck y Thomson. La interacci\u00f3n existente entre el fen\u00f3meno el\u00e9ctrico y el t\u00e9rmico se conoce desde el siglo XIX, cuando Joule observ\u00f3 que <strong>la materia ofrece cierta resistencia al movimiento de los electrones, los cuales ceden energ\u00eda cin\u00e9tica al entorno en los sucesivos choques (efecto Joule).<\/strong> <strong>Esta energ\u00eda<\/strong> proporcionada por los electrones <strong>se disipa en forma de calor<\/strong>. Sin embargo, no es \u00e9ste el \u00fanico fen\u00f3meno de interacci\u00f3n termoel\u00e9ctrica.El efecto Peltier fue descubierto en el a\u00f1o 1834 por el f\u00edsico franc\u00e9s Jean Peltier. Surgi\u00f3 sobre la base del descubrimiento del f\u00edsico alem\u00e1n <strong>Seebeck<\/strong> T. J. en 1821, quien <strong>observ\u00f3 que en un circuito formado por dos conductores distintos, cuyas uniones soldadas se encuentran en medios con temperaturas distintas, aparece entre ambos una diferencia de potencial<\/strong>. Esta diferencia de potencial es funci\u00f3n de la naturaleza de los conductores y de la diferencia de temperaturas. Este dispositivo se conoce como termopar o termocupla. La esencia del <strong>efecto Peltier<\/strong>, que b\u00e1sicamente es el contrario del efecto Seebeck, <strong>consiste en hacer pasar una corriente procedente de una fuente de energ\u00eda, a trav\u00e9s de un circuito formado por dos conductores de distinta naturaleza, obteni\u00e9ndose que una de sus uniones absorbe calor y la otra lo cede<\/strong>. <strong>La cantidad de calor que se transmite depender\u00e1 de la corriente generada.\u00a0<\/strong>El efecto Thomson, descubierto en 1857 por Thomson W., consiste en la absorci\u00f3n o liberaci\u00f3n de calor por parte de un conductor el\u00e9ctrico, con un gradiente de temperaturas, por el cual circula una corriente el\u00e9ctrica.Cabe destacar que los efectos Peltier-Seebeck y Thomson pueden en principio ser\u00a0termodin\u00e1micamente reversibles, mientras que el calentamiento Joule no lo es.Estos tres fen\u00f3menos constituyen juntos el efecto termoel\u00e9ctrico, que en esencia es la conversi\u00f3n directa de la diferencia de temperatura a\u00a0voltaje\u00a0el\u00e9ctrico y viceversa. Este efecto puede ser usado para generar electricidad, medir temperatura, enfriar y calentar objetos, entre otras cosas.Si bien el efecto Peltier se conoce hace bastante tiempo, sus aplicaciones pr\u00e1cticas se vieron limitadas por la tecnolog\u00eda del momento y tuvieron que esperar al desarrollo de la f\u00edsica de los semiconductores.Continuaremos entonces profundizando acerca del principio de funcionamiento de la celda Peltier, dispositivo que pone en pr\u00e1ctica los fen\u00f3menos f\u00edsicos y el\u00e9ctricos mencionados.<\/li>\n<li>\n<h2>Detector de Color y Medidor de Cuenta Gotas:<\/h2>\n<p>Detectar las gotas que caen de un gotero, determinar su color (Azul o Rojo) y contarlas,\u00a0 para luego mostrar en una pantalla la cantidad de gotas de cada color. Para su implementaci\u00f3n se uso\u00a0los diodos led emisores infrarrojos y los fototransistores, cada uno de estos componentes tuvo una funci\u00f3n en el circuito.<\/li>\n<li>\n<h2>Bobina de Tesla:<\/h2>\n<p>Una\u00a0Bobina de tesla\u00a0es un Transformador resonante de alta tensi\u00f3n, llamado as\u00ed en honor a su inventor, Nicol\u00e1s Tesla quien la patent\u00f3 en 1891.\u00a0Para entender el funcionamiento de una Bobina de Tesla, es necesario tener conocimientos de las leyes del electromagnetismo, a partir de las cuales se ha implementado el dise\u00f1o y construcci\u00f3n de la misma, la cual es capaz de generar una descarga de corto alcance, que no es letal para quien la manipule, adem\u00e1s el campo electromagn\u00e9tico permite realizar transferencias inal\u00e1mbricas de energ\u00eda, generando ionizaci\u00f3n y ozono del aire.\u00a0En este caso, se la construy\u00f3 para poder observar y estudiar los efectos de las ondas electromagn\u00e9ticas y los arcos el\u00e9ctricos producidos por la bobina, la cual a fines acad\u00e9micos es de baja potencia para poder demostrar visualmente que el aire se ioniza cuando el capacitor alcanza altos voltajes, generando un arco el\u00e9ctrico que descarga toda la energ\u00eda del capacitor a trav\u00e9s de la bobina primaria gracias al explosor o spark gap , para inducir en la bobina secundaria alto voltaje a altas frecuencias , para poder as\u00ed emitir ondas electromagn\u00e9ticas (energ\u00eda inal\u00e1mbrica).\u00a0La idea principal al desarrollar el proyecto \u201cBobina de Tesla\u201d es entender su funcionamiento, con el circuito oscilador de alta frecuencia \u00a0que inyecta una onda pulsante a la entrada del transformador (Flyback), pasando por la transmisi\u00f3n de energ\u00eda al romper la barrera del aire o la resistencia del diel\u00e9ctrico del aire\u00a0 a trav\u00e9s del explosor, hasta la liberaci\u00f3n de dicha energ\u00eda en forma de un arco el\u00e9ctrico \u00a0a la salida de la bobina secundaria.<\/li>\n<li>\n<h2>Generaci\u00f3n de Energ\u00eda Fotovolta\u00edca \u00abPaneles Solares\u00bb:<\/h2>\n<p>Las celdas fotovoltaicas, son sistemas que convierten directamente parte de la energ\u00eda de radiaci\u00f3n en forma de luz (parte del espectro electromagn\u00e9tico) en electricidad. Algunos materiales presentan una propiedad conocida como efecto fotoel\u00e9ctrico en su forma m\u00e1s simple, estos materiales se compone de un \u00e1nodo y un c\u00e1todo recubierto de un material fotosensible. La luz que incide sobre el c\u00e1todo libera electrones que son atra\u00eddos hacia el \u00e1nodo, de carga positiva, originando un flujo de corriente proporcional a la intensidad de la radiaci\u00f3n, que hace que absorban fotones de luz y emitan electrones. Cuando estos electrones libres son capturados, el resultado es una corriente el\u00e9ctrica que puede ser utilizada como electricidad. Las celdas fotovoltaicas se fabrican principalmente de silicio (el segundo elemento m\u00e1s abundante en la corteza terrestre). Actualmente, existen celdas fotovoltaicas, por ejemplo, en nuestras calculadoras solares as\u00ed como en los cohetes espaciales.<\/li>\n<li>\n<h2>Estetoscopio Electr\u00f3nico:<\/h2>\n<p>El estetoscopio electr\u00f3nico tiene el fin de escuchar los latidos del coraz\u00f3n a trav\u00e9s de un circuito el\u00e9ctrico, que filtra y amplifica la frecuencia cardiaca para presentar un sonido de mayor intensidad\u00a0 que el de un estetoscopio com\u00fan.\u00a0El sonido ingresa al dispositivo mediante un componente llamado Piezo, el cual funciona por el efecto \u201cpiezo el\u00e9ctrico\u201d, convirtiendo las vibraciones que percibe en se\u00f1ales el\u00e9ctricas.<\/li>\n<li>\n<h2>Medidor de Nivel de L\u00edquido:<\/h2>\n<p>El proyecto a realizar est\u00e1 dise\u00f1ado para medir tres niveles de l\u00edquido, encendiendo un LED cada vez que se llegue a un nuevo nivel.\u00a0En este proyecto se usar\u00e1n Transistores (BC 337) que se saturar\u00e1n una vez que el agua permita el contacto entre dos cables, produciendo la conducci\u00f3n de corriente el\u00e9ctrica.\u00a0Tambi\u00e9n se hizo uso de diodos LED para que sirvan como aviso del nivel del l\u00edquido.\u00a0Para evitar que se produzca electr\u00f3lisis por el l\u00edquido, se implement\u00f3 corriente alterna para saturar los transistores y luego un capacitor para rectificar la se\u00f1al, as\u00ed, por el l\u00edquido circula corriente alterna, pero el circuito trabaja con corriente continua.<\/li>\n<\/ol>\n<p>&nbsp;<\/p>\n<p>&nbsp;<\/p>\n","protected":false},"excerpt":{"rendered":"<p>LISTADO DE\u00a0TEMAS Medidor de Temperatura con Diodo:\u00a0 De la ecuaci\u00f3n del diodo, puede verse claramente la dependencia de la tensi\u00f3n con la temperatura,\u00a0 esta dependencia est\u00e1 impl\u00edcita, pues la corriente de saturaci\u00f3n inversa depende de la temperatura, ya que las constantes de difusi\u00f3n Dp y Dn dependen de la misma, as\u00ed como las longitudes de [&hellip;]<\/p>\n","protected":false},"author":163,"featured_media":0,"parent":57,"menu_order":3,"comment_status":"closed","ping_status":"closed","template":"","meta":[],"_links":{"self":[{"href":"https:\/\/catedras.facet.unt.edu.ar\/me\/wp-json\/wp\/v2\/pages\/93"}],"collection":[{"href":"https:\/\/catedras.facet.unt.edu.ar\/me\/wp-json\/wp\/v2\/pages"}],"about":[{"href":"https:\/\/catedras.facet.unt.edu.ar\/me\/wp-json\/wp\/v2\/types\/page"}],"author":[{"embeddable":true,"href":"https:\/\/catedras.facet.unt.edu.ar\/me\/wp-json\/wp\/v2\/users\/163"}],"replies":[{"embeddable":true,"href":"https:\/\/catedras.facet.unt.edu.ar\/me\/wp-json\/wp\/v2\/comments?post=93"}],"version-history":[{"count":14,"href":"https:\/\/catedras.facet.unt.edu.ar\/me\/wp-json\/wp\/v2\/pages\/93\/revisions"}],"predecessor-version":[{"id":519,"href":"https:\/\/catedras.facet.unt.edu.ar\/me\/wp-json\/wp\/v2\/pages\/93\/revisions\/519"}],"up":[{"embeddable":true,"href":"https:\/\/catedras.facet.unt.edu.ar\/me\/wp-json\/wp\/v2\/pages\/57"}],"wp:attachment":[{"href":"https:\/\/catedras.facet.unt.edu.ar\/me\/wp-json\/wp\/v2\/media?parent=93"}],"curies":[{"name":"wp","href":"https:\/\/api.w.org\/{rel}","templated":true}]}}