{"id":88,"date":"2015-03-12T20:08:35","date_gmt":"2015-03-12T23:08:35","guid":{"rendered":"https:\/\/catedras.facet.unt.edu.ar\/me\/?page_id=88"},"modified":"2018-06-13T12:38:29","modified_gmt":"2018-06-13T15:38:29","slug":"trabajos-practicos","status":"publish","type":"page","link":"https:\/\/catedras.facet.unt.edu.ar\/me\/alumnos\/trabajos-practicos\/","title":{"rendered":"Trabajos Pr\u00e1cticos"},"content":{"rendered":"<p><a href=\"https:\/\/catedras.facet.unt.edu.ar\/me\/wp-content\/uploads\/sites\/62\/2018\/03\/Trabajo-Pr\u00e1ctico-N\u00ba-1-LED.pdf\">Trabajo-Pr\u00e1ctico N\u00ba 1 &#8211; LED<\/a><\/p>\n<p><a href=\"https:\/\/catedras.facet.unt.edu.ar\/me\/wp-content\/uploads\/sites\/62\/2018\/03\/Trabajo-Pr\u00e1ctico-N\u00ba-2-\u00c1tomo-Estado-S\u00f3lido.pdf\">Trabajo-Pr\u00e1ctico N\u00ba 2 &#8211; \u00c1tomo-Estado S\u00f3lido<\/a><\/p>\n<p><a href=\"https:\/\/catedras.facet.unt.edu.ar\/me\/wp-content\/uploads\/sites\/62\/2018\/04\/Trabajo-Pr\u00e1ctico-N\u00ba-3-Conducci\u00f3n-Gases-Uniones-Quimicas-Fermi-y-Conductores-Ley-de-ohm.pdf\">Trabajo-Pr\u00e1ctico N\u00ba 3 Conducci\u00f3n Gases, Uniones Quimicas, Fermi y Conductores Ley de ohm<\/a><\/p>\n<p><a href=\"https:\/\/catedras.facet.unt.edu.ar\/me\/wp-content\/uploads\/sites\/62\/2018\/04\/Trabajo-Pr\u00e1ctico-N\u00ba-4-Semiconductores.pdf\">Trabajo-Pr\u00e1ctico N\u00ba 4 Semiconductores<\/a><\/p>\n<p><a href=\"https:\/\/catedras.facet.unt.edu.ar\/me\/wp-content\/uploads\/sites\/62\/2018\/05\/Trabajo-Pr\u00e1ctico-N\u00ba-5-Difusi\u00f3n-LDR-NTC-HALL.pdf\">Trabajo-Pr\u00e1ctico N\u00ba 5 Difusi\u00f3n LDR NTC HALL<\/a><\/p>\n<p><a href=\"https:\/\/catedras.facet.unt.edu.ar\/me\/wp-content\/uploads\/sites\/62\/2018\/05\/Trabajo-Pr\u00e1ctico-N\u00ba-6-Juntura-PN-Directa-1.pdf\">Trabajo-Pr\u00e1ctico N\u00ba 6 Juntura PN Directa<\/a><\/p>\n<p><a href=\"https:\/\/catedras.facet.unt.edu.ar\/me\/wp-content\/uploads\/sites\/62\/2018\/06\/Trabajo-Pr\u00e1ctico-N\u00ba-8.pdf\">Trabajo-Pr\u00e1ctico N\u00ba 8<\/a><\/p>\n<p>&nbsp;<\/p>\n<p>&nbsp;<\/p>\n<p>&nbsp;<\/p>\n","protected":false},"excerpt":{"rendered":"<p>Trabajo-Pr\u00e1ctico N\u00ba 1 &#8211; LED Trabajo-Pr\u00e1ctico N\u00ba 2 &#8211; \u00c1tomo-Estado S\u00f3lido Trabajo-Pr\u00e1ctico N\u00ba 3 Conducci\u00f3n Gases, Uniones Quimicas, Fermi y Conductores Ley de ohm Trabajo-Pr\u00e1ctico N\u00ba 4 Semiconductores Trabajo-Pr\u00e1ctico N\u00ba 5 Difusi\u00f3n LDR NTC HALL Trabajo-Pr\u00e1ctico N\u00ba 6 Juntura PN Directa Trabajo-Pr\u00e1ctico N\u00ba 8 &nbsp; &nbsp; &nbsp;<\/p>\n","protected":false},"author":163,"featured_media":0,"parent":57,"menu_order":2,"comment_status":"closed","ping_status":"closed","template":"","meta":[],"_links":{"self":[{"href":"https:\/\/catedras.facet.unt.edu.ar\/me\/wp-json\/wp\/v2\/pages\/88"}],"collection":[{"href":"https:\/\/catedras.facet.unt.edu.ar\/me\/wp-json\/wp\/v2\/pages"}],"about":[{"href":"https:\/\/catedras.facet.unt.edu.ar\/me\/wp-json\/wp\/v2\/types\/page"}],"author":[{"embeddable":true,"href":"https:\/\/catedras.facet.unt.edu.ar\/me\/wp-json\/wp\/v2\/users\/163"}],"replies":[{"embeddable":true,"href":"https:\/\/catedras.facet.unt.edu.ar\/me\/wp-json\/wp\/v2\/comments?post=88"}],"version-history":[{"count":48,"href":"https:\/\/catedras.facet.unt.edu.ar\/me\/wp-json\/wp\/v2\/pages\/88\/revisions"}],"predecessor-version":[{"id":592,"href":"https:\/\/catedras.facet.unt.edu.ar\/me\/wp-json\/wp\/v2\/pages\/88\/revisions\/592"}],"up":[{"embeddable":true,"href":"https:\/\/catedras.facet.unt.edu.ar\/me\/wp-json\/wp\/v2\/pages\/57"}],"wp:attachment":[{"href":"https:\/\/catedras.facet.unt.edu.ar\/me\/wp-json\/wp\/v2\/media?parent=88"}],"curies":[{"name":"wp","href":"https:\/\/api.w.org\/{rel}","templated":true}]}}