{"id":55,"date":"2015-01-04T01:55:23","date_gmt":"2015-01-04T04:55:23","guid":{"rendered":"https:\/\/catedras.facet.unt.edu.ar\/me\/?page_id=55"},"modified":"2018-04-18T13:46:23","modified_gmt":"2018-04-18T16:46:23","slug":"apuntes","status":"publish","type":"page","link":"https:\/\/catedras.facet.unt.edu.ar\/me\/alumnos\/apuntes\/","title":{"rendered":"Apuntes"},"content":{"rendered":"<p><a href=\"https:\/\/catedras.facet.unt.edu.ar\/me\/wp-content\/uploads\/sites\/62\/2015\/01\/Clase-1-Repaso-F\u00edsica-Qu\u00edmica.pdf\" rel=\"\">Clase 1 Repaso F\u00edsica-Qu\u00edmica<\/a><\/p>\n<p><a href=\"https:\/\/catedras.facet.unt.edu.ar\/me\/wp-content\/uploads\/sites\/62\/2015\/01\/Clase-2-y-3-Modelo-Atomico-2.pdf\">Clase 2 y 3 Modelo Atomico<\/a><\/p>\n<p><a href=\"https:\/\/catedras.facet.unt.edu.ar\/me\/wp-content\/uploads\/sites\/62\/2015\/01\/Clase-4-Conducci\u00f3n-en-Gases1.pdf\">Clase 4 Conducci\u00f3n en Gases<\/a><\/p>\n<p><a href=\"https:\/\/catedras.facet.unt.edu.ar\/me\/wp-content\/uploads\/sites\/62\/2015\/01\/Clase-5-Uniones-Quimicas.pdf\" rel=\"\">Clase 5 Uniones Quimicas<\/a><\/p>\n<p><a href=\"https:\/\/catedras.facet.unt.edu.ar\/me\/wp-content\/uploads\/sites\/62\/2015\/01\/Clase-6-Teoria-de-Bandas-1.pdf\" rel=\"\">Clase 6 Teoria de Bandas<\/a><\/p>\n<p><a href=\"https:\/\/catedras.facet.unt.edu.ar\/me\/wp-content\/uploads\/sites\/62\/2015\/01\/Clase-7-Metales-Conductores-.pdf\" rel=\"\">Clase 7 Metales Conductores<\/a><\/p>\n<p><a href=\"https:\/\/catedras.facet.unt.edu.ar\/me\/wp-content\/uploads\/sites\/62\/2015\/01\/Clase-8-Semiconductores.pdf\">Clase 8 Semiconductores<\/a><\/p>\n<p><a href=\"https:\/\/catedras.facet.unt.edu.ar\/me\/wp-content\/uploads\/sites\/62\/2015\/01\/Clase-9-Semiconductores-4.pdf\">Clase 9 Semiconductores<\/a><\/p>\n<p><a href=\"https:\/\/catedras.facet.unt.edu.ar\/me\/wp-content\/uploads\/sites\/62\/2015\/01\/Clase-10-Juntura-PN-Vjo-.pdf\">Clase 10 Juntura PN Vjo<\/a><\/p>\n<p><a href=\"https:\/\/catedras.facet.unt.edu.ar\/me\/wp-content\/uploads\/sites\/62\/2015\/01\/Clase-11-Juntura-PN-Directa.pdf\">Clase 11 Juntura PN Directa<\/a><\/p>\n<p><a href=\"https:\/\/catedras.facet.unt.edu.ar\/me\/wp-content\/uploads\/sites\/62\/2015\/01\/Clase-12-Juntura-PN-Inversa.pdf\">Clase 12 Juntura PN Inversa<\/a><\/p>\n<p><a href=\"https:\/\/catedras.facet.unt.edu.ar\/me\/wp-content\/uploads\/sites\/62\/2015\/01\/Clase-12-1-Juntura-Corta-CD-P-N.pdf\">Clase 12-1 Juntura Corta CD P+N<\/a><\/p>\n<p><a href=\"https:\/\/catedras.facet.unt.edu.ar\/me\/wp-content\/uploads\/sites\/62\/2015\/01\/Clase-13-Juntura-Metal-Semiconductor.pdf\">Clase 13 Juntura Metal- Semiconductor<\/a><\/p>\n<p><a href=\"https:\/\/catedras.facet.unt.edu.ar\/me\/wp-content\/uploads\/sites\/62\/2015\/01\/Clase-14-Dispositivo-DIODO-.pdf\">Clase 14 Dispositivo DIODO<\/a><\/p>\n<p><a href=\"https:\/\/catedras.facet.unt.edu.ar\/me\/wp-content\/uploads\/sites\/62\/2015\/01\/Clase-15-FACTORES-TERMICOS.pdf\">Clase 15 FACTORES TERMICOS<\/a><\/p>\n<p><a href=\"https:\/\/catedras.facet.unt.edu.ar\/me\/wp-content\/uploads\/sites\/62\/2015\/01\/Clase-16-Materiales-Dielectricos.pdf\">Clase 16 Materiales Dielectricos<\/a><\/p>\n<p><a href=\"https:\/\/catedras.facet.unt.edu.ar\/me\/wp-content\/uploads\/sites\/62\/2015\/01\/Clase-17-Materiales-Magneticos.pdf\">Clase 17 Materiales Magneticos<\/a><\/p>\n<p><a href=\"https:\/\/catedras.facet.unt.edu.ar\/me\/wp-content\/uploads\/sites\/62\/2018\/04\/3190-LDR-datasheet.docx.pdf\">3190-LDR datasheet.docx<\/a><\/p>\n<p><a href=\"https:\/\/catedras.facet.unt.edu.ar\/me\/wp-content\/uploads\/sites\/62\/2018\/04\/celulas-fotoconductivas.pdf\">celulas fotoconductivas<\/a><\/p>\n<p><a href=\"https:\/\/catedras.facet.unt.edu.ar\/me\/wp-content\/uploads\/sites\/62\/2018\/04\/LDR.pdf\">LDR<\/a><\/p>\n<p><a href=\"https:\/\/catedras.facet.unt.edu.ar\/me\/wp-content\/uploads\/sites\/62\/2018\/04\/ldrteoriaHERBERT.pdf\">ldrteoriaHERBERT<\/a><\/p>\n<p><a href=\"https:\/\/catedras.facet.unt.edu.ar\/me\/wp-content\/uploads\/sites\/62\/2018\/04\/NTC-2046167.pdf\">NTC 2046167<\/a> <a href=\"https:\/\/catedras.facet.unt.edu.ar\/me\/wp-content\/uploads\/sites\/62\/2018\/04\/NTC-thermistors-for-temperature-measurement-Leaded-NTCs-lead-spacing-5-mm.pdf\">NTC thermistors for temperature measurement Leaded NTCs, lead spacing 5 mm<\/a> <a href=\"https:\/\/catedras.facet.unt.edu.ar\/me\/wp-content\/uploads\/sites\/62\/2018\/04\/Pt100sensoren_e.pdf\">Pt100sensoren_e<\/a><\/p>\n<p>&nbsp;<\/p>\n<p>&nbsp;<\/p>\n<p><strong>Gu\u00edas de Estudios<\/strong><\/p>\n<p><a href=\"https:\/\/catedras.facet.unt.edu.ar\/me\/wp-content\/uploads\/sites\/62\/2015\/01\/Guia-N\u00ba1-Repaso-general.pdf\">Guia N\u00ba1 Repaso general<\/a><\/p>\n<p><a href=\"https:\/\/catedras.facet.unt.edu.ar\/me\/wp-content\/uploads\/sites\/62\/2015\/01\/Guia-N\u00ba2-Modelos-at\u00f3micos.pdf\">Guia N\u00ba2 Modelos at\u00f3micos<\/a><\/p>\n<p><a href=\"https:\/\/catedras.facet.unt.edu.ar\/me\/wp-content\/uploads\/sites\/62\/2015\/01\/Guia-N\u00ba3-Schr\u00f6edinger.pdf\">Guia N\u00ba3 Schr\u00f6edinger<\/a><\/p>\n<p><a href=\"https:\/\/catedras.facet.unt.edu.ar\/me\/wp-content\/uploads\/sites\/62\/2015\/01\/Guia-N\u00ba4-Uniones-Qu\u00edmicas.pdf\">Guia N\u00ba4 Uniones Qu\u00edmicas<\/a><\/p>\n<p>&nbsp;<\/p>\n","protected":false},"excerpt":{"rendered":"<p>Clase 1 Repaso F\u00edsica-Qu\u00edmica Clase 2 y 3 Modelo Atomico Clase 4 Conducci\u00f3n en Gases Clase 5 Uniones Quimicas Clase 6 Teoria de Bandas Clase 7 Metales Conductores Clase 8 Semiconductores Clase 9 Semiconductores Clase 10 Juntura PN Vjo Clase 11 Juntura PN Directa Clase 12 Juntura PN Inversa Clase 12-1 Juntura Corta CD P+N [&hellip;]<\/p>\n","protected":false},"author":163,"featured_media":0,"parent":57,"menu_order":1,"comment_status":"closed","ping_status":"closed","template":"","meta":[],"_links":{"self":[{"href":"https:\/\/catedras.facet.unt.edu.ar\/me\/wp-json\/wp\/v2\/pages\/55"}],"collection":[{"href":"https:\/\/catedras.facet.unt.edu.ar\/me\/wp-json\/wp\/v2\/pages"}],"about":[{"href":"https:\/\/catedras.facet.unt.edu.ar\/me\/wp-json\/wp\/v2\/types\/page"}],"author":[{"embeddable":true,"href":"https:\/\/catedras.facet.unt.edu.ar\/me\/wp-json\/wp\/v2\/users\/163"}],"replies":[{"embeddable":true,"href":"https:\/\/catedras.facet.unt.edu.ar\/me\/wp-json\/wp\/v2\/comments?post=55"}],"version-history":[{"count":42,"href":"https:\/\/catedras.facet.unt.edu.ar\/me\/wp-json\/wp\/v2\/pages\/55\/revisions"}],"predecessor-version":[{"id":554,"href":"https:\/\/catedras.facet.unt.edu.ar\/me\/wp-json\/wp\/v2\/pages\/55\/revisions\/554"}],"up":[{"embeddable":true,"href":"https:\/\/catedras.facet.unt.edu.ar\/me\/wp-json\/wp\/v2\/pages\/57"}],"wp:attachment":[{"href":"https:\/\/catedras.facet.unt.edu.ar\/me\/wp-json\/wp\/v2\/media?parent=55"}],"curies":[{"name":"wp","href":"https:\/\/api.w.org\/{rel}","templated":true}]}}