{"id":53,"date":"2015-01-04T01:54:38","date_gmt":"2015-01-04T04:54:38","guid":{"rendered":"https:\/\/catedras.facet.unt.edu.ar\/me\/?page_id=53"},"modified":"2018-06-14T09:58:59","modified_gmt":"2018-06-14T12:58:59","slug":"horarios","status":"publish","type":"page","link":"https:\/\/catedras.facet.unt.edu.ar\/me\/horarios\/","title":{"rendered":"Horarios"},"content":{"rendered":"<p><strong>CLASES TE\u00d3RICAS<\/strong><\/p>\n<p>Mi\u00e9rcoles 10 a 12 Hs en Aula 1-3-01 (DEEC3).<\/p>\n<p>Jueves 10 a 12 Hs en Aula 1-3-15 (DEEC2).<\/p>\n<p><strong>CLASE PR\u00c1CTICA<\/strong><\/p>\n<p>Lunes 8 a 10 Hs en AULA 1-3-01 (DEEC3).<\/p>\n<p>&nbsp;<\/p>\n<p><strong>CONSULTA<\/strong><\/p>\n<p>Ing. Figueroa Cristian: Mi\u00e9rcoles de 12 a 13 hs. en el aula de la c\u00e1tedra.<\/p>\n<p>Ayudante Matias Romano: Martes de 15 a 17 hs.\u00a0en el aula de la c\u00e1tedra.<\/p>\n","protected":false},"excerpt":{"rendered":"<p>CLASES TE\u00d3RICAS Mi\u00e9rcoles 10 a 12 Hs en Aula 1-3-01 (DEEC3). Jueves 10 a 12 Hs en Aula 1-3-15 (DEEC2). CLASE PR\u00c1CTICA Lunes 8 a 10 Hs en AULA 1-3-01 (DEEC3). &nbsp; CONSULTA Ing. Figueroa Cristian: Mi\u00e9rcoles de 12 a 13 hs. en el aula de la c\u00e1tedra. Ayudante Matias Romano: Martes de 15 a [&hellip;]<\/p>\n","protected":false},"author":163,"featured_media":0,"parent":0,"menu_order":5,"comment_status":"closed","ping_status":"closed","template":"","meta":[],"_links":{"self":[{"href":"https:\/\/catedras.facet.unt.edu.ar\/me\/wp-json\/wp\/v2\/pages\/53"}],"collection":[{"href":"https:\/\/catedras.facet.unt.edu.ar\/me\/wp-json\/wp\/v2\/pages"}],"about":[{"href":"https:\/\/catedras.facet.unt.edu.ar\/me\/wp-json\/wp\/v2\/types\/page"}],"author":[{"embeddable":true,"href":"https:\/\/catedras.facet.unt.edu.ar\/me\/wp-json\/wp\/v2\/users\/163"}],"replies":[{"embeddable":true,"href":"https:\/\/catedras.facet.unt.edu.ar\/me\/wp-json\/wp\/v2\/comments?post=53"}],"version-history":[{"count":19,"href":"https:\/\/catedras.facet.unt.edu.ar\/me\/wp-json\/wp\/v2\/pages\/53\/revisions"}],"predecessor-version":[{"id":596,"href":"https:\/\/catedras.facet.unt.edu.ar\/me\/wp-json\/wp\/v2\/pages\/53\/revisions\/596"}],"wp:attachment":[{"href":"https:\/\/catedras.facet.unt.edu.ar\/me\/wp-json\/wp\/v2\/media?parent=53"}],"curies":[{"name":"wp","href":"https:\/\/api.w.org\/{rel}","templated":true}]}}