{"id":51,"date":"2015-01-04T01:54:09","date_gmt":"2015-01-04T04:54:09","guid":{"rendered":"https:\/\/catedras.facet.unt.edu.ar\/me\/?page_id=51"},"modified":"2018-03-09T17:39:49","modified_gmt":"2018-03-09T20:39:49","slug":"docentes","status":"publish","type":"page","link":"https:\/\/catedras.facet.unt.edu.ar\/me\/docentes\/","title":{"rendered":"Docentes"},"content":{"rendered":"<p><strong>Ing. Humerto Agliano<\/strong><\/p>\n<p><a title=\"rgonzalez@herrera.unt.edu.ar\" href=\"mailto:hagliano@herrera.unt.edu.ar\">hagliano@herrera.unt.edu.ar<\/a><\/p>\n<p>Profesor Titular<\/p>\n<p>&nbsp;<\/p>\n<p><strong>Ing. Cristian A. Figueroa<\/strong><\/p>\n<p><a title=\"figueroacariel@gmail.com\" href=\"mailto:cafigueroa@herrera.unt.edu.ar\">cafigueroa@herrera.unt.edu.ar<\/a><\/p>\n<p>Jefe de Trabajos Pr\u00e1cticos<\/p>\n<p>&nbsp;<\/p>\n<p><strong>Ayudantes Estudiantiles<\/strong><\/p>\n<p><strong>Mat\u00edas Romano<\/strong> (Estudiante de Ing. Electr\u00f3nica)<\/p>\n<p><a title=\"taljuk01@gmail.com\" href=\"mailto:romanomatias99@gmail.com\">romanomatias99@gmail.com<\/a><\/p>\n<p>&nbsp;<\/p>\n<p>&nbsp;<\/p>\n<p>&nbsp;<\/p>\n<p>&nbsp;<\/p>\n","protected":false},"excerpt":{"rendered":"<p>Ing. Humerto Agliano hagliano@herrera.unt.edu.ar Profesor Titular &nbsp; Ing. Cristian A. Figueroa cafigueroa@herrera.unt.edu.ar Jefe de Trabajos Pr\u00e1cticos &nbsp; Ayudantes Estudiantiles Mat\u00edas Romano (Estudiante de Ing. Electr\u00f3nica) romanomatias99@gmail.com &nbsp; &nbsp; &nbsp; &nbsp;<\/p>\n","protected":false},"author":163,"featured_media":0,"parent":0,"menu_order":2,"comment_status":"closed","ping_status":"closed","template":"","meta":[],"_links":{"self":[{"href":"https:\/\/catedras.facet.unt.edu.ar\/me\/wp-json\/wp\/v2\/pages\/51"}],"collection":[{"href":"https:\/\/catedras.facet.unt.edu.ar\/me\/wp-json\/wp\/v2\/pages"}],"about":[{"href":"https:\/\/catedras.facet.unt.edu.ar\/me\/wp-json\/wp\/v2\/types\/page"}],"author":[{"embeddable":true,"href":"https:\/\/catedras.facet.unt.edu.ar\/me\/wp-json\/wp\/v2\/users\/163"}],"replies":[{"embeddable":true,"href":"https:\/\/catedras.facet.unt.edu.ar\/me\/wp-json\/wp\/v2\/comments?post=51"}],"version-history":[{"count":13,"href":"https:\/\/catedras.facet.unt.edu.ar\/me\/wp-json\/wp\/v2\/pages\/51\/revisions"}],"predecessor-version":[{"id":515,"href":"https:\/\/catedras.facet.unt.edu.ar\/me\/wp-json\/wp\/v2\/pages\/51\/revisions\/515"}],"wp:attachment":[{"href":"https:\/\/catedras.facet.unt.edu.ar\/me\/wp-json\/wp\/v2\/media?parent=51"}],"curies":[{"name":"wp","href":"https:\/\/api.w.org\/{rel}","templated":true}]}}