{"id":49,"date":"2015-01-04T01:53:34","date_gmt":"2015-01-04T04:53:34","guid":{"rendered":"https:\/\/catedras.facet.unt.edu.ar\/me\/?page_id=49"},"modified":"2015-04-30T07:40:24","modified_gmt":"2015-04-30T10:40:24","slug":"cronograma","status":"publish","type":"page","link":"https:\/\/catedras.facet.unt.edu.ar\/me\/cronograma\/","title":{"rendered":"Cronograma"},"content":{"rendered":"<table border=\"1\" width=\"700\">\n<tbody>\n<tr>\n<th scope=\"col\" width=\"53\">\n<div align=\"center\">Semana<\/div>\n<\/th>\n<th scope=\"col\" width=\"400\">Temas a desarrollar<\/th>\n<th scope=\"col\" width=\"71\">\n<div align=\"center\">Trabajo Pr\u00e1ctico<\/div>\n<\/th>\n<\/tr>\n<tr>\n<td>\n<div align=\"center\">N\u00b01<\/div>\n<\/td>\n<td>Inicio clases, Presentaci\u00f3n de la Asignatura,\u00a0Repaso F\u00edsica &#8211; Qu\u00edmica<\/td>\n<td><\/td>\n<\/tr>\n<tr>\n<td>\n<div align=\"center\">N\u00b02<\/div>\n<\/td>\n<td>Modelo At\u00f3mico, Fot\u00f3n, Dualidad Onda-Part\u00edcula, Ondas de De Broglie, Bohr, Schr\u00f6edinger, N\u00fameros cu\u00e1nticos, \u00c1tomo Polielectr\u00f3nico, \u00a0Configuraci\u00f3n Electr\u00f3nica, Principio de Exclusi\u00f3n de Pauli, Mecanismos de Conducci\u00f3n el\u00e9ctrica en gases<\/td>\n<td><\/td>\n<\/tr>\n<tr>\n<td>\n<div align=\"center\">N\u00b03<\/div>\n<\/td>\n<td>Mecanismos de Conducci\u00f3n el\u00e9ctrica en gases<\/td>\n<td>\n<div align=\"center\">TP1<\/div>\n<\/td>\n<\/tr>\n<tr>\n<td>\n<div align=\"center\">N\u00b04<\/div>\n<\/td>\n<td>Conducci\u00f3n en Gases, Uni\u00f3n I\u00f3nica, Covalente, Saturada y No Saturada, Bandas de Energ\u00eda, Fermi, Conductores N(E), F(E), Vd Ohm<\/td>\n<td style=\"text-align: center\">\u00a0TP1 y TP2<\/td>\n<\/tr>\n<tr>\n<td>\n<div align=\"center\">N\u00b05<\/div>\n<\/td>\n<td>Conductores N(E), F(E), Vd Ohm, dependencia con la temperatura, Ley de Ohm Microsc\u00f3pica. Semiconductores Intr\u00ednsecos N(E) y F(E), Movilidad, Conductividad dependencia con la temperatura<\/td>\n<td>\n<div align=\"center\">TP2 y TP3 &#8211; Fermi y Conductores Ley de Ohm<\/div>\n<\/td>\n<\/tr>\n<tr>\n<td>\n<div align=\"center\">N\u00b06<\/div>\n<\/td>\n<td><strong>Consultas<\/strong> &#8211;\u00a0<strong>EVALUACI\u00d3N I<\/strong>\u00a0<strong> (23 de Abril de 2015)<\/strong><\/td>\n<td>\n<div align=\"center\">\n<p>TP3 &#8211; Consulta<\/p>\n<\/div>\n<\/td>\n<\/tr>\n<tr>\n<td>\n<div align=\"center\">N\u00b07<\/div>\n<\/td>\n<td>Repaso Semiconductor Intr\u00ednsecos y Semiconductores Extr\u00ednsecos, Movilidad con T y Contaminaci\u00f3n. NTC, PTC Pt100<\/td>\n<td>\n<div align=\"center\">\n<div align=\"center\">TP4 &#8211;<\/div>\n<p>Semiconductores intr\u00ednsecos<\/p>\n<\/div>\n<\/td>\n<\/tr>\n<tr>\n<td>\n<div align=\"center\">N\u00b08<\/div>\n<\/td>\n<td>Generaci\u00f3n, Recombinaci\u00f3n, Difusi\u00f3n, Ecuaci\u00f3n Continuidad, JPN Diagrama corpuscular y de Bandas, JPN en Equilibrio, Ley de Juntura Vjo<\/td>\n<td>\n<div align=\"center\">\n<div align=\"center\">TP5 &#8211;<\/div>\n<p>Semiconductores IDifusi\u00f3n y ICampo JPN Bandas Vjo<\/p>\n<\/div>\n<\/td>\n<\/tr>\n<tr>\n<td>\n<div align=\"center\">N\u00b09<\/div>\n<\/td>\n<td>Juntura PN Directo, Repaso JPN con Polarizaci\u00f3n Cero, Directa e Inversa<\/td>\n<td>\n<div align=\"center\">\n<div align=\"center\">TP6 &#8211;<\/div>\n<p>JPN Directa<\/p>\n<\/div>\n<\/td>\n<\/tr>\n<tr>\n<td>\n<div align=\"center\">N\u00b010<\/div>\n<\/td>\n<td>Juntura PN \u00a0Inversa, Ecuaciones, Poisson, Ruptura, Avalancha, Zener y Perforaci\u00f3n<\/td>\n<td>\n<div align=\"center\">\n<p>TP7 &#8211;\u00a0JPN Inversa<\/p>\n<\/div>\n<\/td>\n<\/tr>\n<tr>\n<td>\n<div align=\"center\">N\u00b011<\/div>\n<\/td>\n<td><strong>Consulta &#8211; EVALUACI\u00d3N II ( 28 de mayo de 2015)<\/strong><\/td>\n<td>\u00a0Presentar Laboratorio<\/td>\n<\/tr>\n<tr>\n<td>\n<div align=\"center\">N\u00b012<\/div>\n<\/td>\n<td>Dependencia con T, CT, P+N Diodo Corto, Capacidad de Difusi\u00f3n CD, Control por Cargas, Juntura Metal Semiconductor<\/td>\n<td>\n<div align=\"center\">\n<p>TP8 &#8211; JPN, CD,rd, Ruptura Avalancha, Zener y Perforaci\u00f3n<\/p>\n<\/div>\n<\/td>\n<\/tr>\n<tr>\n<td>\n<div align=\"center\">N\u00b013<\/div>\n<\/td>\n<td>DIODOS par\u00e1metros caracter\u00edsticos<\/td>\n<td>\n<div align=\"center\">\n<p>TP9 &#8211;<\/p>\n<p>Juntura Metal Semiconductor<\/p>\n<\/div>\n<\/td>\n<\/tr>\n<tr>\n<td>\n<div align=\"center\">N\u00b014<\/div>\n<\/td>\n<td>Factores T\u00e9rmicos<\/td>\n<td>\n<div align=\"center\">\n<p>TP10 &#8211; Diodos y Factores T\u00e9rmicos<\/p>\n<\/div>\n<\/td>\n<\/tr>\n<tr>\n<td>\n<div align=\"center\">N\u00b015<\/div>\n<\/td>\n<td>Diel\u00e9ctricos \/ Magn\u00e9ticos<\/td>\n<td>\n<div align=\"center\">\n<p>TP11 &#8211; Diel\u00e9ctricos y\u00a0Magn\u00e9ticos<\/p>\n<\/div>\n<\/td>\n<\/tr>\n<tr>\n<td>\n<div align=\"center\">N\u00b016<\/div>\n<\/td>\n<td><strong>Consultas &#8211; EVALUACI\u00d3N III ( 2 de Julio de 2015)\u00a0<\/strong><\/td>\n<td><\/td>\n<\/tr>\n<\/tbody>\n<\/table>\n","protected":false},"excerpt":{"rendered":"<p>Semana Temas a desarrollar Trabajo Pr\u00e1ctico N\u00b01 Inicio clases, Presentaci\u00f3n de la Asignatura,\u00a0Repaso F\u00edsica &#8211; Qu\u00edmica N\u00b02 Modelo At\u00f3mico, Fot\u00f3n, Dualidad Onda-Part\u00edcula, Ondas de De Broglie, Bohr, Schr\u00f6edinger, N\u00fameros cu\u00e1nticos, \u00c1tomo Polielectr\u00f3nico, \u00a0Configuraci\u00f3n Electr\u00f3nica, Principio de Exclusi\u00f3n de Pauli, Mecanismos de Conducci\u00f3n el\u00e9ctrica en gases N\u00b03 Mecanismos de Conducci\u00f3n el\u00e9ctrica en gases TP1 N\u00b04 Conducci\u00f3n [&hellip;]<\/p>\n","protected":false},"author":163,"featured_media":0,"parent":0,"menu_order":4,"comment_status":"closed","ping_status":"closed","template":"","meta":[],"_links":{"self":[{"href":"https:\/\/catedras.facet.unt.edu.ar\/me\/wp-json\/wp\/v2\/pages\/49"}],"collection":[{"href":"https:\/\/catedras.facet.unt.edu.ar\/me\/wp-json\/wp\/v2\/pages"}],"about":[{"href":"https:\/\/catedras.facet.unt.edu.ar\/me\/wp-json\/wp\/v2\/types\/page"}],"author":[{"embeddable":true,"href":"https:\/\/catedras.facet.unt.edu.ar\/me\/wp-json\/wp\/v2\/users\/163"}],"replies":[{"embeddable":true,"href":"https:\/\/catedras.facet.unt.edu.ar\/me\/wp-json\/wp\/v2\/comments?post=49"}],"version-history":[{"count":10,"href":"https:\/\/catedras.facet.unt.edu.ar\/me\/wp-json\/wp\/v2\/pages\/49\/revisions"}],"predecessor-version":[{"id":195,"href":"https:\/\/catedras.facet.unt.edu.ar\/me\/wp-json\/wp\/v2\/pages\/49\/revisions\/195"}],"wp:attachment":[{"href":"https:\/\/catedras.facet.unt.edu.ar\/me\/wp-json\/wp\/v2\/media?parent=49"}],"curies":[{"name":"wp","href":"https:\/\/api.w.org\/{rel}","templated":true}]}}