{"id":37,"date":"2014-08-12T11:49:09","date_gmt":"2014-08-12T14:49:09","guid":{"rendered":"https:\/\/catedras.facet.unt.edu.ar\/me\/home\/"},"modified":"2015-03-12T19:28:53","modified_gmt":"2015-03-12T22:28:53","slug":"home","status":"publish","type":"page","link":"https:\/\/catedras.facet.unt.edu.ar\/me\/","title":{"rendered":"Inicio"},"content":{"rendered":"<div id=\"pl-37\"  class=\"panel-layout\" ><div id=\"pg-37-0\"  class=\"panel-grid panel-has-style\"  style=\"margin-bottom: 0px;\" ><div style=\"background-repeat: repeat; \" class=\"panel-row-style panel-row-style-for-37-0\" ><div id=\"pgc-37-0-0\"  class=\"panel-grid-cell\" ><div id=\"panel-37-0-0-0\" class=\"so-panel widget widget_siteorigin-panels-postloop panel-first-child panel-last-child\" data-index=\"0\" ><h3 class=\"widget-title\">Transparente<\/h3>\n\n\t\t\n\t\t\n<article id=\"post-599\" class=\"post-599 post type-post status-publish format-standard hentry category-sin-categoria\">\n\n\t\n\t<div class=\"entry-main\">\n\n\t\t\n\t\t<header class=\"entry-header\">\n\t\t\t\n\t\t\t<h1 class=\"entry-title\"><a href=\"https:\/\/catedras.facet.unt.edu.ar\/me\/2018\/06\/20\/notas-evaluacion-n-2\/\" title=\"Enlace permanente a Notas Evaluaci\u00f3n N\u00b0 2\" rel=\"bookmark\">Notas Evaluaci\u00f3n N\u00b0 2<\/a><\/h1>\n\n\t\t\t\t\t\t\t<div class=\"entry-meta\">\n\t\t\t\t\tPublicado el <a href=\"https:\/\/catedras.facet.unt.edu.ar\/me\/2018\/06\/20\/notas-evaluacion-n-2\/\" title=\"18:10\" rel=\"bookmark\"><time class=\"entry-date\" datetime=\"2018-06-20T18:10:21-03:00\">20 junio, 2018<\/time><\/a><time class=\"updated\" datetime=\"2018-06-20T18:11:11-03:00\">20 junio, 2018<\/time>  \t\t\t\t<\/div><!-- .entry-meta -->\n\t\t\t\n\t\t<\/header><!-- .entry-header -->\n\n\t\t\t\t\t<div class=\"entry-content\">\n\t\t\t\t<p>Est\u00e1n publicadas las notas de la Evaluaci\u00f3n N\u00b0 2.<\/p>\n\t\t\t\t\t\t\t\t\t\t\t\t\t\t\t<\/div><!-- .entry-content -->\n\t\t\n\t\t\n\t<\/div>\n\n<\/article><!-- #post-599 -->\n\n\t\n\t\t\n<article id=\"post-593\" class=\"post-593 post type-post status-publish format-standard hentry category-sin-categoria\">\n\n\t\n\t<div class=\"entry-main\">\n\n\t\t\n\t\t<header class=\"entry-header\">\n\t\t\t\n\t\t\t<h1 class=\"entry-title\"><a href=\"https:\/\/catedras.facet.unt.edu.ar\/me\/2018\/06\/13\/trabajo-practico-no-8\/\" title=\"Enlace permanente a Trabajo Pr\u00e1ctico N\u00ba 8\" rel=\"bookmark\">Trabajo Pr\u00e1ctico N\u00ba 8<\/a><\/h1>\n\n\t\t\t\t\t\t\t<div class=\"entry-meta\">\n\t\t\t\t\tPublicado el <a href=\"https:\/\/catedras.facet.unt.edu.ar\/me\/2018\/06\/13\/trabajo-practico-no-8\/\" title=\"12:39\" rel=\"bookmark\"><time class=\"entry-date\" datetime=\"2018-06-13T12:39:49-03:00\">13 junio, 2018<\/time><\/a><time class=\"updated\" datetime=\"2018-06-13T12:39:49-03:00\">13 junio, 2018<\/time>  \t\t\t\t<\/div><!-- .entry-meta -->\n\t\t\t\n\t\t<\/header><!-- .entry-header -->\n\n\t\t\t\t\t<div class=\"entry-content\">\n\t\t\t\t<p>Esta disponible para su descarga el Trabajo Pr\u00e1ctico N\u00ba 8.<\/p>\n\t\t\t\t\t\t\t\t\t\t\t\t\t\t\t<\/div><!-- .entry-content -->\n\t\t\n\t\t\n\t<\/div>\n\n<\/article><!-- #post-593 -->\n\n\t\n\t\t\n<article id=\"post-589\" class=\"post-589 post type-post status-publish format-standard hentry category-sin-categoria\">\n\n\t\n\t<div class=\"entry-main\">\n\n\t\t\n\t\t<header class=\"entry-header\">\n\t\t\t\n\t\t\t<h1 class=\"entry-title\"><a href=\"https:\/\/catedras.facet.unt.edu.ar\/me\/2018\/06\/06\/evaluacion-no-2\/\" title=\"Enlace permanente a Evaluaci\u00f3n N\u00ba 2\" rel=\"bookmark\">Evaluaci\u00f3n N\u00ba 2<\/a><\/h1>\n\n\t\t\t\t\t\t\t<div class=\"entry-meta\">\n\t\t\t\t\tPublicado el <a href=\"https:\/\/catedras.facet.unt.edu.ar\/me\/2018\/06\/06\/evaluacion-no-2\/\" title=\"16:48\" rel=\"bookmark\"><time class=\"entry-date\" datetime=\"2018-06-06T16:48:43-03:00\">6 junio, 2018<\/time><\/a><time class=\"updated\" datetime=\"2018-06-06T16:48:43-03:00\">6 junio, 2018<\/time>  \t\t\t\t<\/div><!-- .entry-meta -->\n\t\t\t\n\t\t<\/header><!-- .entry-header -->\n\n\t\t\t\t\t<div class=\"entry-content\">\n\t\t\t\t<p>La Evaluaci\u00f3n N\u00ba 2 se tomar\u00e1 en el <strong>Anfiteatro A3<\/strong>, de Ciencias Econ\u00f3micas (el mismo esta ubicado al lado del Anfiteatro B4). Comenzar\u00e1 a las 10:30 horas el Evaluativo.<\/p>\n<p><strong>Solo pueden tener hojas de formulas<\/strong>.<\/p>\n\t\t\t\t\t\t\t\t\t\t\t\t\t\t\t<\/div><!-- .entry-content -->\n\t\t\n\t\t\n\t<\/div>\n\n<\/article><!-- #post-589 -->\n\n\t\n\t\t\n<article id=\"post-585\" class=\"post-585 post type-post status-publish format-standard hentry category-sin-categoria\">\n\n\t\n\t<div class=\"entry-main\">\n\n\t\t\n\t\t<header class=\"entry-header\">\n\t\t\t\n\t\t\t<h1 class=\"entry-title\"><a href=\"https:\/\/catedras.facet.unt.edu.ar\/me\/2018\/05\/31\/evaluacion-n-2\/\" title=\"Enlace permanente a Evaluaci\u00f3n N \u00b02\" rel=\"bookmark\">Evaluaci\u00f3n N \u00b02<\/a><\/h1>\n\n\t\t\t\t\t\t\t<div class=\"entry-meta\">\n\t\t\t\t\tPublicado el <a href=\"https:\/\/catedras.facet.unt.edu.ar\/me\/2018\/05\/31\/evaluacion-n-2\/\" title=\"11:11\" rel=\"bookmark\"><time class=\"entry-date\" datetime=\"2018-05-31T11:11:12-03:00\">31 mayo, 2018<\/time><\/a><time class=\"updated\" datetime=\"2018-05-31T15:52:15-03:00\">31 mayo, 2018<\/time>  \t\t\t\t<\/div><!-- .entry-meta -->\n\t\t\t\n\t\t<\/header><!-- .entry-header -->\n\n\t\t\t\t\t<div class=\"entry-content\">\n\t\t\t\t<p>La Evaluaci\u00f3n N\u00b0 2 se tomara el d\u00eda 7 de Junio del corriente a\u00f1o.<\/p>\n\t\t\t\t\t\t\t\t\t\t\t\t\t\t\t<\/div><!-- .entry-content -->\n\t\t\n\t\t\n\t<\/div>\n\n<\/article><!-- #post-585 -->\n\n\t\n\t\t\n<article id=\"post-581\" class=\"post-581 post type-post status-publish format-standard hentry category-sin-categoria\">\n\n\t\n\t<div class=\"entry-main\">\n\n\t\t\n\t\t<header class=\"entry-header\">\n\t\t\t\n\t\t\t<h1 class=\"entry-title\"><a href=\"https:\/\/catedras.facet.unt.edu.ar\/me\/2018\/05\/13\/trabajo-practico-n-6\/\" title=\"Enlace permanente a Trabajo Pr\u00e1ctico N\u00b0 6\" rel=\"bookmark\">Trabajo Pr\u00e1ctico N\u00b0 6<\/a><\/h1>\n\n\t\t\t\t\t\t\t<div class=\"entry-meta\">\n\t\t\t\t\tPublicado el <a href=\"https:\/\/catedras.facet.unt.edu.ar\/me\/2018\/05\/13\/trabajo-practico-n-6\/\" title=\"15:46\" rel=\"bookmark\"><time class=\"entry-date\" datetime=\"2018-05-13T15:46:55-03:00\">13 mayo, 2018<\/time><\/a><time class=\"updated\" datetime=\"2018-05-13T15:46:55-03:00\">13 mayo, 2018<\/time>  \t\t\t\t<\/div><!-- .entry-meta -->\n\t\t\t\n\t\t<\/header><!-- .entry-header -->\n\n\t\t\t\t\t<div class=\"entry-content\">\n\t\t\t\t<p>Esta disponible para su descarga el Trabajo Pr\u00e1ctico N\u00b0 6.<\/p>\n\t\t\t\t\t\t\t\t\t\t\t\t\t\t\t<\/div><!-- .entry-content -->\n\t\t\n\t\t\n\t<\/div>\n\n<\/article><!-- #post-581 -->\n\n\t\n\t\t\n<article id=\"post-576\" class=\"post-576 post type-post status-publish format-standard hentry category-sin-categoria\">\n\n\t\n\t<div class=\"entry-main\">\n\n\t\t\n\t\t<header class=\"entry-header\">\n\t\t\t\n\t\t\t<h1 class=\"entry-title\"><a href=\"https:\/\/catedras.facet.unt.edu.ar\/me\/2018\/05\/07\/notas-evaluacion-n-1\/\" title=\"Enlace permanente a Notas Evaluaci\u00f3n N\u00b0 1\" rel=\"bookmark\">Notas Evaluaci\u00f3n N\u00b0 1<\/a><\/h1>\n\n\t\t\t\t\t\t\t<div class=\"entry-meta\">\n\t\t\t\t\tPublicado el <a href=\"https:\/\/catedras.facet.unt.edu.ar\/me\/2018\/05\/07\/notas-evaluacion-n-1\/\" title=\"22:48\" rel=\"bookmark\"><time class=\"entry-date\" datetime=\"2018-05-07T22:48:59-03:00\">7 mayo, 2018<\/time><\/a><time class=\"updated\" datetime=\"2018-05-07T22:48:59-03:00\">7 mayo, 2018<\/time>  \t\t\t\t<\/div><!-- .entry-meta -->\n\t\t\t\n\t\t<\/header><!-- .entry-header -->\n\n\t\t\t\t\t<div class=\"entry-content\">\n\t\t\t\t<p>Est\u00e1n publicadas las notas de la Evaluaci\u00f3n N\u00b0 1.<\/p>\n\t\t\t\t\t\t\t\t\t\t\t\t\t\t\t<\/div><!-- .entry-content -->\n\t\t\n\t\t\n\t<\/div>\n\n<\/article><!-- #post-576 -->\n\n\t\n\t\t\n<article id=\"post-572\" class=\"post-572 post type-post status-publish format-standard hentry category-sin-categoria\">\n\n\t\n\t<div class=\"entry-main\">\n\n\t\t\n\t\t<header class=\"entry-header\">\n\t\t\t\n\t\t\t<h1 class=\"entry-title\"><a href=\"https:\/\/catedras.facet.unt.edu.ar\/me\/2018\/05\/07\/evaluacion-n1\/\" title=\"Enlace permanente a Evaluaci\u00f3n N\u00b01\" rel=\"bookmark\">Evaluaci\u00f3n N\u00b01<\/a><\/h1>\n\n\t\t\t\t\t\t\t<div class=\"entry-meta\">\n\t\t\t\t\tPublicado el <a href=\"https:\/\/catedras.facet.unt.edu.ar\/me\/2018\/05\/07\/evaluacion-n1\/\" title=\"09:53\" rel=\"bookmark\"><time class=\"entry-date\" datetime=\"2018-05-07T09:53:13-03:00\">7 mayo, 2018<\/time><\/a><time class=\"updated\" datetime=\"2018-05-07T09:57:48-03:00\">7 mayo, 2018<\/time>  \t\t\t\t<\/div><!-- .entry-meta -->\n\t\t\t\n\t\t<\/header><!-- .entry-header -->\n\n\t\t\t\t\t<div class=\"entry-content\">\n\t\t\t\t<p>La Evaluaci\u00f3n N\u00b0 1 se mostrara el d\u00eda Viernes 11 de Mayo, en el horario de 12 a 13 hs.<\/p>\n\t\t\t\t\t\t\t\t\t\t\t\t\t\t\t<\/div><!-- .entry-content -->\n\t\t\n\t\t\n\t<\/div>\n\n<\/article><!-- #post-572 -->\n\n\t\n\t\t\n<article id=\"post-568\" class=\"post-568 post type-post status-publish format-standard hentry category-sin-categoria\">\n\n\t\n\t<div class=\"entry-main\">\n\n\t\t\n\t\t<header class=\"entry-header\">\n\t\t\t\n\t\t\t<h1 class=\"entry-title\"><a href=\"https:\/\/catedras.facet.unt.edu.ar\/me\/2018\/05\/06\/trabajo-practico-n-5\/\" title=\"Enlace permanente a Trabajo Practico N\u00b0 5\" rel=\"bookmark\">Trabajo Practico N\u00b0 5<\/a><\/h1>\n\n\t\t\t\t\t\t\t<div class=\"entry-meta\">\n\t\t\t\t\tPublicado el <a href=\"https:\/\/catedras.facet.unt.edu.ar\/me\/2018\/05\/06\/trabajo-practico-n-5\/\" title=\"11:23\" rel=\"bookmark\"><time class=\"entry-date\" datetime=\"2018-05-06T11:23:02-03:00\">6 mayo, 2018<\/time><\/a><time class=\"updated\" datetime=\"2018-05-06T11:23:18-03:00\">6 mayo, 2018<\/time>  \t\t\t\t<\/div><!-- .entry-meta -->\n\t\t\t\n\t\t<\/header><!-- .entry-header -->\n\n\t\t\t\t\t<div class=\"entry-content\">\n\t\t\t\t<p>Esta disponible para su descarga el Trabajo Pr\u00e1ctico N\u00b0 5.<\/p>\n\t\t\t\t\t\t\t\t\t\t\t\t\t\t\t<\/div><!-- .entry-content -->\n\t\t\n\t\t\n\t<\/div>\n\n<\/article><!-- #post-568 -->\n\n\t\n\t\t\n<article id=\"post-563\" class=\"post-563 post type-post status-publish format-standard hentry category-sin-categoria\">\n\n\t\n\t<div class=\"entry-main\">\n\n\t\t\n\t\t<header class=\"entry-header\">\n\t\t\t\n\t\t\t<h1 class=\"entry-title\"><a href=\"https:\/\/catedras.facet.unt.edu.ar\/me\/2018\/04\/23\/hoja-de-formula\/\" title=\"Enlace permanente a Hoja de F\u00f3rmula\" rel=\"bookmark\">Hoja de F\u00f3rmula<\/a><\/h1>\n\n\t\t\t\t\t\t\t<div class=\"entry-meta\">\n\t\t\t\t\tPublicado el <a href=\"https:\/\/catedras.facet.unt.edu.ar\/me\/2018\/04\/23\/hoja-de-formula\/\" title=\"11:40\" rel=\"bookmark\"><time class=\"entry-date\" datetime=\"2018-04-23T11:40:54-03:00\">23 abril, 2018<\/time><\/a><time class=\"updated\" datetime=\"2018-04-23T11:43:43-03:00\">23 abril, 2018<\/time>  \t\t\t\t<\/div><!-- .entry-meta -->\n\t\t\t\n\t\t<\/header><!-- .entry-header -->\n\n\t\t\t\t\t<div class=\"entry-content\">\n\t\t\t\t<p>Para la Evaluaci\u00f3n N\u00ba 1, solo pueden tener <strong>una sola hoja de f\u00f3rmula<\/strong>.<\/p>\n\t\t\t\t\t\t\t\t\t\t\t\t\t\t\t<\/div><!-- .entry-content -->\n\t\t\n\t\t\n\t<\/div>\n\n<\/article><!-- #post-563 -->\n\n\t\n\t\t\n<article id=\"post-557\" class=\"post-557 post type-post status-publish format-standard hentry category-sin-categoria\">\n\n\t\n\t<div class=\"entry-main\">\n\n\t\t\n\t\t<header class=\"entry-header\">\n\t\t\t\n\t\t\t<h1 class=\"entry-title\"><a href=\"https:\/\/catedras.facet.unt.edu.ar\/me\/2018\/04\/18\/consulta-2\/\" title=\"Enlace permanente a Consulta\" rel=\"bookmark\">Consulta<\/a><\/h1>\n\n\t\t\t\t\t\t\t<div class=\"entry-meta\">\n\t\t\t\t\tPublicado el <a href=\"https:\/\/catedras.facet.unt.edu.ar\/me\/2018\/04\/18\/consulta-2\/\" title=\"13:49\" rel=\"bookmark\"><time class=\"entry-date\" datetime=\"2018-04-18T13:49:37-03:00\">18 abril, 2018<\/time><\/a><time class=\"updated\" datetime=\"2018-04-18T13:51:19-03:00\">18 abril, 2018<\/time>  \t\t\t\t<\/div><!-- .entry-meta -->\n\t\t\t\n\t\t<\/header><!-- .entry-header -->\n\n\t\t\t\t\t<div class=\"entry-content\">\n\t\t\t\t<p>El Viernes 20 de Abril, clase de consulta a las 14 hs. en la aula de la c\u00e1tedra.<\/p>\n\t\t\t\t\t\t\t\t\t\t\t\t\t\t\t<\/div><!-- .entry-content -->\n\t\t\n\t\t\n\t<\/div>\n\n<\/article><!-- #post-557 -->\n\n\t\n\t\t\n<article id=\"post-555\" class=\"post-555 post type-post status-publish format-standard hentry category-sin-categoria\">\n\n\t\n\t<div class=\"entry-main\">\n\n\t\t\n\t\t<header class=\"entry-header\">\n\t\t\t\n\t\t\t<h1 class=\"entry-title\"><a href=\"https:\/\/catedras.facet.unt.edu.ar\/me\/2018\/04\/18\/ldr-ntc-y-ptc\/\" title=\"Enlace permanente a LDR, NTC y PTC\" rel=\"bookmark\">LDR, NTC y PTC<\/a><\/h1>\n\n\t\t\t\t\t\t\t<div class=\"entry-meta\">\n\t\t\t\t\tPublicado el <a href=\"https:\/\/catedras.facet.unt.edu.ar\/me\/2018\/04\/18\/ldr-ntc-y-ptc\/\" title=\"13:47\" rel=\"bookmark\"><time class=\"entry-date\" datetime=\"2018-04-18T13:47:19-03:00\">18 abril, 2018<\/time><\/a><time class=\"updated\" datetime=\"2018-04-18T13:48:05-03:00\">18 abril, 2018<\/time>  \t\t\t\t<\/div><!-- .entry-meta -->\n\t\t\t\n\t\t<\/header><!-- .entry-header -->\n\n\t\t\t\t\t<div class=\"entry-content\">\n\t\t\t\t<p>Est\u00e1n disponible para su descarga los apuntes de LDR, NTC y PTC.<\/p>\n\t\t\t\t\t\t\t\t\t\t\t\t\t\t\t<\/div><!-- .entry-content -->\n\t\t\n\t\t\n\t<\/div>\n\n<\/article><!-- #post-555 -->\n\n\t\n\t\t\n<article id=\"post-544\" class=\"post-544 post type-post status-publish format-standard hentry category-sin-categoria\">\n\n\t\n\t<div class=\"entry-main\">\n\n\t\t\n\t\t<header class=\"entry-header\">\n\t\t\t\n\t\t\t<h1 class=\"entry-title\"><a href=\"https:\/\/catedras.facet.unt.edu.ar\/me\/2018\/04\/15\/trabajo-practico-n-4\/\" title=\"Enlace permanente a Trabajo Pr\u00e1ctico N\u00b0 4\" rel=\"bookmark\">Trabajo Pr\u00e1ctico N\u00b0 4<\/a><\/h1>\n\n\t\t\t\t\t\t\t<div class=\"entry-meta\">\n\t\t\t\t\tPublicado el <a href=\"https:\/\/catedras.facet.unt.edu.ar\/me\/2018\/04\/15\/trabajo-practico-n-4\/\" title=\"18:41\" rel=\"bookmark\"><time class=\"entry-date\" datetime=\"2018-04-15T18:41:31-03:00\">15 abril, 2018<\/time><\/a><time class=\"updated\" datetime=\"2018-04-15T18:41:31-03:00\">15 abril, 2018<\/time>  \t\t\t\t<\/div><!-- .entry-meta -->\n\t\t\t\n\t\t<\/header><!-- .entry-header -->\n\n\t\t\t\t\t<div class=\"entry-content\">\n\t\t\t\t<p>Esta disponible para su descarga el TP N\u00b0 4.<\/p>\n\t\t\t\t\t\t\t\t\t\t\t\t\t\t\t<\/div><!-- .entry-content -->\n\t\t\n\t\t\n\t<\/div>\n\n<\/article><!-- #post-544 -->\n\n\t\n\t\t\n<article id=\"post-539\" class=\"post-539 post type-post status-publish format-standard hentry category-sin-categoria\">\n\n\t\n\t<div class=\"entry-main\">\n\n\t\t\n\t\t<header class=\"entry-header\">\n\t\t\t\n\t\t\t<h1 class=\"entry-title\"><a href=\"https:\/\/catedras.facet.unt.edu.ar\/me\/2018\/04\/12\/consulta\/\" title=\"Enlace permanente a Consulta\" rel=\"bookmark\">Consulta<\/a><\/h1>\n\n\t\t\t\t\t\t\t<div class=\"entry-meta\">\n\t\t\t\t\tPublicado el <a href=\"https:\/\/catedras.facet.unt.edu.ar\/me\/2018\/04\/12\/consulta\/\" title=\"16:03\" rel=\"bookmark\"><time class=\"entry-date\" datetime=\"2018-04-12T16:03:16-03:00\">12 abril, 2018<\/time><\/a><time class=\"updated\" datetime=\"2018-04-12T16:03:16-03:00\">12 abril, 2018<\/time>  \t\t\t\t<\/div><!-- .entry-meta -->\n\t\t\t\n\t\t<\/header><!-- .entry-header -->\n\n\t\t\t\t\t<div class=\"entry-content\">\n\t\t\t\t<p>El Viernes 13 de 12 a 13 hs. consulta de Materiales El\u00e9ctricos.<\/p>\n\t\t\t\t\t\t\t\t\t\t\t\t\t\t\t<\/div><!-- .entry-content -->\n\t\t\n\t\t\n\t<\/div>\n\n<\/article><!-- #post-539 -->\n\n\t\n\t\t\n<article id=\"post-537\" class=\"post-537 post type-post status-publish format-standard hentry category-sin-categoria\">\n\n\t\n\t<div class=\"entry-main\">\n\n\t\t\n\t\t<header class=\"entry-header\">\n\t\t\t\n\t\t\t<h1 class=\"entry-title\"><a href=\"https:\/\/catedras.facet.unt.edu.ar\/me\/2018\/04\/08\/trabajo-practico-n-3\/\" title=\"Enlace permanente a Trabajo Pr\u00e1ctico N\u00b0 3\" rel=\"bookmark\">Trabajo Pr\u00e1ctico N\u00b0 3<\/a><\/h1>\n\n\t\t\t\t\t\t\t<div class=\"entry-meta\">\n\t\t\t\t\tPublicado el <a href=\"https:\/\/catedras.facet.unt.edu.ar\/me\/2018\/04\/08\/trabajo-practico-n-3\/\" title=\"11:41\" rel=\"bookmark\"><time class=\"entry-date\" datetime=\"2018-04-08T11:41:09-03:00\">8 abril, 2018<\/time><\/a><time class=\"updated\" datetime=\"2018-04-08T11:41:09-03:00\">8 abril, 2018<\/time>  \t\t\t\t<\/div><!-- .entry-meta -->\n\t\t\t\n\t\t<\/header><!-- .entry-header -->\n\n\t\t\t\t\t<div class=\"entry-content\">\n\t\t\t\t<p>Esta disponible para su descarga el TP N\u00b03.<\/p>\n\t\t\t\t\t\t\t\t\t\t\t\t\t\t\t<\/div><!-- .entry-content -->\n\t\t\n\t\t\n\t<\/div>\n\n<\/article><!-- #post-537 -->\n\n\t\n\t\t\n<article id=\"post-532\" class=\"post-532 post type-post status-publish format-standard hentry category-sin-categoria\">\n\n\t\n\t<div class=\"entry-main\">\n\n\t\t\n\t\t<header class=\"entry-header\">\n\t\t\t\n\t\t\t<h1 class=\"entry-title\"><a href=\"https:\/\/catedras.facet.unt.edu.ar\/me\/2018\/03\/23\/trabajo-practico-n-2\/\" title=\"Enlace permanente a Trabajo Pr\u00e1ctico N\u00b0 2\" rel=\"bookmark\">Trabajo Pr\u00e1ctico N\u00b0 2<\/a><\/h1>\n\n\t\t\t\t\t\t\t<div class=\"entry-meta\">\n\t\t\t\t\tPublicado el <a href=\"https:\/\/catedras.facet.unt.edu.ar\/me\/2018\/03\/23\/trabajo-practico-n-2\/\" title=\"17:41\" rel=\"bookmark\"><time class=\"entry-date\" datetime=\"2018-03-23T17:41:23-03:00\">23 marzo, 2018<\/time><\/a><time class=\"updated\" datetime=\"2018-03-23T18:08:06-03:00\">23 marzo, 2018<\/time>  \t\t\t\t<\/div><!-- .entry-meta -->\n\t\t\t\n\t\t<\/header><!-- .entry-header -->\n\n\t\t\t\t\t<div class=\"entry-content\">\n\t\t\t\t<p>23\/03\/2018<\/p>\n<p>Esta publicado el TP N\u00b0 2.<\/p>\n\t\t\t\t\t\t\t\t\t\t\t\t\t\t\t<\/div><!-- .entry-content -->\n\t\t\n\t\t\n\t<\/div>\n\n<\/article><!-- #post-532 -->\n\n\t\n\t\t\n<article id=\"post-528\" class=\"post-528 post type-post status-publish format-standard hentry category-sin-categoria\">\n\n\t\n\t<div class=\"entry-main\">\n\n\t\t\n\t\t<header class=\"entry-header\">\n\t\t\t\n\t\t\t<h1 class=\"entry-title\"><a href=\"https:\/\/catedras.facet.unt.edu.ar\/me\/2018\/03\/23\/trabajo-practico-n-1\/\" title=\"Enlace permanente a Trabajo Pr\u00e1ctico N\u00b0 1\" rel=\"bookmark\">Trabajo Pr\u00e1ctico N\u00b0 1<\/a><\/h1>\n\n\t\t\t\t\t\t\t<div class=\"entry-meta\">\n\t\t\t\t\tPublicado el <a href=\"https:\/\/catedras.facet.unt.edu.ar\/me\/2018\/03\/23\/trabajo-practico-n-1\/\" title=\"17:39\" rel=\"bookmark\"><time class=\"entry-date\" datetime=\"2018-03-23T17:39:44-03:00\">23 marzo, 2018<\/time><\/a><time class=\"updated\" datetime=\"2018-03-23T17:39:44-03:00\">23 marzo, 2018<\/time>  \t\t\t\t<\/div><!-- .entry-meta -->\n\t\t\t\n\t\t<\/header><!-- .entry-header -->\n\n\t\t\t\t\t<div class=\"entry-content\">\n\t\t\t\t<p>23\/03\/2018<\/p>\n<p>Esta publicado el TP N\u00b0 1.<\/p>\n\t\t\t\t\t\t\t\t\t\t\t\t\t\t\t<\/div><!-- .entry-content -->\n\t\t\n\t\t\n\t<\/div>\n\n<\/article><!-- #post-528 -->\n\n\t\n\t\t\n<article id=\"post-522\" class=\"post-522 post type-post status-publish format-standard hentry category-sin-categoria\">\n\n\t\n\t<div class=\"entry-main\">\n\n\t\t\n\t\t<header class=\"entry-header\">\n\t\t\t\n\t\t\t<h1 class=\"entry-title\"><a href=\"https:\/\/catedras.facet.unt.edu.ar\/me\/2018\/03\/13\/primera-reunion\/\" title=\"Enlace permanente a Primera Reuni\u00f3n\" rel=\"bookmark\">Primera Reuni\u00f3n<\/a><\/h1>\n\n\t\t\t\t\t\t\t<div class=\"entry-meta\">\n\t\t\t\t\tPublicado el <a href=\"https:\/\/catedras.facet.unt.edu.ar\/me\/2018\/03\/13\/primera-reunion\/\" title=\"11:25\" rel=\"bookmark\"><time class=\"entry-date\" datetime=\"2018-03-13T11:25:51-03:00\">13 marzo, 2018<\/time><\/a><time class=\"updated\" datetime=\"2018-03-13T11:25:51-03:00\">13 marzo, 2018<\/time>  \t\t\t\t<\/div><!-- .entry-meta -->\n\t\t\t\n\t\t<\/header><!-- .entry-header -->\n\n\t\t\t\t\t<div class=\"entry-content\">\n\t\t\t\t<p>La primera reuni\u00f3n\u00a0ser\u00e1 el d\u00eda Mi\u00e9rcoles 14 de Marzo a las 10:00 Hs en el Aula del block 1 (01-03-01) DEEEC3.<\/p>\n\t\t\t\t\t\t\t\t\t\t\t\t\t\t\t<\/div><!-- .entry-content -->\n\t\t\n\t\t\n\t<\/div>\n\n<\/article><!-- #post-522 -->\n\n\t\n\t\n<\/div><\/div><div id=\"pgc-37-0-1\"  class=\"panel-grid-cell\" ><div id=\"panel-37-0-1-0\" class=\"so-panel widget panel-first-child panel-last-child\" data-index=\"1\" ><\/div><\/div><\/div><\/div><\/div>","protected":false},"excerpt":{"rendered":"<p>Bienvenidos a la P\u00e1gina de Dispositivos Electr\u00f3nicos Para Ingenier\u00eda Electr\u00f3nica y Biom\u00e9dica<\/p>\n","protected":false},"author":1,"featured_media":0,"parent":0,"menu_order":0,"comment_status":"closed","ping_status":"closed","template":"home-panels.php","meta":[],"_links":{"self":[{"href":"https:\/\/catedras.facet.unt.edu.ar\/me\/wp-json\/wp\/v2\/pages\/37"}],"collection":[{"href":"https:\/\/catedras.facet.unt.edu.ar\/me\/wp-json\/wp\/v2\/pages"}],"about":[{"href":"https:\/\/catedras.facet.unt.edu.ar\/me\/wp-json\/wp\/v2\/types\/page"}],"author":[{"embeddable":true,"href":"https:\/\/catedras.facet.unt.edu.ar\/me\/wp-json\/wp\/v2\/users\/1"}],"replies":[{"embeddable":true,"href":"https:\/\/catedras.facet.unt.edu.ar\/me\/wp-json\/wp\/v2\/comments?post=37"}],"version-history":[{"count":2,"href":"https:\/\/catedras.facet.unt.edu.ar\/me\/wp-json\/wp\/v2\/pages\/37\/revisions"}],"predecessor-version":[{"id":46,"href":"https:\/\/catedras.facet.unt.edu.ar\/me\/wp-json\/wp\/v2\/pages\/37\/revisions\/46"}],"wp:attachment":[{"href":"https:\/\/catedras.facet.unt.edu.ar\/me\/wp-json\/wp\/v2\/media?parent=37"}],"curies":[{"name":"wp","href":"https:\/\/api.w.org\/{rel}","templated":true}]}}