{"id":2,"date":"2013-11-22T14:58:07","date_gmt":"2013-11-22T17:58:07","guid":{"rendered":"https:\/\/catedras.facet.unt.edu.ar\/sitio1\/?page_id=2"},"modified":"2015-03-17T11:58:37","modified_gmt":"2015-03-17T14:58:37","slug":"programa","status":"publish","type":"page","link":"https:\/\/catedras.facet.unt.edu.ar\/me\/programa\/","title":{"rendered":"Programa"},"content":{"rendered":"<p><strong>1) ESTRUCTURA AT\u00d3MICA I<\/strong><br \/>\n\u00c1tomo. Part\u00edculas subat\u00f3micas. \u00c1tomo de Hidr\u00f3geno: Modelo de Bohr. Cuantizaci\u00f3n de la energ\u00eda. Fot\u00f3n. Dualidad onda \u2013 part\u00edcula. Propiedades ondulatorias de las part\u00edculas. Longitud de onda de de Broglie. Funci\u00f3n de onda. Principio de incertidumbre de Heinsenberg.<\/p>\n<p>&nbsp;<\/p>\n<p><strong>2) ESTRUCTURA AT\u00d3MICA II<\/strong><br \/>\nEcuaci\u00f3n de Schroedinger. Soluciones para el \u00e1tomo de Hidr\u00f3geno: N\u00fameros Cu\u00e1nticos. Spin electr\u00f3nico. Orbitales at\u00f3micos.. \u00c1tomos con m\u00e1s de un electr\u00f3n. Principio de exclusi\u00f3n de Pauli. Configuraci\u00f3n electr\u00f3nica.<\/p>\n<p>&nbsp;<\/p>\n<p><strong>3)\u00a0ESTADOS DE LA MATERIA<\/strong><br \/>\nEnlaces: I\u00f3nico, covalente. Estados de la materia, propiedades. Estado s\u00f3lido. S\u00f3lido cristalino, amorfo. Enlace Met\u00e1lico. Cristales I\u00f3nicos y covalentes. Modelo de Bandas de Energ\u00eda en s\u00f3lidos. Diagrama de bandas de energ\u00eda para conductores, aisladores y semiconductores.<\/p>\n<p>&nbsp;<\/p>\n<p><strong>4)\u00a0MATERIALES CONDUCTORES<\/strong><br \/>\nFunci\u00f3n de Distribuci\u00f3n de Energ\u00eda. Funci\u00f3n de Probabilidad de Fermi. Energ\u00eda de Fermi. Funci\u00f3n Densidad de Estados. Conducci\u00f3n de corriente el\u00e9ctrica en conductores. Movilidad. Conductividad. Dependencia con la temperatura. Ley de OHM microsc\u00f3pica. Superconductores.<\/p>\n<p>&nbsp;<\/p>\n<p><strong>5)\u00a0MATERIALES SEMICONDUCTORES<\/strong><br \/>\nConducci\u00f3n de corriente el\u00e9ctrica en semiconductores. Por campo el\u00e9ctrico, Movilidad y Conductividad. Bandas incompletas. El modelo de Hueco. Conducci\u00f3n unipolar y bipolar.<br \/>\nSemiconductor Intr\u00ednseco y Extr\u00ednseco. Ley de acci\u00f3n de masas. Impurezas Donoras y Aceptoras. Ubicaci\u00f3n del nivel de Fermi con la concentraci\u00f3n de Impurezas. Influencia de la Temperatura: variaci\u00f3n de la Movilidad y Conductividad. Generaci\u00f3n y Recombinaci\u00f3n. Tiempo de vida medio. Corriente por Difusi\u00f3n. Relaci\u00f3n entre movilidad y Difusi\u00f3n. Ecuaci\u00f3n de Continuidad. Inyecci\u00f3n de Corriente. Efecto Hall.<\/p>\n<p>&nbsp;<\/p>\n<p><strong>6)\u00a0JUNTURA PN<\/strong><br \/>\nRegi\u00f3n de carga espacial. Potencial de difusi\u00f3n. La uni\u00f3n PN como rectificador, polarizaci\u00f3n directa, circuito abierto, polarizaci\u00f3n inversa. La ecuaci\u00f3n del diodo (caracter\u00edstica Volt Ampere). Corriente de saturaci\u00f3n inversa. Tensi\u00f3n Umbral. Capacitancia de la zona de carga espacial (capacitancia de Transici\u00f3n o Juntura) Capacitancia de difusi\u00f3n. Ruptura Inversa.<\/p>\n<p>&nbsp;<\/p>\n<p><strong>7)\u00a0MATERIALES AISLADORES Y DIEL\u00c9CTRICOS<\/strong><br \/>\nAisladores, anomal\u00edas, materiales aisladores. Propiedades diel\u00e9ctricas de los materiales. Polarizaci\u00f3n y constante diel\u00e9ctrica. Polarizabilidades electr\u00f3nica, i\u00f3nica, y orientacional. Campo interno. Comportamiento de los diel\u00e9ctricos ante campos alternos. Resonancia y p\u00e9rdidas. Rigidez diel\u00e9ctrica. Influencia de la temperatura.<br \/>\nCapacidad Volum\u00e9trica. Aplicaciones de aisladores y diel\u00e9ctricos.<\/p>\n<p>&nbsp;<\/p>\n<p>&nbsp;<\/p>\n<p><strong>8)\u00a0MATERIALES MAGN\u00c9TICOS<\/strong><br \/>\nPropiedades magn\u00e9ticas de los materiales. Origen at\u00f3mico del magnetismo. Momento orbital magn\u00e9tico, momento angular espin. Magnetizaci\u00f3n y permeabilidad relativa. Clasificaci\u00f3n de los materiales magn\u00e9ticos. Materiales diamagn\u00e9ticos, paramagn\u00e9ticos, ferromagn\u00e9ticos, antiferromagn\u00e9ticos y ferrimagn\u00e9ticos. Regla de Hund. Hierro Silicio y Grano orientado. Ferritos. Imanes. Influencia de la temperatura Ley de Curie y la frecuencia de trabajo.<\/p>\n<p>&nbsp;<\/p>\n<p><strong>9)\u00a0CONDUCCI\u00d3N EN GASES<\/strong><br \/>\nMecanismos de generaci\u00f3n de portadores en gases. Recombinaci\u00f3n. Descarga no automantenida : zona ohmica, de saturaci\u00f3n, zona de ionizaci\u00f3n secundaria. Emisi\u00f3n secundaria. Ruptura,. Descarga automantenida. Caracter\u00edstica Tensi\u00f3n Corriente de la descarga . Arco.<\/p>\n<p>&nbsp;<\/p>\n<p><strong>10)\u00a0JUNTURA METAL-SEMICONDUCTOR<\/strong><br \/>\nContacto metal Semiconductor tipo N y tipo P: Diagrama de bandas de energ\u00eda antes y despu\u00e9s del contacto.;contacto rectificante, potencial de juntura, zona deplexi\u00f3n; capacidad de juntura; diagrama de bandas de energ\u00eda con polarizaci\u00f3n directa e inversa; contactos no rectificantes ; diagrama de bandas de energ\u00eda con polarizaci\u00f3n directa e inversa; curvas caracter\u00edsticas corriente versus tensi\u00f3n; aplicaciones de la Juntura Metal Semiconductor.<\/p>\n<p>&nbsp;<\/p>\n<p><strong>11)<\/strong>\u00a0<strong>DIODOS SEMICONDUCTORES<\/strong><br \/>\nJuntura: zonas neutras y zona de carga espacial (deplexi\u00f3n), tipos de corrientes en cada zona seg\u00fan la tensi\u00f3n aplicada. Diodo Ideal: Definici\u00f3n, S\u00edmbolo circuital del diodo y convenci\u00f3n de tensiones y corrientes, la caracter\u00edsticas volt-ampere. Modelo del diodo Ideal: ecuaci\u00f3n, par\u00e1metros de la ecuaci\u00f3n I<sub>S<\/sub> y U<sub>T<\/sub>. Limitaci\u00f3n del modelo: Potencia m\u00e1xima, Generaci\u00f3n y Recombinaci\u00f3n en zona de deflexi\u00f3n, Ca\u00edda de tensi\u00f3n en Zonas Neutras, Inyecci\u00f3n de Alto Nivel. Factores T\u00e9rmicos, resistencia t\u00e9rmica de disipadores.<\/p>\n","protected":false},"excerpt":{"rendered":"<p>1) ESTRUCTURA AT\u00d3MICA I \u00c1tomo. Part\u00edculas subat\u00f3micas. \u00c1tomo de Hidr\u00f3geno: Modelo de Bohr. Cuantizaci\u00f3n de la energ\u00eda. Fot\u00f3n. Dualidad onda \u2013 part\u00edcula. Propiedades ondulatorias de las part\u00edculas. Longitud de onda de de Broglie. Funci\u00f3n de onda. Principio de incertidumbre de Heinsenberg. &nbsp; 2) ESTRUCTURA AT\u00d3MICA II Ecuaci\u00f3n de Schroedinger. Soluciones para el \u00e1tomo de Hidr\u00f3geno: [&hellip;]<\/p>\n","protected":false},"author":1,"featured_media":0,"parent":0,"menu_order":1,"comment_status":"closed","ping_status":"closed","template":"","meta":[],"_links":{"self":[{"href":"https:\/\/catedras.facet.unt.edu.ar\/me\/wp-json\/wp\/v2\/pages\/2"}],"collection":[{"href":"https:\/\/catedras.facet.unt.edu.ar\/me\/wp-json\/wp\/v2\/pages"}],"about":[{"href":"https:\/\/catedras.facet.unt.edu.ar\/me\/wp-json\/wp\/v2\/types\/page"}],"author":[{"embeddable":true,"href":"https:\/\/catedras.facet.unt.edu.ar\/me\/wp-json\/wp\/v2\/users\/1"}],"replies":[{"embeddable":true,"href":"https:\/\/catedras.facet.unt.edu.ar\/me\/wp-json\/wp\/v2\/comments?post=2"}],"version-history":[{"count":8,"href":"https:\/\/catedras.facet.unt.edu.ar\/me\/wp-json\/wp\/v2\/pages\/2\/revisions"}],"predecessor-version":[{"id":122,"href":"https:\/\/catedras.facet.unt.edu.ar\/me\/wp-json\/wp\/v2\/pages\/2\/revisions\/122"}],"wp:attachment":[{"href":"https:\/\/catedras.facet.unt.edu.ar\/me\/wp-json\/wp\/v2\/media?parent=2"}],"curies":[{"name":"wp","href":"https:\/\/api.w.org\/{rel}","templated":true}]}}