{"id":86,"date":"2017-09-26T15:18:53","date_gmt":"2017-09-26T18:18:53","guid":{"rendered":"https:\/\/catedras.facet.unt.edu.ar\/matnum\/?page_id=86"},"modified":"2025-08-27T20:04:22","modified_gmt":"2025-08-27T23:04:22","slug":"novedades","status":"publish","type":"page","link":"https:\/\/catedras.facet.unt.edu.ar\/matnum\/novedades\/","title":{"rendered":"Novedades"},"content":{"rendered":"<h2 style=\"text-align: center\"><span style=\"color: #800000\"><strong>NOVEDADES<\/strong><\/span><\/h2>\n<hr \/>\n<p><strong style=\"color: #800000\">27-AGO-2025 &#8211; <\/strong><span style=\"color: #000000\">El curso inicia el <strong>lunes 15 de setiembre<\/strong>. Para inscribirse, completar el formulario <strong><a href=\"https:\/\/forms.gle\/5TQfKCjw92Ff7EN97\" target=\"_blank\" rel=\"noopener noreferrer\">https:\/\/forms.gle\/5TQfKCjw92Ff7EN97<\/a><\/strong><\/span><\/p>\n<p>Las clases ser\u00e1n los d\u00edas lunes de 14:00 a 18:00 hs.<\/p>\n<hr \/>\n<p><span style=\"color: #800000\"><strong>28-JUL-2025 &#8211; <\/strong><span style=\"color: #000000\">Se dictar\u00e1 el curso durante los meses de setiembre y octubre. Los interesados comunicarse por correo a <strong><a href=\"mailto:mna@herrera.unt.edu.ar\">mna@herrera.unt.edu.ar<\/a><\/strong>\u00a0<\/span><\/span><\/p>\n<hr \/>\n<p>&nbsp;<\/p>\n<p>&nbsp;<\/p>\n<p>&nbsp;<\/p>\n<p>&nbsp;<\/p>\n","protected":false},"excerpt":{"rendered":"<p>NOVEDADES 27-AGO-2025 &#8211; El curso inicia el lunes 15 de setiembre. Para inscribirse, completar el formulario https:\/\/forms.gle\/5TQfKCjw92Ff7EN97 Las clases ser\u00e1n los d\u00edas lunes de 14:00 a 18:00 hs. 28-JUL-2025 &#8211; Se dictar\u00e1 el curso durante los meses de setiembre y octubre. Los interesados comunicarse por correo a mna@herrera.unt.edu.ar\u00a0 &nbsp; &nbsp; &nbsp; &nbsp;<\/p>\n","protected":false},"author":184,"featured_media":0,"parent":0,"menu_order":5,"comment_status":"closed","ping_status":"closed","template":"templates\/template-full.php","meta":[],"_links":{"self":[{"href":"https:\/\/catedras.facet.unt.edu.ar\/matnum\/wp-json\/wp\/v2\/pages\/86"}],"collection":[{"href":"https:\/\/catedras.facet.unt.edu.ar\/matnum\/wp-json\/wp\/v2\/pages"}],"about":[{"href":"https:\/\/catedras.facet.unt.edu.ar\/matnum\/wp-json\/wp\/v2\/types\/page"}],"author":[{"embeddable":true,"href":"https:\/\/catedras.facet.unt.edu.ar\/matnum\/wp-json\/wp\/v2\/users\/184"}],"replies":[{"embeddable":true,"href":"https:\/\/catedras.facet.unt.edu.ar\/matnum\/wp-json\/wp\/v2\/comments?post=86"}],"version-history":[{"count":34,"href":"https:\/\/catedras.facet.unt.edu.ar\/matnum\/wp-json\/wp\/v2\/pages\/86\/revisions"}],"predecessor-version":[{"id":413,"href":"https:\/\/catedras.facet.unt.edu.ar\/matnum\/wp-json\/wp\/v2\/pages\/86\/revisions\/413"}],"wp:attachment":[{"href":"https:\/\/catedras.facet.unt.edu.ar\/matnum\/wp-json\/wp\/v2\/media?parent=86"}],"curies":[{"name":"wp","href":"https:\/\/api.w.org\/{rel}","templated":true}]}}