{"id":84,"date":"2017-09-26T15:16:04","date_gmt":"2017-09-26T18:16:04","guid":{"rendered":"https:\/\/catedras.facet.unt.edu.ar\/matnum\/?page_id=84"},"modified":"2024-07-29T12:17:21","modified_gmt":"2024-07-29T15:17:21","slug":"bibliografia","status":"publish","type":"page","link":"https:\/\/catedras.facet.unt.edu.ar\/matnum\/bibliografia\/","title":{"rendered":"Bibliograf\u00eda"},"content":{"rendered":"<h2 style=\"text-align: center\"><span style=\"color: #800000\"><strong>BIBLIOGRAF\u00cdA<\/strong><\/span><\/h2>\n<p style=\"text-align: left\"><span style=\"color: #800000\"><strong><a href=\"https:\/\/catedras.facet.unt.edu.ar\/matnum\/wp-content\/uploads\/sites\/87\/2017\/09\/Biblio1.jpg\"><img loading=\"lazy\" class=\"wp-image-102 alignleft\" src=\"https:\/\/catedras.facet.unt.edu.ar\/matnum\/wp-content\/uploads\/sites\/87\/2017\/09\/Biblio1.jpg\" alt=\"\" width=\"154\" height=\"198\" \/><\/a><\/strong><\/span><\/p>\n<p>&nbsp;<\/p>\n<p style=\"text-align: left\"><span style=\"color: #800000\"><strong>AN\u00c1LISIS NUM\u00c9RICO<\/strong><\/span><br \/>\nISBN 9789706861344<br \/>\nBurden, Richard L. y Faires, Douglas<br \/>\nEditorial THOMSON INTERNATIONAL<br \/>\n7ma. Edici\u00f3n<\/p>\n<p>&nbsp;<\/p>\n<p><span style=\"color: #800000\"><strong><a href=\"https:\/\/catedras.facet.unt.edu.ar\/matnum\/wp-content\/uploads\/sites\/87\/2017\/09\/Biblio2.jpg\"><img loading=\"lazy\" class=\" wp-image-104 alignleft\" src=\"https:\/\/catedras.facet.unt.edu.ar\/matnum\/wp-content\/uploads\/sites\/87\/2017\/09\/Biblio2.jpg\" alt=\"\" width=\"155\" height=\"191\" \/><\/a><\/strong><\/span><\/p>\n<p>&nbsp;<\/p>\n<p><span style=\"color: #800000\"><strong>M\u00c9TODOS NUM\u00c9RICOS PARA INGENIEROS<\/strong><\/span><br \/>\nISBN 9789701061145<br \/>\nChapra, Steven C.\u00a0 y Canale,\u00a0 Raymond P.<br \/>\nEditorial MCGRAW-HILL<br \/>\n5ta. Edici\u00f3n<\/p>\n<p>&nbsp;<\/p>\n<p><strong><span style=\"color: #800000\"><a href=\"https:\/\/catedras.facet.unt.edu.ar\/matnum\/wp-content\/uploads\/sites\/87\/2017\/09\/Biblio3.jpg\"><img loading=\"lazy\" class=\" wp-image-106 alignleft\" src=\"https:\/\/catedras.facet.unt.edu.ar\/matnum\/wp-content\/uploads\/sites\/87\/2017\/09\/Biblio3.jpg\" alt=\"\" width=\"158\" height=\"201\" \/><\/a><\/span><\/strong><\/p>\n<p>&nbsp;<\/p>\n<p><strong><span style=\"color: #800000\">AN\u00c1LISIS NUM\u00c9RICO CON APLICACIONES<\/span><\/strong><br \/>\nISBN 9684443935<br \/>\nGerald, Curtis F. y Wheatley, Patrick O.<br \/>\nEditorial PEARSON EDUCACION<br \/>\n6ta. Edici\u00f3n<\/p>\n<p>&nbsp;<\/p>\n<p>&nbsp;<\/p>\n<p style=\"text-align: left\"><a href=\"https:\/\/catedras.facet.unt.edu.ar\/matnum\/wp-content\/uploads\/sites\/87\/2017\/09\/Biblio4.jpg\"><img loading=\"lazy\" class=\"alignleft wp-image-107\" src=\"https:\/\/catedras.facet.unt.edu.ar\/matnum\/wp-content\/uploads\/sites\/87\/2017\/09\/Biblio4.jpg\" alt=\"\" width=\"156\" height=\"173\" \/><\/a><\/p>\n<p><span style=\"color: #800000\"><strong>SCIENTIFIC COMPUTING<\/strong><\/span><br \/>\nAn Introductory Survey<br \/>\nISBN 0072399104<br \/>\nMichael T. Heath<br \/>\nEditorial McGraw-Hill (New York)<br \/>\n2da. Edici\u00f3n (2004)<\/p>\n<p>&nbsp;<\/p>\n<p>&nbsp;<\/p>\n<p><strong><span style=\"color: #800000\"><a href=\"https:\/\/catedras.facet.unt.edu.ar\/matnum\/wp-content\/uploads\/sites\/87\/2017\/09\/www.png\"><img loading=\"lazy\" class=\" wp-image-113 alignleft\" src=\"https:\/\/catedras.facet.unt.edu.ar\/matnum\/wp-content\/uploads\/sites\/87\/2017\/09\/www-300x225.png\" alt=\"\" width=\"160\" height=\"120\" srcset=\"https:\/\/catedras.facet.unt.edu.ar\/matnum\/wp-content\/uploads\/sites\/87\/2017\/09\/www-300x225.png 300w, https:\/\/catedras.facet.unt.edu.ar\/matnum\/wp-content\/uploads\/sites\/87\/2017\/09\/www.png 400w\" sizes=\"(max-width: 160px) 100vw, 160px\" \/><\/a><\/span><\/strong><\/p>\n<p><strong><span style=\"color: #800000\">NUMERICAL COMPUTING WITH MATLAB<\/span><\/strong><br \/>\nISBN 978-0-898715-60-6<br \/>\nCleve B. Moler<br \/>\nMathWorks, Inc., Natick, USA (2004)<br \/>\nDisponible ONLINE: <em><strong><a href=\"http:\/\/www.mathworks.com\/moler\" target=\"_blank\" rel=\"noopener noreferrer\">http:\/\/www.mathworks.com\/moler<\/a><\/strong><\/em><\/p>\n<p>&nbsp;<\/p>\n<p><a href=\"https:\/\/catedras.facet.unt.edu.ar\/matnum\/wp-content\/uploads\/sites\/87\/2018\/11\/9780521192255.jpg\"><img loading=\"lazy\" class=\"wp-image-259 alignleft\" src=\"https:\/\/catedras.facet.unt.edu.ar\/matnum\/wp-content\/uploads\/sites\/87\/2018\/11\/9780521192255.jpg\" alt=\"\" width=\"160\" height=\"215\" \/><\/a><\/p>\n<p>&nbsp;<\/p>\n<p><strong><span style=\"color: #800000\">NIST HANDBOOK OF MATHEMATICAL FUNCTIONS<\/span><\/strong><br \/>\nISBN 978-0-521-14063-8<br \/>\nOlver, F., Lozier, D., Boisvert, R. &amp; Clark, C. (Editores)<br \/>\nCambridge University Press (2010)<br \/>\nDisponible ONLINE: <em><strong><a href=\"https:\/\/dlmf.nist.gov\/\" target=\"_blank\" rel=\"noopener noreferrer\">https:\/\/dlmf.nist.gov\/<\/a><\/strong><\/em><\/p>\n<p>&nbsp;<\/p>\n<p>&nbsp;<\/p>\n","protected":false},"excerpt":{"rendered":"<p>BIBLIOGRAF\u00cdA &nbsp; AN\u00c1LISIS NUM\u00c9RICO ISBN 9789706861344 Burden, Richard L. y Faires, Douglas Editorial THOMSON INTERNATIONAL 7ma. Edici\u00f3n &nbsp; &nbsp; M\u00c9TODOS NUM\u00c9RICOS PARA INGENIEROS ISBN 9789701061145 Chapra, Steven C.\u00a0 y Canale,\u00a0 Raymond P. Editorial MCGRAW-HILL 5ta. Edici\u00f3n &nbsp; &nbsp; AN\u00c1LISIS NUM\u00c9RICO CON APLICACIONES ISBN 9684443935 Gerald, Curtis F. y Wheatley, Patrick O. Editorial PEARSON EDUCACION 6ta. [&hellip;]<\/p>\n","protected":false},"author":184,"featured_media":0,"parent":0,"menu_order":4,"comment_status":"closed","ping_status":"closed","template":"templates\/template-full.php","meta":[],"_links":{"self":[{"href":"https:\/\/catedras.facet.unt.edu.ar\/matnum\/wp-json\/wp\/v2\/pages\/84"}],"collection":[{"href":"https:\/\/catedras.facet.unt.edu.ar\/matnum\/wp-json\/wp\/v2\/pages"}],"about":[{"href":"https:\/\/catedras.facet.unt.edu.ar\/matnum\/wp-json\/wp\/v2\/types\/page"}],"author":[{"embeddable":true,"href":"https:\/\/catedras.facet.unt.edu.ar\/matnum\/wp-json\/wp\/v2\/users\/184"}],"replies":[{"embeddable":true,"href":"https:\/\/catedras.facet.unt.edu.ar\/matnum\/wp-json\/wp\/v2\/comments?post=84"}],"version-history":[{"count":17,"href":"https:\/\/catedras.facet.unt.edu.ar\/matnum\/wp-json\/wp\/v2\/pages\/84\/revisions"}],"predecessor-version":[{"id":402,"href":"https:\/\/catedras.facet.unt.edu.ar\/matnum\/wp-json\/wp\/v2\/pages\/84\/revisions\/402"}],"wp:attachment":[{"href":"https:\/\/catedras.facet.unt.edu.ar\/matnum\/wp-json\/wp\/v2\/media?parent=84"}],"curies":[{"name":"wp","href":"https:\/\/api.w.org\/{rel}","templated":true}]}}