{"id":37,"date":"2014-08-12T11:49:09","date_gmt":"2014-08-12T14:49:09","guid":{"rendered":"https:\/\/catedras.facet.unt.edu.ar\/matnum\/home\/"},"modified":"2025-08-27T20:00:01","modified_gmt":"2025-08-27T23:00:01","slug":"home","status":"publish","type":"page","link":"https:\/\/catedras.facet.unt.edu.ar\/matnum\/","title":{"rendered":"Principal"},"content":{"rendered":"<p>Este es un curso obligatorio de la Maestr\u00eda en\u00a0<span style=\"color: #9c0202\"><strong>M\u00e9todos Num\u00e9ricos y Computacionales en<span style=\"color: #9c0202\"> Ingeni<\/span>er\u00eda<\/strong><\/span> \u00a0con una carga horaria de <span style=\"color: #9c0202\"><strong>80 horas<\/strong>.<\/span> Se dicta una vez al a\u00f1o en\u00a0la Facultad de Ciencias Exactas y Tecnolog\u00eda de la Universidad Nacional de Tucum\u00e1n. Tambi\u00e9n otorga cr\u00e9ditos para el <span style=\"color: #9c0202\"><strong>Doctorado en Ciencias Exactas e Ingenier\u00eda<\/strong><\/span> de la misma Facultad.<\/p>\n<p>El dictado est\u00e1 a cargo del Dr. Mario Rodolfo Cesca del Departamento de Ingenier\u00eda de Procesos .<\/p>\n<p>Al finalizar el curso el alumno:<\/p>\n<ul>\n<li>Podr\u00e1 comprender el significado y alcance de los modelos matem\u00e1ticos en ciencia e ingenier\u00eda y como se resuelven con c\u00e1lculo num\u00e9rico<\/li>\n<li>Podr\u00e1 analizar los errores que se cometen en el c\u00f3mputo con ordenadores digitales<\/li>\n<li>Adquirir\u00e1 un primer panorama de las principales t\u00e9cnicas num\u00e9ricas que se aplican en la resoluci\u00f3n de modelos matem\u00e1ticos en ciencia e ingenier\u00eda<\/li>\n<li>Tendr\u00e1 capacidad para elaborar programas para resolver problemas num\u00e9ricos e interpretar programas existentes en aplicaciones simples<\/li>\n<li>Comprender\u00e1 las posibilidades de c\u00e1lculo del software Matlab (MathWorks) para la resoluci\u00f3n num\u00e9rica de modelos matem\u00e1ticos.<\/li>\n<\/ul>\n<p><span style=\"color: #9c0202\"><strong>Para la aprobaci\u00f3n se requiere<\/strong>:<\/span><\/p>\n<ul>\n<li>Asistencia de al menos el 80 % de las clases<\/li>\n<li>Remitir electr\u00f3nicamente los problemas de los trabajos pr\u00e1cticos, antes de los 14 d\u00edas posteriores a la finalizaci\u00f3n del dictado del Tema correspondiente. Habr\u00e1 una instancia intermedia a los 7 d\u00edas para discutir la resoluci\u00f3n.<\/li>\n<li>Resolver el problema final que se asigne en forma individual y enviarlo electr\u00f3nicamente 24 horas despu\u00e9s de que le fuera entregado.<\/li>\n<li>Presentar en soporte electr\u00f3nico los Trabajos Pr\u00e1cticos y el Problema Final.<\/li>\n<li>Nota final resultar\u00e1 de considerar la resoluci\u00f3n de los problemas (40 %) y el desarrollo del problema final (50 %) y asistencia (10 %).<\/li>\n<\/ul>\n<p><span style=\"color: #9c0202\"><strong>URL<\/strong><\/span> de este sirio:\u00a0<span style=\"color: #9c0202\"><strong><a style=\"color: #9c0202\" href=\"https:\/\/catedras.facet.unt.edu.ar\/matnum\">https:\/\/catedras.facet.unt.edu.ar\/matnum<\/a><\/strong><\/span><\/p>\n<p><span style=\"color: #9c0202;font-size: medium\"><b>Por cualquier consulta, d<span style=\"color: #9c0202\">irigir<\/span>se a:<\/b><\/span><\/p>\n<blockquote>\n<p style=\"padding-left: 30px\"><span style=\"font-size: medium\">Dr. Mario Rodolfo Cesca<br \/>\nDepartamento de Ingenier\u00eda de Procesos y Gesti\u00f3n Industrial<br \/>\nFacultad de Ciencias Exactas y Tecnolog\u00eda<br \/>\nUniversidad Nacional de Tucum\u00e1n<br \/>\nAv. Independencia 1800<\/span><br \/>\n<span style=\"font-size: medium\">Block 4 &#8211; Oficina 4-4-26<br \/>\n4000 &#8211; San Miguel de TUCUM\u00c1N<br \/>\nARGENTINA<br \/>\nTE:\u00a0 +54-381-4364093 Int. 7702 o 7723<br \/>\n+54-381-4107573<br \/>\nFAX: +54-381+4363004<br \/>\ne-mail:<span style=\"color: #0000ff\">\u00a0<\/span><a href=\"mailto:mna@herrera.unt.edu.ar\"><b><span style=\"color: #0000ff;font-size: medium\">mna@herrera.unt.edu.ar<\/span><\/b><\/a><\/span><\/p>\n<\/blockquote>\n","protected":false},"excerpt":{"rendered":"<p>Este es un curso obligatorio de la Maestr\u00eda en\u00a0M\u00e9todos Num\u00e9ricos y Computacionales en Ingenier\u00eda \u00a0con una carga horaria de 80 horas. Se dicta una vez al a\u00f1o en\u00a0la Facultad de Ciencias Exactas y Tecnolog\u00eda de la Universidad Nacional de Tucum\u00e1n. Tambi\u00e9n otorga cr\u00e9ditos para el Doctorado en Ciencias Exactas e Ingenier\u00eda de la misma Facultad. [&hellip;]<\/p>\n","protected":false},"author":1,"featured_media":0,"parent":0,"menu_order":0,"comment_status":"closed","ping_status":"closed","template":"templates\/template-full.php","meta":[],"_links":{"self":[{"href":"https:\/\/catedras.facet.unt.edu.ar\/matnum\/wp-json\/wp\/v2\/pages\/37"}],"collection":[{"href":"https:\/\/catedras.facet.unt.edu.ar\/matnum\/wp-json\/wp\/v2\/pages"}],"about":[{"href":"https:\/\/catedras.facet.unt.edu.ar\/matnum\/wp-json\/wp\/v2\/types\/page"}],"author":[{"embeddable":true,"href":"https:\/\/catedras.facet.unt.edu.ar\/matnum\/wp-json\/wp\/v2\/users\/1"}],"replies":[{"embeddable":true,"href":"https:\/\/catedras.facet.unt.edu.ar\/matnum\/wp-json\/wp\/v2\/comments?post=37"}],"version-history":[{"count":11,"href":"https:\/\/catedras.facet.unt.edu.ar\/matnum\/wp-json\/wp\/v2\/pages\/37\/revisions"}],"predecessor-version":[{"id":411,"href":"https:\/\/catedras.facet.unt.edu.ar\/matnum\/wp-json\/wp\/v2\/pages\/37\/revisions\/411"}],"wp:attachment":[{"href":"https:\/\/catedras.facet.unt.edu.ar\/matnum\/wp-json\/wp\/v2\/media?parent=37"}],"curies":[{"name":"wp","href":"https:\/\/api.w.org\/{rel}","templated":true}]}}