{"id":40,"date":"2014-12-30T09:35:20","date_gmt":"2014-12-30T12:35:20","guid":{"rendered":"https:\/\/catedras.facet.unt.edu.ar\/maqeleciii\/?page_id=40"},"modified":"2020-03-26T16:15:05","modified_gmt":"2020-03-26T19:15:05","slug":"pagina-privada","status":"publish","type":"page","link":"https:\/\/catedras.facet.unt.edu.ar\/maqeleci-ii\/pagina-privada\/","title":{"rendered":"P\u00e1gina Privada"},"content":{"rendered":"<ul>\n<li><a href=\"https:\/\/catedras.facet.unt.edu.ar\/maqeleci-ii\/wp-content\/uploads\/sites\/138\/2020\/03\/M-As_Garat_1.pdf\">M\u00e1quinas Asincr\u00f3nicas 1_ Garat<\/a><\/li>\n<li><a href=\"https:\/\/catedras.facet.unt.edu.ar\/maqeleci-ii\/wp-content\/uploads\/sites\/138\/2020\/03\/M-As_Garat_2.pdf\">M\u00e1quinas Asincr\u00f3nicas 2_ Garat<\/a><\/li>\n<li><a href=\"https:\/\/catedras.facet.unt.edu.ar\/maqeleci-ii\/wp-content\/uploads\/sites\/138\/2020\/03\/M-As_Garat_3.pdf\">M\u00e1quinas Asincr\u00f3nicas 3_Garat<\/a><\/li>\n<\/ul>\n<p>&nbsp;<\/p>\n","protected":false},"excerpt":{"rendered":"<p>M\u00e1quinas Asincr\u00f3nicas 1_ Garat M\u00e1quinas Asincr\u00f3nicas 2_ Garat M\u00e1quinas Asincr\u00f3nicas 3_Garat &nbsp;<\/p>\n","protected":false},"author":101881,"featured_media":159,"parent":0,"menu_order":0,"comment_status":"closed","ping_status":"closed","template":"","meta":[],"_links":{"self":[{"href":"https:\/\/catedras.facet.unt.edu.ar\/maqeleci-ii\/wp-json\/wp\/v2\/pages\/40"}],"collection":[{"href":"https:\/\/catedras.facet.unt.edu.ar\/maqeleci-ii\/wp-json\/wp\/v2\/pages"}],"about":[{"href":"https:\/\/catedras.facet.unt.edu.ar\/maqeleci-ii\/wp-json\/wp\/v2\/types\/page"}],"author":[{"embeddable":true,"href":"https:\/\/catedras.facet.unt.edu.ar\/maqeleci-ii\/wp-json\/wp\/v2\/users\/101881"}],"replies":[{"embeddable":true,"href":"https:\/\/catedras.facet.unt.edu.ar\/maqeleci-ii\/wp-json\/wp\/v2\/comments?post=40"}],"version-history":[{"count":7,"href":"https:\/\/catedras.facet.unt.edu.ar\/maqeleci-ii\/wp-json\/wp\/v2\/pages\/40\/revisions"}],"predecessor-version":[{"id":258,"href":"https:\/\/catedras.facet.unt.edu.ar\/maqeleci-ii\/wp-json\/wp\/v2\/pages\/40\/revisions\/258"}],"wp:featuredmedia":[{"embeddable":true,"href":"https:\/\/catedras.facet.unt.edu.ar\/maqeleci-ii\/wp-json\/wp\/v2\/media\/159"}],"wp:attachment":[{"href":"https:\/\/catedras.facet.unt.edu.ar\/maqeleci-ii\/wp-json\/wp\/v2\/media?parent=40"}],"curies":[{"name":"wp","href":"https:\/\/api.w.org\/{rel}","templated":true}]}}