{"id":219,"date":"2020-03-24T01:59:25","date_gmt":"2020-03-24T04:59:25","guid":{"rendered":"https:\/\/catedras.facet.unt.edu.ar\/maqeleci-ii\/?page_id=219"},"modified":"2020-03-27T12:04:20","modified_gmt":"2020-03-27T15:04:20","slug":"horarios","status":"publish","type":"page","link":"https:\/\/catedras.facet.unt.edu.ar\/maqeleci-ii\/horarios\/","title":{"rendered":"Horarios"},"content":{"rendered":"<p>Martes, Mi\u00e9rcoles y Jueves\u00a0 de 15 hrs a 17 hrs<\/p>\n<p><span style=\"color: #0000ff;\">Clases Te\u00f3ricas<\/span><\/p>\n<p><span style=\"color: #0000ff;\">Clases Pr\u00e1cticas de Problemas<\/span><\/p>\n<p><span style=\"color: #0000ff;\">Clases Pr\u00e1cticas de Laboratorio<\/span><\/p>\n<p>&nbsp;<\/p>\n","protected":false},"excerpt":{"rendered":"<p>Martes, Mi\u00e9rcoles y Jueves\u00a0 de 15 hrs a 17 hrs Clases Te\u00f3ricas Clases Pr\u00e1cticas de Problemas Clases Pr\u00e1cticas de Laboratorio &nbsp;<\/p>\n","protected":false},"author":101881,"featured_media":158,"parent":0,"menu_order":0,"comment_status":"closed","ping_status":"closed","template":"","meta":[],"_links":{"self":[{"href":"https:\/\/catedras.facet.unt.edu.ar\/maqeleci-ii\/wp-json\/wp\/v2\/pages\/219"}],"collection":[{"href":"https:\/\/catedras.facet.unt.edu.ar\/maqeleci-ii\/wp-json\/wp\/v2\/pages"}],"about":[{"href":"https:\/\/catedras.facet.unt.edu.ar\/maqeleci-ii\/wp-json\/wp\/v2\/types\/page"}],"author":[{"embeddable":true,"href":"https:\/\/catedras.facet.unt.edu.ar\/maqeleci-ii\/wp-json\/wp\/v2\/users\/101881"}],"replies":[{"embeddable":true,"href":"https:\/\/catedras.facet.unt.edu.ar\/maqeleci-ii\/wp-json\/wp\/v2\/comments?post=219"}],"version-history":[{"count":5,"href":"https:\/\/catedras.facet.unt.edu.ar\/maqeleci-ii\/wp-json\/wp\/v2\/pages\/219\/revisions"}],"predecessor-version":[{"id":309,"href":"https:\/\/catedras.facet.unt.edu.ar\/maqeleci-ii\/wp-json\/wp\/v2\/pages\/219\/revisions\/309"}],"wp:featuredmedia":[{"embeddable":true,"href":"https:\/\/catedras.facet.unt.edu.ar\/maqeleci-ii\/wp-json\/wp\/v2\/media\/158"}],"wp:attachment":[{"href":"https:\/\/catedras.facet.unt.edu.ar\/maqeleci-ii\/wp-json\/wp\/v2\/media?parent=219"}],"curies":[{"name":"wp","href":"https:\/\/api.w.org\/{rel}","templated":true}]}}