{"id":102,"date":"2020-03-19T15:26:56","date_gmt":"2020-03-19T18:26:56","guid":{"rendered":"https:\/\/catedras.facet.unt.edu.ar\/maqeleci-ii\/?page_id=102"},"modified":"2023-03-15T17:31:12","modified_gmt":"2023-03-15T20:31:12","slug":"docentes","status":"publish","type":"page","link":"https:\/\/catedras.facet.unt.edu.ar\/maqeleci-ii\/home\/docentes\/","title":{"rendered":"Docentes"},"content":{"rendered":"<header><\/header>\n<header class=\"entry-header\"><strong style=\"font-size: 16px\">Ing. Pablo, Duberti <\/strong><span style=\"font-size: 16px\">(Pro\u00adfe\u00adsor Aso\u00adcia\u00addo)<\/span><\/header>\n<div class=\"entry-content\">\n<p><strong>Ing. Pablo, El\u00edas Gran\u00e9 <\/strong>(Jefe de Tra\u00adba\u00adjos Pr\u00e1c\u00adti\u00adcos con funciones en el Laboratorio de M\u00e1quinas El\u00e9ctricas)<\/p>\n<p><strong>Ing. Oscar, S\u00e1nchez <\/strong>(Jefe de Tra\u00adba\u00adjos Pr\u00e1c\u00adti\u00adcos)<\/p>\n<p><strong>Santiago, L\u00f3pez Garc\u00eda <\/strong>(Ayudante Estudiantil)<\/p>\n<\/div>\n","protected":false},"excerpt":{"rendered":"<p>Ing. Pablo, Duberti (Pro\u00adfe\u00adsor Aso\u00adcia\u00addo) Ing. Pablo, El\u00edas Gran\u00e9 (Jefe de Tra\u00adba\u00adjos Pr\u00e1c\u00adti\u00adcos con funciones en el Laboratorio de M\u00e1quinas El\u00e9ctricas) Ing. Oscar, S\u00e1nchez (Jefe de Tra\u00adba\u00adjos Pr\u00e1c\u00adti\u00adcos) Santiago, L\u00f3pez Garc\u00eda (Ayudante Estudiantil)<\/p>\n","protected":false},"author":101881,"featured_media":84,"parent":37,"menu_order":0,"comment_status":"closed","ping_status":"closed","template":"","meta":[],"_links":{"self":[{"href":"https:\/\/catedras.facet.unt.edu.ar\/maqeleci-ii\/wp-json\/wp\/v2\/pages\/102"}],"collection":[{"href":"https:\/\/catedras.facet.unt.edu.ar\/maqeleci-ii\/wp-json\/wp\/v2\/pages"}],"about":[{"href":"https:\/\/catedras.facet.unt.edu.ar\/maqeleci-ii\/wp-json\/wp\/v2\/types\/page"}],"author":[{"embeddable":true,"href":"https:\/\/catedras.facet.unt.edu.ar\/maqeleci-ii\/wp-json\/wp\/v2\/users\/101881"}],"replies":[{"embeddable":true,"href":"https:\/\/catedras.facet.unt.edu.ar\/maqeleci-ii\/wp-json\/wp\/v2\/comments?post=102"}],"version-history":[{"count":9,"href":"https:\/\/catedras.facet.unt.edu.ar\/maqeleci-ii\/wp-json\/wp\/v2\/pages\/102\/revisions"}],"predecessor-version":[{"id":1033,"href":"https:\/\/catedras.facet.unt.edu.ar\/maqeleci-ii\/wp-json\/wp\/v2\/pages\/102\/revisions\/1033"}],"up":[{"embeddable":true,"href":"https:\/\/catedras.facet.unt.edu.ar\/maqeleci-ii\/wp-json\/wp\/v2\/pages\/37"}],"wp:featuredmedia":[{"embeddable":true,"href":"https:\/\/catedras.facet.unt.edu.ar\/maqeleci-ii\/wp-json\/wp\/v2\/media\/84"}],"wp:attachment":[{"href":"https:\/\/catedras.facet.unt.edu.ar\/maqeleci-ii\/wp-json\/wp\/v2\/media?parent=102"}],"curies":[{"name":"wp","href":"https:\/\/api.w.org\/{rel}","templated":true}]}}