{"id":99,"date":"2015-05-04T19:57:43","date_gmt":"2015-05-04T22:57:43","guid":{"rendered":"https:\/\/catedras.facet.unt.edu.ar\/labtel\/?page_id=99"},"modified":"2025-03-05T10:51:42","modified_gmt":"2025-03-05T13:51:42","slug":"observatorio","status":"publish","type":"page","link":"https:\/\/catedras.facet.unt.edu.ar\/labtel\/es\/investigacion-y-desarrollo\/observatorio\/","title":{"rendered":"Observatorio"},"content":{"rendered":"<h3><span style=\"text-decoration: underline\">Instrumentos desplegados y Operativos en el campus de la FACET<\/span><\/h3>\n<p style=\"text-align: justify\"><strong>Estaci\u00f3n Ionosf\u00e9rica Tucum\u00e1n<\/strong>. Sondador Ionosf\u00e9rico Digital (AIS-INGV). Proyecto en colaboraci\u00f3n con Istituto Nazionale di Geof\u00edsica e Vulcanolog\u00eda (INGV), Italia, Facultad Regional Tucum\u00e1n, Universidad Tecnol\u00f3gica Nacional. Agosto 2007 a la fecha. Resp. Cient\u00edficos: Dr. Enrico Zucceretti (INGV),Dr. Miguel A. Cabrera, Dr. Rodolfo G. Ezquer, Dr. Luis A. Scida. Bajo responsabilidad de Laboratorio de Telecomunicaciones. FACET-UNT. Contacto: <span style=\"text-decoration: underline\">mcabrera@herrera.unt.edu.ar<\/span><\/p>\n<p style=\"text-align: justify\">Datos:\u00a0<a href=\"http:\/\/ionos.ingv.it\/tucuman\/latest.html\">http:\/\/ionos.ingv.it\/tucuman\/latest.html<\/a><\/p>\n<p style=\"text-align: justify\"><strong>Estaci\u00f3n Doppler Tucum\u00e1n<\/strong>. Proyecto en colaboraci\u00f3n con Instituto de F\u00edsica Atmosf\u00e9rica (IFA), Rep. Checa, FACET- UNT, Proyecto Bilateral del MINCyT, Argentina-MEYS, Rep. Checa.\u00a0Noviembre 2012 a la fecha. Resp. Cient\u00edficos: Dr, Jaroslav Chum (IFA), Dr. Miguel A. Cabrera, Ing. Juan E. Ise, Ing. Jos\u00e9 I. Cangemi. Bajo responsabilidad de Laboratorio de Telecomunicaciones. FACET-UNT. Contacto: <span style=\"text-decoration: underline\">mcabrera@herrera.unt.edu.ar<\/span><\/p>\n<p style=\"text-align: justify\">Datos:\u00a0<a href=\"http:\/\/datacenter.ufa.cas.cz\/\">http:\/\/datacenter.ufa.cas.cz\/<\/a><\/p>\n<p style=\"text-align: justify\"><strong>Estaci\u00f3n Riom\u00e9trica Tucum\u00e1n.<\/strong> En colaboraci\u00f3n con Dr. Katzuo Makita, Jap\u00f3n, Instituto de Correlaci\u00f3n Geol\u00f3gica (INSUGEO) (<a href=\"http:\/\/www.insugeo.org.ar\/\">http:\/\/www.insugeo.org.ar\/<\/a>), Tucum\u00e1n, Argentina. \u00a0Resp. Cient\u00edfico: Dr. Miguel A. Cabrera. Bajo responsabilidad de Laboratorio de Telecomunicaciones. FACET-UNT. Contacto: <span style=\"text-decoration: underline\">mcabrera@herrera.unt.edu.ar<\/span><\/p>\n<p style=\"text-align: justify\">Datos:\u00a0<a href=\"http:\/\/polaris.nipr.ac.jp\/~ytanaka\/riometer.html\">http:\/\/polaris.nipr.ac.jp\/~ytanaka\/riometer.html<\/a><\/p>\n<p style=\"text-align: justify\"><strong>Estaci\u00f3n receptora GPS Doble frecuencia (Novatel).<\/strong> Proyecto en colaboraci\u00f3n con Istituto Nazionale di Geof\u00edsica e Vulcanolog\u00eda (INGV), Italia. Agosto 2010 a la fecha. Resp. Cient\u00edficos: Dr. Rodolfo G. Ezquer, Dr. Miguel A. Cabrera.\u00a0Bajo responsabilidad de Laboratorio de Ionosfera. Dpto. de F\u00edsica FACET-UNT. Contacto: <span style=\"text-decoration: underline\">rezquer@herrera.unt.edu.ar <\/span><\/p>\n<p style=\"text-align: justify\"><strong>Estaci\u00f3n receptora GPS Simple frecuencia (Plessey).\u00a0<\/strong>1996 a la fecha. Resp. Cient\u00edficos: Dr. Rodolfo G. Ezquer, Dr. Miguel A. Cabrera.\u00a0\u00a0Bajo responsabilidad de Laboratorio de Ionosfera. Dpto. de F\u00edsica FACET-UNT. Contacto: <span style=\"text-decoration: underline\">rezquer@herrera.unt.edu.ar<\/span><\/p>\n<p style=\"text-align: justify\"><strong>Estaci\u00f3n Magnetom\u00e9trica<\/strong>. Resp. Cient\u00edficos: Dr. Clezio de Nardin (INPE), Dr. Miguel A. Cabrera, Bajo responsabilidad de Laboratorio de Telecomunicaciones. FACET-UNT. Contacto: <span style=\"text-decoration: underline\">mcabrera@herrera.unt.edu.ar <\/span><\/p>\n<p style=\"text-align: justify\">\n","protected":false},"excerpt":{"rendered":"<p>Instrumentos desplegados y Operativos en el campus de la FACET Estaci\u00f3n Ionosf\u00e9rica Tucum\u00e1n. Sondador Ionosf\u00e9rico Digital (AIS-INGV). Proyecto en colaboraci\u00f3n con Istituto Nazionale di Geof\u00edsica e Vulcanolog\u00eda (INGV), Italia, Facultad Regional Tucum\u00e1n, Universidad Tecnol\u00f3gica Nacional. Agosto 2007 a la fecha. Resp. Cient\u00edficos: Dr. Enrico Zucceretti (INGV),Dr. Miguel A. Cabrera, Dr. Rodolfo G. Ezquer, Dr. Luis [&hellip;]<\/p>\n","protected":false},"author":435,"featured_media":0,"parent":91,"menu_order":0,"comment_status":"closed","ping_status":"closed","template":"","meta":[],"_links":{"self":[{"href":"https:\/\/catedras.facet.unt.edu.ar\/labtel\/wp-json\/wp\/v2\/pages\/99"}],"collection":[{"href":"https:\/\/catedras.facet.unt.edu.ar\/labtel\/wp-json\/wp\/v2\/pages"}],"about":[{"href":"https:\/\/catedras.facet.unt.edu.ar\/labtel\/wp-json\/wp\/v2\/types\/page"}],"author":[{"embeddable":true,"href":"https:\/\/catedras.facet.unt.edu.ar\/labtel\/wp-json\/wp\/v2\/users\/435"}],"replies":[{"embeddable":true,"href":"https:\/\/catedras.facet.unt.edu.ar\/labtel\/wp-json\/wp\/v2\/comments?post=99"}],"version-history":[{"count":9,"href":"https:\/\/catedras.facet.unt.edu.ar\/labtel\/wp-json\/wp\/v2\/pages\/99\/revisions"}],"predecessor-version":[{"id":2257,"href":"https:\/\/catedras.facet.unt.edu.ar\/labtel\/wp-json\/wp\/v2\/pages\/99\/revisions\/2257"}],"up":[{"embeddable":true,"href":"https:\/\/catedras.facet.unt.edu.ar\/labtel\/wp-json\/wp\/v2\/pages\/91"}],"wp:attachment":[{"href":"https:\/\/catedras.facet.unt.edu.ar\/labtel\/wp-json\/wp\/v2\/media?parent=99"}],"curies":[{"name":"wp","href":"https:\/\/api.w.org\/{rel}","templated":true}]}}