{"id":93,"date":"2015-05-04T19:54:46","date_gmt":"2015-05-04T22:54:46","guid":{"rendered":"https:\/\/catedras.facet.unt.edu.ar\/labtel\/?page_id=93"},"modified":"2025-03-05T11:24:14","modified_gmt":"2025-03-05T14:24:14","slug":"proyectos-vigentes","status":"publish","type":"page","link":"https:\/\/catedras.facet.unt.edu.ar\/labtel\/es\/investigacion-y-desarrollo\/proyectos-vigentes\/","title":{"rendered":"Proyectos Vigentes"},"content":{"rendered":"<p><strong>Proyecto \u201cModelado y Dise\u00f1o de Radar por Onda de Superficie\u201d. Periodo 2023-2026. PIUNT E 714, Director Dr Mariano Fagre.<\/strong><\/p>\n<p><strong>Proyecto \u201cEmplazamiento de una antena receptora en muy baja frecuencia para el estudio de la interacci\u00f3n entre la atm\u00f3sfera <\/strong><strong>neutra, la ionosfera y eventos de origen terrestre y extraterrestre\u201d. PIUNT E 707. Director Dra Andrea Borgazzi. Periodo 2023-2026<\/strong><\/p>\n<p><strong>Proyecto, \u201cInvestigaci\u00f3n sobre alta atmosfera terrestre y desarrollo en el \u00e1rea de sensado remoto por ondas de radio\u201d, C\u00f3digo PIUNT: 26\/E508. CIUNT, Universidad Nacional de Tucum\u00e1n. Per\u00edodo 2014-2018. Director: Dr. Miguel A. Cabrera<\/strong><\/p>\n<p><strong>Proyecto para Compra de equipamiento:\u00a0PICT-E, PICT-2014-0224. Ejecuci\u00f3n Octubre 2014-Octubre 2015. Investigador Responsable: Dr. Miguel A. Cabrera<\/strong><\/p>\n<p><strong>Proyecto, \u201cDesarrollo de un prototipo de Sondador Ionosf\u00e9rico Digital Argentino\u201d. Subsecretar\u00eda de Investigaci\u00f3n y Desarrollo Tecnol\u00f3gico. PIDDEF N\u00b0 02\/12, Min. Defensa Rep. Argentina, (2012-2015). Director: Dr. Miguel A. Cabrera<\/strong><\/p>\n<p><strong>Proyecto, \u00abInvestigaci\u00f3n aplicada a la media y alta atm\u00f3sfera terrestre como una contribuci\u00f3n a las comunicaciones y navegaci\u00f3n satelital, y al cambio clim\u00e1tico\u00bb. FONCYT. PICT-2011-1008. Per\u00edodo 2012-2015. Prorrogado hasta el 2016. Investigador Responsable: Dr. Miguel A. Cabrera.<\/strong><\/p>\n<p><strong>Proyecto: Red Argentina para el Estudio de la Atm\u00f3sfera Superior (RAPEAS). CONICET, Res: 2339\/2011. Director: Dr. Claudio Brunini-CONICET-UNLP.<\/strong><\/p>\n","protected":false},"excerpt":{"rendered":"<p>Proyecto \u201cModelado y Dise\u00f1o de Radar por Onda de Superficie\u201d. Periodo 2023-2026. PIUNT E 714, Director Dr Mariano Fagre. Proyecto \u201cEmplazamiento de una antena receptora en muy baja frecuencia para el estudio de la interacci\u00f3n entre la atm\u00f3sfera neutra, la ionosfera y eventos de origen terrestre y extraterrestre\u201d. PIUNT E 707. Director Dra Andrea Borgazzi. [&hellip;]<\/p>\n","protected":false},"author":435,"featured_media":0,"parent":91,"menu_order":0,"comment_status":"closed","ping_status":"closed","template":"","meta":[],"_links":{"self":[{"href":"https:\/\/catedras.facet.unt.edu.ar\/labtel\/wp-json\/wp\/v2\/pages\/93"}],"collection":[{"href":"https:\/\/catedras.facet.unt.edu.ar\/labtel\/wp-json\/wp\/v2\/pages"}],"about":[{"href":"https:\/\/catedras.facet.unt.edu.ar\/labtel\/wp-json\/wp\/v2\/types\/page"}],"author":[{"embeddable":true,"href":"https:\/\/catedras.facet.unt.edu.ar\/labtel\/wp-json\/wp\/v2\/users\/435"}],"replies":[{"embeddable":true,"href":"https:\/\/catedras.facet.unt.edu.ar\/labtel\/wp-json\/wp\/v2\/comments?post=93"}],"version-history":[{"count":8,"href":"https:\/\/catedras.facet.unt.edu.ar\/labtel\/wp-json\/wp\/v2\/pages\/93\/revisions"}],"predecessor-version":[{"id":2260,"href":"https:\/\/catedras.facet.unt.edu.ar\/labtel\/wp-json\/wp\/v2\/pages\/93\/revisions\/2260"}],"up":[{"embeddable":true,"href":"https:\/\/catedras.facet.unt.edu.ar\/labtel\/wp-json\/wp\/v2\/pages\/91"}],"wp:attachment":[{"href":"https:\/\/catedras.facet.unt.edu.ar\/labtel\/wp-json\/wp\/v2\/media?parent=93"}],"curies":[{"name":"wp","href":"https:\/\/api.w.org\/{rel}","templated":true}]}}