{"id":579,"date":"2015-12-19T10:38:22","date_gmt":"2015-12-19T13:38:22","guid":{"rendered":"https:\/\/catedras.facet.unt.edu.ar\/labtel\/?page_id=579"},"modified":"2017-08-15T19:04:38","modified_gmt":"2017-08-15T22:04:38","slug":"home-2","status":"publish","type":"page","link":"https:\/\/catedras.facet.unt.edu.ar\/labtel\/en\/home-2\/","title":{"rendered":"Home"},"content":{"rendered":"<div id=\"pl-579\"  class=\"panel-layout\" ><div id=\"pg-579-0\"  class=\"panel-grid panel-no-style\" ><div id=\"pgc-579-0-0\"  class=\"panel-grid-cell\" ><div id=\"panel-579-0-0-0\" class=\"so-panel widget widget_metaslider_widget panel-first-child panel-last-child\" data-index=\"0\" ><div id=\"metaslider-id-851\" style=\"width: 100%; margin: 0 auto;\" class=\"ml-slider-3-27-8 metaslider metaslider-nivo metaslider-851 ml-slider\">\n    <div id=\"metaslider_container_851\">\n        <div class='slider-wrapper theme-default'><div class='ribbon'><\/div><div id='metaslider_851' class='nivoSlider'><img src=\"https:\/\/catedras.facet.unt.edu.ar\/labtel\/wp-content\/uploads\/sites\/99\/2017\/08\/unnamed-3-900x340.jpg\" height=\"340\" width=\"900\" alt=\"\" class=\"slider-851 slide-1906\" \/><img src=\"https:\/\/catedras.facet.unt.edu.ar\/labtel\/wp-content\/uploads\/sites\/99\/2017\/08\/unnamed-2-900x340.jpg\" height=\"340\" width=\"900\" alt=\"\" class=\"slider-851 slide-1907\" \/><img src=\"https:\/\/catedras.facet.unt.edu.ar\/labtel\/wp-content\/uploads\/sites\/99\/2017\/08\/unnamed-1-900x340.jpg\" height=\"340\" width=\"900\" alt=\"\" class=\"slider-851 slide-1908\" \/><img src=\"https:\/\/catedras.facet.unt.edu.ar\/labtel\/wp-content\/uploads\/sites\/99\/2017\/08\/unnamed-900x340.jpg\" height=\"340\" width=\"900\" alt=\"\" class=\"slider-851 slide-1909\" \/><img src=\"https:\/\/catedras.facet.unt.edu.ar\/labtel\/wp-content\/uploads\/sites\/99\/2015\/07\/IMG_2330-e1437835552922-573x216.jpg\" height=\"340\" width=\"900\" alt=\"\" class=\"slider-851 slide-1916\" \/><img src=\"https:\/\/catedras.facet.unt.edu.ar\/labtel\/wp-content\/uploads\/sites\/99\/2015\/05\/Imagen6-900x340.png\" height=\"340\" width=\"900\" alt=\"\" class=\"slider-851 slide-1911\" \/><img src=\"https:\/\/catedras.facet.unt.edu.ar\/labtel\/wp-content\/uploads\/sites\/99\/2016\/09\/para-portada-900x340.jpg\" height=\"340\" width=\"900\" alt=\"\" class=\"slider-851 slide-1917\" \/><img src=\"https:\/\/catedras.facet.unt.edu.ar\/labtel\/wp-content\/uploads\/sites\/99\/2017\/08\/Facultad-500x188.jpg\" height=\"340\" width=\"900\" alt=\"\" class=\"slider-851 slide-1921\" \/><img src=\"https:\/\/catedras.facet.unt.edu.ar\/labtel\/wp-content\/uploads\/sites\/99\/2017\/08\/01.FAUlow1-900x340.jpg\" height=\"340\" width=\"900\" alt=\"\" class=\"slider-851 slide-1923\" \/><img src=\"https:\/\/catedras.facet.unt.edu.ar\/labtel\/wp-content\/uploads\/sites\/99\/2017\/09\/imagen-900x340.jpg\" height=\"340\" width=\"900\" alt=\"\" class=\"slider-851 slide-1932\" \/><\/div><\/div>\n        \n    <\/div>\n<\/div><\/div><\/div><\/div><div id=\"pg-579-1\"  class=\"panel-grid panel-no-style\" ><div id=\"pgc-579-1-0\"  class=\"panel-grid-cell\" ><div id=\"panel-579-1-0-0\" class=\"so-panel widget widget_circleicon-widget panel-first-child panel-last-child\" data-index=\"1\" >\t\t<div class=\"circle-icon-box circle-icon-position-top circle-icon-hide-box circle-icon-size-small\">\n\t\t\t<div class=\"circle-icon-wrapper\">\n\t\t\t\t<a href=\"https:\/\/catedras.facet.unt.edu.ar\/labtel\/en\/home-2\/who-we-are\/\" class=\"link-icon\" >\t\t\t\t<div class=\"circle-icon\" >\n\t\t\t\t\t<div class=\"fa fa-users\" ><\/div>\t\t\t\t<\/div>\n\t\t\t\t<\/a>\t\t\t<\/div>\n\n\t\t\t<a href=\"https:\/\/catedras.facet.unt.edu.ar\/labtel\/en\/home-2\/who-we-are\/\" class=\"link-title\" >\t\t\t<h4 >Who we are<\/h4>\t\t\t<\/a>\n\t\t\t<p class=\"text\" >We are a department that belongs to the Faculty of Science and Technology, where teachers and researchers working<\/p>\t\t\t\t\t\t\t<a href=\"https:\/\/catedras.facet.unt.edu.ar\/labtel\/en\/home-2\/who-we-are\/\" class=\"more-button\" >M\u00e1s informaci\u00f3n <i><\/i><\/a>\n\t\t\t\t\t<\/div>\n\t\t<\/div><\/div><div id=\"pgc-579-1-1\"  class=\"panel-grid-cell\" ><div id=\"panel-579-1-1-0\" class=\"so-panel widget widget_circleicon-widget panel-first-child panel-last-child\" data-index=\"2\" >\t\t<div class=\"circle-icon-box circle-icon-position-top circle-icon-hide-box circle-icon-size-small\">\n\t\t\t<div class=\"circle-icon-wrapper\">\n\t\t\t\t<a href=\"https:\/\/catedras.facet.unt.edu.ar\/labtel\/en\/subjects-2\/\" class=\"link-icon\" >\t\t\t\t<div class=\"circle-icon\" >\n\t\t\t\t\t<div class=\"fa fa-book\" ><\/div>\t\t\t\t<\/div>\n\t\t\t\t<\/a>\t\t\t<\/div>\n\n\t\t\t<a href=\"https:\/\/catedras.facet.unt.edu.ar\/labtel\/en\/subjects-2\/\" class=\"link-title\" >\t\t\t<h4 >Subjects<\/h4>\t\t\t<\/a>\n\t\t\t<p class=\"text\" > The of Apartment offers several subjects in order to broaden the knowledge related to telecommunications<\/p>\t\t\t\t\t\t\t<a href=\"https:\/\/catedras.facet.unt.edu.ar\/labtel\/en\/subjects-2\/\" class=\"more-button\" >M\u00e1s informaci\u00f3n <i><\/i><\/a>\n\t\t\t\t\t<\/div>\n\t\t<\/div><\/div><div id=\"pgc-579-1-2\"  class=\"panel-grid-cell\" ><div id=\"panel-579-1-2-0\" class=\"so-panel widget widget_circleicon-widget panel-first-child panel-last-child\" data-index=\"3\" >\t\t<div class=\"circle-icon-box circle-icon-position-top circle-icon-hide-box circle-icon-size-small\">\n\t\t\t<div class=\"circle-icon-wrapper\">\n\t\t\t\t<a href=\"https:\/\/catedras.facet.unt.edu.ar\/labtel\/en\/observatory\/\" class=\"link-icon\" >\t\t\t\t<div class=\"circle-icon\" >\n\t\t\t\t\t<div class=\"fa fa-institution\" ><\/div>\t\t\t\t<\/div>\n\t\t\t\t<\/a>\t\t\t<\/div>\n\n\t\t\t<a href=\"https:\/\/catedras.facet.unt.edu.ar\/labtel\/en\/observatory\/\" class=\"link-title\" >\t\t\t<h4 >Observatory<\/h4>\t\t\t<\/a>\n\t\t\t<p class=\"text\" >Our department conducted various research projects and develop<\/p>\t\t\t\t\t\t\t<a href=\"https:\/\/catedras.facet.unt.edu.ar\/labtel\/en\/observatory\/\" class=\"more-button\" >M\u00e1s informaci\u00f3n <i><\/i><\/a>\n\t\t\t\t\t<\/div>\n\t\t<\/div><\/div><div id=\"pgc-579-1-3\"  class=\"panel-grid-cell\" ><div id=\"panel-579-1-3-0\" class=\"so-panel widget widget_circleicon-widget panel-first-child panel-last-child\" data-index=\"4\" >\t\t<div class=\"circle-icon-box circle-icon-position-top circle-icon-hide-box circle-icon-size-small\">\n\t\t\t<div class=\"circle-icon-wrapper\">\n\t\t\t\t<a href=\"https:\/\/catedras.facet.unt.edu.ar\/labtel\/en\/tranfers-and-services\/\" class=\"link-icon\" >\t\t\t\t<div class=\"circle-icon\" >\n\t\t\t\t\t<div class=\"fa fa-search\" ><\/div>\t\t\t\t<\/div>\n\t\t\t\t<\/a>\t\t\t<\/div>\n\n\t\t\t<a href=\"https:\/\/catedras.facet.unt.edu.ar\/labtel\/en\/tranfers-and-services\/\" class=\"link-title\" >\t\t\t<h4 >Services and Technology Transfer<\/h4>\t\t\t<\/a>\n\t\t\t<p class=\"text\" >Our department provides various telecommunications services<\/p>\t\t\t\t\t\t\t<a href=\"https:\/\/catedras.facet.unt.edu.ar\/labtel\/en\/tranfers-and-services\/\" class=\"more-button\" >M\u00e1s informaci\u00f3n <i><\/i><\/a>\n\t\t\t\t\t<\/div>\n\t\t<\/div><\/div><\/div><div id=\"pg-579-2\"  class=\"panel-grid panel-no-style\" ><div id=\"pgc-579-2-0\"  class=\"panel-grid-cell\" ><div id=\"panel-579-2-0-0\" class=\"so-panel widget widget_sow-editor panel-first-child\" data-index=\"5\" ><div class=\"panel-widget-style panel-widget-style-for-579-2-0-0\" ><div\n\t\t\t\n\t\t\tclass=\"so-widget-sow-editor so-widget-sow-editor-base\"\n\t\t\t\n\t\t>\n<div class=\"siteorigin-widget-tinymce textwidget\">\n\t<div style=\"font-size: 150%; font-family: arial;\">Location<\/div>\n<\/div>\n<\/div><\/div><\/div><div id=\"panel-579-2-0-1\" class=\"so-panel widget widget_text panel-last-child\" data-index=\"6\" >\t\t\t<div class=\"textwidget\"><iframe src=\"https:\/\/www.google.com\/maps\/embed?pb=!1m14!1m12!1m3!1d1803.6938748308542!2d-65.22939402470168!3d-26.84379971593517!2m3!1f0!2f0!3f0!3m2!1i1024!2i768!4f13.1!5e1!3m2!1ses!2sar!4v1471990178598\" frameborder=\"0\" style=\"border:0\" allowfullscreen><\/iframe><\/div>\n\t\t<\/div><\/div><div id=\"pgc-579-2-1\"  class=\"panel-grid-cell\" ><div id=\"panel-579-2-1-0\" class=\"so-panel widget widget_text panel-first-child\" data-index=\"7\" ><div class=\"panel-widget-style panel-widget-style-for-579-2-1-0\" >\t\t\t<div class=\"textwidget\"><div style=\"font-size:150%;font-family:arial;\">\nTo Contact\n<\/div>\n<\/div>\n\t\t<\/div><\/div><div id=\"panel-579-2-1-1\" class=\"so-panel widget widget_sow-button panel-last-child\" data-index=\"8\" ><div class=\"panel-widget-style panel-widget-style-for-579-2-1-1\" ><div\n\t\t\t\n\t\t\tclass=\"so-widget-sow-button so-widget-sow-button-atom-eed6d8708112-579\"\n\t\t\t\n\t\t><div class=\"ow-button-base ow-button-align-center\">\n\t<a href=\"https:\/\/catedras.facet.unt.edu.ar\/labtel\/en\/contact\/\" class=\"ow-icon-placement-left ow-button-hover\" \t\t>\n\t\t<span>\n\t\t\t<span class=\"sow-icon-fontawesome sow-fas\" data-sow-icon=\"&#xf0e0;\"\n\t\tstyle=\"color: #0d40db\" \n\t\taria-hidden=\"true\"><\/span>\n\t\t\tEnter Here\t\t<\/span>\n\t<\/a>\n<\/div>\n<\/div><\/div><\/div><\/div><div id=\"pgc-579-2-2\"  class=\"panel-grid-cell\" ><div id=\"panel-579-2-2-0\" class=\"so-panel widget widget_sow-editor panel-first-child\" data-index=\"9\" ><div class=\"panel-widget-style panel-widget-style-for-579-2-2-0\" ><div\n\t\t\t\n\t\t\tclass=\"so-widget-sow-editor so-widget-sow-editor-base\"\n\t\t\t\n\t\t>\n<div class=\"siteorigin-widget-tinymce textwidget\">\n\t<div style=\"font-size: 150%; font-family: arial;\">Calendar<\/div>\n<\/div>\n<\/div><\/div><\/div><div id=\"panel-579-2-2-1\" class=\"so-panel widget widget_text panel-last-child\" data-index=\"10\" >\t\t\t<div class=\"textwidget\"><iframe src=\"https:\/\/calendar.google.com\/calendar\/embed?title=Laboratorio%20Telecomunicaciones&amp;showPrint=0&amp;height=600&amp;wkst=1&amp;bgcolor=%23c0c0c0&amp;src=ltc%40herrera.unt.edu.ar&amp;color=%231B887A&amp;ctz=America%2FArgentina%2FBuenos_Aires\" style=\"border-width:0\" frameborder=\"0\" scrolling=\"no\"><\/iframe><\/div>\n\t\t<\/div><\/div><\/div><\/div>","protected":false},"excerpt":{"rendered":"<p>Who we are We are a department that belongs to the Faculty of Science and Technology, where teachers and researchers working M\u00e1s informaci\u00f3n Subjects The of Apartment offers several subjects in order to broaden the knowledge related to telecommunications M\u00e1s informaci\u00f3n Observatory Our department conducted various research projects and develop M\u00e1s informaci\u00f3n Services and Technology [&hellip;]<\/p>\n","protected":false},"author":437,"featured_media":0,"parent":0,"menu_order":0,"comment_status":"closed","ping_status":"closed","template":"home-panels.php","meta":[],"_links":{"self":[{"href":"https:\/\/catedras.facet.unt.edu.ar\/labtel\/wp-json\/wp\/v2\/pages\/579"}],"collection":[{"href":"https:\/\/catedras.facet.unt.edu.ar\/labtel\/wp-json\/wp\/v2\/pages"}],"about":[{"href":"https:\/\/catedras.facet.unt.edu.ar\/labtel\/wp-json\/wp\/v2\/types\/page"}],"author":[{"embeddable":true,"href":"https:\/\/catedras.facet.unt.edu.ar\/labtel\/wp-json\/wp\/v2\/users\/437"}],"replies":[{"embeddable":true,"href":"https:\/\/catedras.facet.unt.edu.ar\/labtel\/wp-json\/wp\/v2\/comments?post=579"}],"version-history":[{"count":33,"href":"https:\/\/catedras.facet.unt.edu.ar\/labtel\/wp-json\/wp\/v2\/pages\/579\/revisions"}],"predecessor-version":[{"id":1771,"href":"https:\/\/catedras.facet.unt.edu.ar\/labtel\/wp-json\/wp\/v2\/pages\/579\/revisions\/1771"}],"wp:attachment":[{"href":"https:\/\/catedras.facet.unt.edu.ar\/labtel\/wp-json\/wp\/v2\/media?parent=579"}],"curies":[{"name":"wp","href":"https:\/\/api.w.org\/{rel}","templated":true}]}}