{"id":37,"date":"2014-08-12T11:49:09","date_gmt":"2014-08-12T14:49:09","guid":{"rendered":"https:\/\/catedras.facet.unt.edu.ar\/labtel\/home\/"},"modified":"2024-12-22T11:34:12","modified_gmt":"2024-12-22T14:34:12","slug":"home","status":"publish","type":"page","link":"https:\/\/catedras.facet.unt.edu.ar\/labtel\/es\/home\/","title":{"rendered":"Home"},"content":{"rendered":"<div id=\"pl-37\"  class=\"panel-layout\" ><div id=\"pg-37-0\"  class=\"panel-grid panel-no-style\" ><div id=\"pgc-37-0-0\"  class=\"panel-grid-cell\" ><div id=\"panel-37-0-0-0\" class=\"so-panel widget widget_metaslider_widget panel-first-child panel-last-child\" data-index=\"0\" ><div id=\"metaslider-id-851\" style=\"width: 100%; margin: 0 auto;\" class=\"ml-slider-3-27-8 metaslider metaslider-nivo metaslider-851 ml-slider\">\n    <div id=\"metaslider_container_851\">\n        <div class='slider-wrapper theme-default'><div class='ribbon'><\/div><div id='metaslider_851' class='nivoSlider'><img src=\"https:\/\/catedras.facet.unt.edu.ar\/labtel\/wp-content\/uploads\/sites\/99\/2017\/08\/unnamed-3-900x340.jpg\" height=\"340\" width=\"900\" alt=\"\" class=\"slider-851 slide-1906\" \/><img src=\"https:\/\/catedras.facet.unt.edu.ar\/labtel\/wp-content\/uploads\/sites\/99\/2017\/08\/unnamed-2-900x340.jpg\" height=\"340\" width=\"900\" alt=\"\" class=\"slider-851 slide-1907\" \/><img src=\"https:\/\/catedras.facet.unt.edu.ar\/labtel\/wp-content\/uploads\/sites\/99\/2017\/08\/unnamed-1-900x340.jpg\" height=\"340\" width=\"900\" alt=\"\" class=\"slider-851 slide-1908\" \/><img src=\"https:\/\/catedras.facet.unt.edu.ar\/labtel\/wp-content\/uploads\/sites\/99\/2017\/08\/unnamed-900x340.jpg\" height=\"340\" width=\"900\" alt=\"\" class=\"slider-851 slide-1909\" \/><img src=\"https:\/\/catedras.facet.unt.edu.ar\/labtel\/wp-content\/uploads\/sites\/99\/2015\/07\/IMG_2330-e1437835552922-573x216.jpg\" height=\"340\" width=\"900\" alt=\"\" class=\"slider-851 slide-1916\" \/><img src=\"https:\/\/catedras.facet.unt.edu.ar\/labtel\/wp-content\/uploads\/sites\/99\/2015\/05\/Imagen6-900x340.png\" height=\"340\" width=\"900\" alt=\"\" class=\"slider-851 slide-1911\" \/><img src=\"https:\/\/catedras.facet.unt.edu.ar\/labtel\/wp-content\/uploads\/sites\/99\/2016\/09\/para-portada-900x340.jpg\" height=\"340\" width=\"900\" alt=\"\" class=\"slider-851 slide-1917\" \/><img src=\"https:\/\/catedras.facet.unt.edu.ar\/labtel\/wp-content\/uploads\/sites\/99\/2017\/08\/Facultad-500x188.jpg\" height=\"340\" width=\"900\" alt=\"\" class=\"slider-851 slide-1921\" \/><img src=\"https:\/\/catedras.facet.unt.edu.ar\/labtel\/wp-content\/uploads\/sites\/99\/2017\/08\/01.FAUlow1-900x340.jpg\" height=\"340\" width=\"900\" alt=\"\" class=\"slider-851 slide-1923\" \/><img src=\"https:\/\/catedras.facet.unt.edu.ar\/labtel\/wp-content\/uploads\/sites\/99\/2017\/09\/imagen-900x340.jpg\" height=\"340\" width=\"900\" alt=\"\" class=\"slider-851 slide-1932\" \/><\/div><\/div>\n        \n    <\/div>\n<\/div><\/div><\/div><\/div><div id=\"pg-37-1\"  class=\"panel-grid panel-no-style\" ><div id=\"pgc-37-1-0\"  class=\"panel-grid-cell\" ><div id=\"panel-37-1-0-0\" class=\"so-panel widget widget_circleicon-widget panel-first-child panel-last-child\" data-index=\"1\" >\t\t<div class=\"circle-icon-box circle-icon-position-top circle-icon-hide-box circle-icon-size-small\">\n\t\t\t<div class=\"circle-icon-wrapper\">\n\t\t\t\t<a href=\"https:\/\/catedras.facet.unt.edu.ar\/labtel\/es\/quienes-somos\/\" class=\"link-icon\" >\t\t\t\t<div class=\"circle-icon\" >\n\t\t\t\t\t<div class=\"fa fa-users\" ><\/div>\t\t\t\t<\/div>\n\t\t\t\t<\/a>\t\t\t<\/div>\n\n\t\t\t<a href=\"https:\/\/catedras.facet.unt.edu.ar\/labtel\/es\/quienes-somos\/\" class=\"link-title\" >\t\t\t<h4 >Quienes Somos<\/h4>\t\t\t<\/a>\n\t\t\t<p class=\"text\" >Somos un departamento pertenciente a la facultad de Ciencia Exactas y Tecnolog\u00eda, donde trabajan docente e investigadores<\/p>\t\t\t\t\t\t\t<a href=\"https:\/\/catedras.facet.unt.edu.ar\/labtel\/es\/quienes-somos\/\" class=\"more-button\" >M\u00e1s informaci\u00f3n <i><\/i><\/a>\n\t\t\t\t\t<\/div>\n\t\t<\/div><\/div><div id=\"pgc-37-1-1\"  class=\"panel-grid-cell\" ><div id=\"panel-37-1-1-0\" class=\"so-panel widget widget_circleicon-widget panel-first-child panel-last-child\" data-index=\"2\" >\t\t<div class=\"circle-icon-box circle-icon-position-top circle-icon-hide-box circle-icon-size-small\">\n\t\t\t<div class=\"circle-icon-wrapper\">\n\t\t\t\t<a href=\"https:\/\/catedras.facet.unt.edu.ar\/labtel\/es\/asignaturas\/\" class=\"link-icon\" >\t\t\t\t<div class=\"circle-icon\" >\n\t\t\t\t\t<div class=\"fa fa-book\" ><\/div>\t\t\t\t<\/div>\n\t\t\t\t<\/a>\t\t\t<\/div>\n\n\t\t\t<a href=\"https:\/\/catedras.facet.unt.edu.ar\/labtel\/es\/asignaturas\/\" class=\"link-title\" >\t\t\t<h4 >Asignaturas<\/h4>\t\t\t<\/a>\n\t\t\t<p class=\"text\" >El departamento brinda diversas asignaturas con el fin de ampliar los conocimiento relacionados a las telecomunicaciones<\/p>\t\t\t\t\t\t\t<a href=\"https:\/\/catedras.facet.unt.edu.ar\/labtel\/es\/asignaturas\/\" class=\"more-button\" >M\u00e1s informaci\u00f3n <i><\/i><\/a>\n\t\t\t\t\t<\/div>\n\t\t<\/div><\/div><div id=\"pgc-37-1-2\"  class=\"panel-grid-cell\" ><div id=\"panel-37-1-2-0\" class=\"so-panel widget widget_circleicon-widget panel-first-child panel-last-child\" data-index=\"3\" >\t\t<div class=\"circle-icon-box circle-icon-position-top circle-icon-hide-box circle-icon-size-small\">\n\t\t\t<div class=\"circle-icon-wrapper\">\n\t\t\t\t<a href=\"https:\/\/catedras.facet.unt.edu.ar\/labtel\/investigacion-y-desarrollo\/observatorio\/\" class=\"link-icon\" >\t\t\t\t<div class=\"circle-icon\" >\n\t\t\t\t\t<div class=\"fa fa-institution\" ><\/div>\t\t\t\t<\/div>\n\t\t\t\t<\/a>\t\t\t<\/div>\n\n\t\t\t<a href=\"https:\/\/catedras.facet.unt.edu.ar\/labtel\/investigacion-y-desarrollo\/observatorio\/\" class=\"link-title\" >\t\t\t<h4 >Observatorio<\/h4>\t\t\t<\/a>\n\t\t\t<p class=\"text\" >Nuestro departamento tienen instrumentos desplegados y operativos en el campus de la Facultad de Ciencias Exactas y Tecnolog\u00eda <\/p>\t\t\t\t\t\t\t<a href=\"https:\/\/catedras.facet.unt.edu.ar\/labtel\/investigacion-y-desarrollo\/observatorio\/\" class=\"more-button\" >M\u00e1s informaci\u00f3n <i><\/i><\/a>\n\t\t\t\t\t<\/div>\n\t\t<\/div><\/div><div id=\"pgc-37-1-3\"  class=\"panel-grid-cell\" ><div id=\"panel-37-1-3-0\" class=\"so-panel widget widget_circleicon-widget panel-first-child panel-last-child\" data-index=\"4\" >\t\t<div class=\"circle-icon-box circle-icon-position-top circle-icon-hide-box circle-icon-size-small\">\n\t\t\t<div class=\"circle-icon-wrapper\">\n\t\t\t\t<a href=\"https:\/\/catedras.facet.unt.edu.ar\/labtel\/es\/transferencia-y-servicios\/\" class=\"link-icon\" >\t\t\t\t<div class=\"circle-icon\" >\n\t\t\t\t\t<div class=\"fa fa-search\" ><\/div>\t\t\t\t<\/div>\n\t\t\t\t<\/a>\t\t\t<\/div>\n\n\t\t\t<a href=\"https:\/\/catedras.facet.unt.edu.ar\/labtel\/es\/transferencia-y-servicios\/\" class=\"link-title\" >\t\t\t<h4 >Transferencia y Servicios<\/h4>\t\t\t<\/a>\n\t\t\t<p class=\"text\" >Nuestro departamento brinda distintos servicios de telecomunicaciones<\/p>\t\t\t\t\t\t\t<a href=\"https:\/\/catedras.facet.unt.edu.ar\/labtel\/es\/transferencia-y-servicios\/\" class=\"more-button\" >M\u00e1s informaci\u00f3n <i><\/i><\/a>\n\t\t\t\t\t<\/div>\n\t\t<\/div><\/div><\/div><div id=\"pg-37-2\"  class=\"panel-grid panel-no-style\" ><div id=\"pgc-37-2-0\"  class=\"panel-grid-cell\" ><div id=\"panel-37-2-0-0\" class=\"so-panel widget widget_sow-editor panel-first-child\" data-index=\"5\" ><div class=\"panel-widget-style panel-widget-style-for-37-2-0-0\" ><div\n\t\t\t\n\t\t\tclass=\"so-widget-sow-editor so-widget-sow-editor-base\"\n\t\t\t\n\t\t>\n<div class=\"siteorigin-widget-tinymce textwidget\">\n\t<div style=\"font-size: 150%; font-family: arial;\">Ubicaci\u00f3n <\/div>\n<\/div>\n<\/div><\/div><\/div><div id=\"panel-37-2-0-1\" class=\"so-panel widget widget_text panel-last-child\" data-index=\"6\" >\t\t\t<div class=\"textwidget\"><iframe src=\"https:\/\/www.google.com\/maps\/embed?pb=!1m14!1m12!1m3!1d4268.3298158461685!2d-65.2286049313855!3d-26.842679216232522!2m3!1f0!2f0!3f0!3m2!1i1024!2i768!4f13.1!5e1!3m2!1ses!2sar!4v1471989623387\" frameborder=\"0\" style=\"border:0\" allowfullscreen><\/iframe><\/div>\n\t\t<\/div><\/div><div id=\"pgc-37-2-1\"  class=\"panel-grid-cell\" ><div id=\"panel-37-2-1-0\" class=\"so-panel widget widget_text panel-first-child\" data-index=\"7\" ><div class=\"panel-widget-style panel-widget-style-for-37-2-1-0\" >\t\t\t<div class=\"textwidget\"><div style=\"font-size:150%;font-family:arial;\">\nPara Contactarnos\n<\/div>\n<\/div>\n\t\t<\/div><\/div><div id=\"panel-37-2-1-1\" class=\"so-panel widget widget_sow-button panel-last-child\" data-index=\"8\" ><div\n\t\t\t\n\t\t\tclass=\"so-widget-sow-button so-widget-sow-button-atom-eed6d8708112-37\"\n\t\t\t\n\t\t><div class=\"ow-button-base ow-button-align-center\">\n\t<a href=\"https:\/\/catedras.facet.unt.edu.ar\/labtel\/es\/contacto\/\" class=\"ow-icon-placement-left ow-button-hover\" \t\t>\n\t\t<span>\n\t\t\t<span class=\"sow-icon-fontawesome sow-fas\" data-sow-icon=\"&#xf0e0;\"\n\t\tstyle=\"color: #0d40db\" \n\t\taria-hidden=\"true\"><\/span>\n\t\t\tEntre Aqui\t\t<\/span>\n\t<\/a>\n<\/div>\n<\/div><\/div><\/div><div id=\"pgc-37-2-2\"  class=\"panel-grid-cell\" ><div id=\"panel-37-2-2-0\" class=\"so-panel widget widget_sow-editor panel-first-child\" data-index=\"9\" ><div class=\"panel-widget-style panel-widget-style-for-37-2-2-0\" ><div\n\t\t\t\n\t\t\tclass=\"so-widget-sow-editor so-widget-sow-editor-base\"\n\t\t\t\n\t\t>\n<div class=\"siteorigin-widget-tinymce textwidget\">\n\t<div style=\"font-size: 150%; font-family: arial;\">Calendario<\/div>\n<\/div>\n<\/div><\/div><\/div><div id=\"panel-37-2-2-1\" class=\"so-panel widget widget_text panel-last-child\" data-index=\"10\" >\t\t\t<div class=\"textwidget\"><iframe src=\"https:\/\/calendar.google.com\/calendar\/embed?title=Laboratorio%20Telecomunicaciones&amp;showPrint=0&amp;height=600&amp;wkst=1&amp;bgcolor=%23c0c0c0&amp;src=ltc%40herrera.unt.edu.ar&amp;color=%231B887A&amp;ctz=America%2FArgentina%2FBuenos_Aires\" style=\"border-width:0\" frameborder=\"0\" scrolling=\"no\"><\/iframe><\/div>\n\t\t<\/div><\/div><\/div><\/div>","protected":false},"excerpt":{"rendered":"<p>Quienes Somos Somos un departamento pertenciente a la facultad de Ciencia Exactas y Tecnolog\u00eda, donde trabajan docente e investigadores M\u00e1s informaci\u00f3n Asignaturas El departamento brinda diversas asignaturas con el fin de ampliar los conocimiento relacionados a las telecomunicaciones M\u00e1s informaci\u00f3n Observatorio Nuestro departamento tienen instrumentos desplegados y operativos en el campus de la Facultad de [&hellip;]<\/p>\n","protected":false},"author":1,"featured_media":0,"parent":0,"menu_order":0,"comment_status":"closed","ping_status":"closed","template":"home-panels.php","meta":[],"_links":{"self":[{"href":"https:\/\/catedras.facet.unt.edu.ar\/labtel\/wp-json\/wp\/v2\/pages\/37"}],"collection":[{"href":"https:\/\/catedras.facet.unt.edu.ar\/labtel\/wp-json\/wp\/v2\/pages"}],"about":[{"href":"https:\/\/catedras.facet.unt.edu.ar\/labtel\/wp-json\/wp\/v2\/types\/page"}],"author":[{"embeddable":true,"href":"https:\/\/catedras.facet.unt.edu.ar\/labtel\/wp-json\/wp\/v2\/users\/1"}],"replies":[{"embeddable":true,"href":"https:\/\/catedras.facet.unt.edu.ar\/labtel\/wp-json\/wp\/v2\/comments?post=37"}],"version-history":[{"count":30,"href":"https:\/\/catedras.facet.unt.edu.ar\/labtel\/wp-json\/wp\/v2\/pages\/37\/revisions"}],"predecessor-version":[{"id":1786,"href":"https:\/\/catedras.facet.unt.edu.ar\/labtel\/wp-json\/wp\/v2\/pages\/37\/revisions\/1786"}],"wp:attachment":[{"href":"https:\/\/catedras.facet.unt.edu.ar\/labtel\/wp-json\/wp\/v2\/media?parent=37"}],"curies":[{"name":"wp","href":"https:\/\/api.w.org\/{rel}","templated":true}]}}