{"id":334,"date":"2015-07-25T14:28:10","date_gmt":"2015-07-25T17:28:10","guid":{"rendered":"https:\/\/catedras.facet.unt.edu.ar\/labtel\/?page_id=334"},"modified":"2024-12-09T16:59:32","modified_gmt":"2024-12-09T19:59:32","slug":"integrantes","status":"publish","type":"page","link":"https:\/\/catedras.facet.unt.edu.ar\/labtel\/es\/integrantes\/","title":{"rendered":"Equipo de Trabajo"},"content":{"rendered":"<div id=\"pl-334\"  class=\"panel-layout\" ><div id=\"pg-334-0\"  class=\"panel-grid panel-no-style\" ><div id=\"pgc-334-0-0\"  class=\"panel-grid-cell\" ><div id=\"panel-334-0-0-0\" class=\"so-panel widget widget_black-studio-tinymce widget_black_studio_tinymce panel-first-child panel-last-child\" data-index=\"0\" ><div class=\"textwidget\"><p><a href=\"https:\/\/catedras.facet.unt.edu.ar\/labtel\/wp-content\/uploads\/sites\/99\/2015\/07\/MiguelCabrera.jpg\"><img class=\"alignnone  wp-image-445\" src=\"https:\/\/catedras.facet.unt.edu.ar\/labtel\/wp-content\/uploads\/sites\/99\/2015\/07\/MiguelCabrera-300x300.jpg\" alt=\"MiguelCabrera\" width=\"213\" height=\"213\" \/><\/a><\/p>\n<\/div><\/div><\/div><div id=\"pgc-334-0-1\"  class=\"panel-grid-cell\" ><div id=\"panel-334-0-1-0\" class=\"so-panel widget widget_black-studio-tinymce widget_black_studio_tinymce panel-first-child panel-last-child\" data-index=\"1\" ><div class=\"textwidget\"><p style=\"margin: 0\"><strong>Nombre y Apellido:<\/strong> Miguel Angel Cabrera<\/p>\n<p style=\"margin: 0\"><b>T\u00edtulos:<\/b><\/p>\n<ul style=\"margin: 0;padding-left: 30px\">\n<li style=\"margin: 1px 0\"><strong>Grado:<\/strong> Ing. Electricista Or. Electr\u00f3nica<\/li>\n<li style=\"margin: 1px 0\"><strong>Posgrado:<\/strong> Dr. en Ciencias Exactas e Ingenier\u00eda<\/li>\n<\/ul>\n<p style=\"margin: 0\"><strong>Cargo Docente:<\/strong> Profesor Asociado<\/p>\n<p style=\"margin: 0\"><strong>e-mail:<\/strong> <a href=\"mailto:mcabrera@herrera.unt.edu.ar\">mcabrera@herrera.unt.edu.ar<\/a><\/p>\n<p style=\"margin: 0\"><strong>L\u00edneas de investigaci\u00f3n:<\/strong><\/p>\n<ul style=\"margin: 0;padding-left: 30px\">\n<li style=\"margin: 1px 0\">Atm\u00f3sfera Superior<\/li>\n<li style=\"margin: 1px 0\">Radiopropagaci\u00f3n. Sensado Remoto por Ondas de Radio<\/li>\n<\/ul>\n<\/div><\/div><\/div><\/div><div id=\"pg-334-1\"  class=\"panel-grid panel-no-style\" ><div id=\"pgc-334-1-0\"  class=\"panel-grid-cell\" ><div id=\"panel-334-1-0-0\" class=\"so-panel widget widget_black-studio-tinymce widget_black_studio_tinymce panel-first-child panel-last-child\" data-index=\"2\" ><div class=\"textwidget\"><p><a href=\"https:\/\/catedras.facet.unt.edu.ar\/labtel\/wp-content\/uploads\/sites\/99\/2015\/07\/Juan.jpg\"><img class=\"alignnone  wp-image-349\" src=\"https:\/\/catedras.facet.unt.edu.ar\/labtel\/wp-content\/uploads\/sites\/99\/2015\/07\/Juan-300x284.jpg\" alt=\"Juan\" width=\"217\" height=\"205\" \/><\/a><\/p>\n<\/div><\/div><\/div><div id=\"pgc-334-1-1\"  class=\"panel-grid-cell\" ><div id=\"panel-334-1-1-0\" class=\"so-panel widget widget_black-studio-tinymce widget_black_studio_tinymce panel-first-child panel-last-child\" data-index=\"3\" ><div class=\"textwidget\"><p style=\"margin: 0\"><strong>Nombre y Apellido:<\/strong> Juan Eduardo Ise<\/p>\n<p style=\"margin: 0\"><b>T\u00edtulos:<\/b><\/p>\n<ul style=\"margin: 0;padding-left: 30px\">\n<li style=\"margin: 1px 0\"><strong>Grado:<\/strong> Ing. Electricista Or. Electr\u00f3nica<\/li>\n<li style=\"margin: 1px 0\"><strong>Posgrado:<\/strong> Estudiante de Doctorado<\/li>\n<\/ul>\n<p style=\"margin: 0\"><strong>Cargo Docente:<\/strong> Profesor Asociado<\/p>\n<p style=\"margin: 0\"><strong>e-mail:<\/strong> <a href=\"mailto:jise@herrera.unt.edu.ar\">jise@herrera.unt.edu.ar<\/a><\/p>\n<p style=\"margin: 0\"><strong>L\u00ednea de investigaci\u00f3n:<\/strong><\/p>\n<ul style=\"margin: 0;padding-left: 30px\">\n<li style=\"margin: 1px 0\"> Estudio de modelado electr\u00f3nico de haz para arreglos de antenas<\/li>\n<\/ul>\n<\/div><\/div><\/div><\/div><div id=\"pg-334-2\"  class=\"panel-grid panel-no-style\" ><div id=\"pgc-334-2-0\"  class=\"panel-grid-cell\" ><div id=\"panel-334-2-0-0\" class=\"so-panel widget widget_black-studio-tinymce widget_black_studio_tinymce panel-first-child panel-last-child\" data-index=\"4\" ><div class=\"textwidget\"><p><a href=\"https:\/\/catedras.facet.unt.edu.ar\/labtel\/wp-content\/uploads\/sites\/99\/2015\/07\/Jose.jpg\"><img class=\"alignnone  wp-image-370\" src=\"https:\/\/catedras.facet.unt.edu.ar\/labtel\/wp-content\/uploads\/sites\/99\/2015\/07\/Jose.jpg\" alt=\"Jose\" width=\"172\" height=\"196\" \/><\/a><\/p>\n<\/div><\/div><\/div><div id=\"pgc-334-2-1\"  class=\"panel-grid-cell\" ><div id=\"panel-334-2-1-0\" class=\"so-panel widget widget_black-studio-tinymce widget_black_studio_tinymce panel-first-child panel-last-child\" data-index=\"5\" ><div class=\"textwidget\"><p style=\"margin: 0\"><strong>Nombre y Apellido:<\/strong> Jos\u00e9 Ignacio Cangemi<\/p>\n<p style=\"margin: 0\"><b>T\u00edtulo:<\/b><\/p>\n<ul style=\"margin: 0;padding-left: 30px\">\n<li style=\"margin: 1px 0\"><strong>Grado:<\/strong> Ingeniero Electr\u00f3nico<\/li>\n<\/ul>\n<p style=\"margin: 0\"><strong>Cargo Docente:<\/strong>\u00a0Auxiliar Docente S.D.<\/p>\n<p style=\"margin: 0\"><strong>e-mail:<\/strong> <a href=\"mailto:jcangemi@herrera.unt.edu.ar\">jcangemi@herrera.unt.edu.ar<\/a><\/p>\n<p style=\"margin: 0\"><strong>L\u00edneas de investigaci\u00f3n:<\/strong><\/p>\n<ul style=\"margin: 0;padding-left: 30px\">\n<li style=\"margin: 1px 0\">Metamateriales<\/li>\n<li style=\"margin: 1px 0\">Estructuras Electromagn\u00e9ticas de Banda Prohibida<\/li>\n<\/ul>\n<\/div><\/div><\/div><\/div><div id=\"pg-334-3\"  class=\"panel-grid panel-no-style\" ><div id=\"pgc-334-3-0\"  class=\"panel-grid-cell\" ><div id=\"panel-334-3-0-0\" class=\"so-panel widget widget_black-studio-tinymce widget_black_studio_tinymce panel-first-child panel-last-child\" data-index=\"6\" ><div class=\"textwidget\"><p><a href=\"https:\/\/catedras.facet.unt.edu.ar\/labtel\/wp-content\/uploads\/sites\/99\/2015\/07\/Fernando1.jpg\"><img class=\"alignnone  wp-image-460\" src=\"https:\/\/catedras.facet.unt.edu.ar\/labtel\/wp-content\/uploads\/sites\/99\/2015\/07\/Fernando1.jpg\" alt=\"Fernando\" width=\"211\" height=\"211\" \/><\/a><\/p>\n<\/div><\/div><\/div><div id=\"pgc-334-3-1\"  class=\"panel-grid-cell\" ><div id=\"panel-334-3-1-0\" class=\"so-panel widget widget_black-studio-tinymce widget_black_studio_tinymce panel-first-child panel-last-child\" data-index=\"7\" ><div class=\"textwidget\"><p style=\"margin: 0\"><strong>Nombre y Apellido:<\/strong> Fernando Alberto Miranda Bonomi<\/p>\n<p style=\"margin: 0\"><b>T\u00edtulos:<\/b><\/p>\n<ul style=\"margin: 0;padding-left: 30px\">\n<li style=\"margin: 1px 0\"><strong>Grado:<\/strong> Ingeniero Electr\u00f3nico<\/li>\n<li style=\"margin: 1px 0\"><strong>Posgrado:<\/strong> Dr. en Ciencias Exactas e Ingenier\u00eda<\/li>\n<\/ul>\n<p style=\"margin: 0\"><strong>Cargo Docente:<\/strong> JTP D.E.<\/p>\n<p style=\"margin: 0\"><strong>e-mail:<\/strong> <a href=\"mailto:fmirandabonomi@herrera.unt.edu.ar\">fmirandabonomi@herrera.unt.edu.ar<\/a><\/p>\n<p style=\"margin: 0\"><strong>L\u00edneas de investigaci\u00f3n:<\/strong><\/p>\n<ul style=\"margin: 0;padding-left: 30px\">\n<li style=\"margin: 1px 0\">Telecomunicaciones y Radiocomunicaciones<\/li>\n<li style=\"margin: 1px 0\">Redes M\u00f3viles Cooperativas y Aeronom\u00eda<\/li>\n<\/ul>\n<\/div><\/div><\/div><\/div><div id=\"pg-334-4\"  class=\"panel-grid panel-no-style\" ><div id=\"pgc-334-4-0\"  class=\"panel-grid-cell\" ><div id=\"panel-334-4-0-0\" class=\"so-panel widget widget_black-studio-tinymce widget_black_studio_tinymce panel-first-child panel-last-child\" data-index=\"8\" ><div class=\"textwidget\"><p><a href=\"https:\/\/catedras.facet.unt.edu.ar\/labtel\/wp-content\/uploads\/sites\/99\/2015\/07\/Graciela.jpg\"><img class=\"alignnone  wp-image-359\" src=\"https:\/\/catedras.facet.unt.edu.ar\/labtel\/wp-content\/uploads\/sites\/99\/2015\/07\/Graciela-297x300.jpg\" alt=\"Graciela\" width=\"216\" height=\"218\" \/><\/a><\/p>\n<\/div><\/div><\/div><div id=\"pgc-334-4-1\"  class=\"panel-grid-cell\" ><div id=\"panel-334-4-1-0\" class=\"so-panel widget widget_black-studio-tinymce widget_black_studio_tinymce panel-first-child panel-last-child\" data-index=\"9\" ><div class=\"textwidget\"><p style=\"margin: 0\"><strong>Nombre y Apellido:<\/strong> Graciela Molina<\/p>\n<p style=\"margin: 0\"><b>T\u00edtulos:<\/b><\/p>\n<ul style=\"margin: 0;padding-left: 30px\">\n<li style=\"margin: 1px 0\"><strong>Grado:<\/strong> Licenciada en Inform\u00e1tica<\/li>\n<li style=\"margin: 1px 0\"><strong>Posgrado:<\/strong> Dra. en Ciencias Exactas e Ingenier\u00eda<\/li>\n<\/ul>\n<p style=\"margin: 0\"><strong>Cargo Docente:<\/strong> Aux. Docente Graduado D.E. \/ Investigador Cat. V<\/p>\n<p style=\"margin: 0\"><strong>e-mail:<\/strong> <a href=\"mailto:gmolina@herrera.unt.edu.ar\">gmolina@herrera.unt.edu.ar<\/a><\/p>\n<p style=\"margin: 0\"><strong>L\u00edneas de investigaci\u00f3n:<\/strong><\/p>\n<ul style=\"margin: 0;padding-left: 30px\">\n<li style=\"margin: 1px 0\">M\u00e9todos Num\u00e9ricos - Procesamiento de Se\u00f1ales de Radares para aplicaciones geof\u00edsicas <\/li>\n<li style=\"margin: 1px 0\">Algoritmos num\u00e9ricos para detecci\u00f3n autom\u00e1tica de ecos de radares - High Perfomance computing para aplicaciones de clima espacial.<\/li>\n<\/ul>\n<\/div><\/div><\/div><\/div><div id=\"pg-334-5\"  class=\"panel-grid panel-no-style\" ><div id=\"pgc-334-5-0\"  class=\"panel-grid-cell\" ><div id=\"panel-334-5-0-0\" class=\"so-panel widget widget_black-studio-tinymce widget_black_studio_tinymce panel-first-child panel-last-child\" data-index=\"10\" ><div class=\"textwidget\"><p><a href=\"https:\/\/catedras.facet.unt.edu.ar\/labtel\/wp-content\/uploads\/sites\/99\/2015\/07\/Mariano.jpg\"><img class=\"alignnone  wp-image-357\" src=\"https:\/\/catedras.facet.unt.edu.ar\/labtel\/wp-content\/uploads\/sites\/99\/2015\/07\/Mariano-300x297.jpg\" alt=\"Mariano\" width=\"216\" height=\"214\" \/><\/a><\/p>\n<\/div><\/div><\/div><div id=\"pgc-334-5-1\"  class=\"panel-grid-cell\" ><div id=\"panel-334-5-1-0\" class=\"so-panel widget widget_black-studio-tinymce widget_black_studio_tinymce panel-first-child panel-last-child\" data-index=\"11\" ><div class=\"textwidget\"><p style=\"margin: 0\"><strong>Nombre y Apellido:<\/strong> Mariano Fagre<\/p>\n<p style=\"margin: 0\"><b>T\u00edtulos:<\/b><\/p>\n<ul style=\"margin: 0;padding-left: 30px\">\n<li style=\"margin: 1px 0\"><strong>Grado:<\/strong> Ingeniero Electr\u00f3nico<\/li>\n<li style=\"margin: 1px 0\"><strong>Posgrado:<\/strong> Dr. en Ciencias Exactas e Ingenier\u00eda<\/li>\n<\/ul>\n<p style=\"margin: 0\"><strong>Cargo Docente:<\/strong> JTP (se\u00f1ales el\u00e9ctricas y sistemas din\u00e1micos no lineales)<\/p>\n<p style=\"margin: 0\"><strong>e-mail:<\/strong> <a href=\"mailto:mfagre@herrera.unt.edu.ar\">mfagre@herrera.unt.edu.ar<\/a><\/p>\n<p style=\"margin: 0\"><strong>L\u00edneas de investigaci\u00f3n:<\/strong><\/p>\n<ul style=\"margin: 0;padding-left: 30px\">\n<li style=\"margin: 1px 0\">Modelado de Perturbaciones Ionosf\u00e9ricas para su aplicaci\u00f3n en Telecomunicaciones<\/li>\n<li style=\"margin: 1px 0\">Propagaci\u00f3n de Ondas Electromagn\u00e9ticas en Atm\u00f3sfera Terrestre<\/li>\n<\/ul>\n<\/div><\/div><\/div><\/div><div id=\"pg-334-6\"  class=\"panel-grid panel-no-style\" ><div id=\"pgc-334-6-0\"  class=\"panel-grid-cell\" ><div id=\"panel-334-6-0-0\" class=\"so-panel widget widget_black-studio-tinymce widget_black_studio_tinymce panel-first-child panel-last-child\" data-index=\"12\" ><div class=\"textwidget\"><p><a href=\"https:\/\/catedras.facet.unt.edu.ar\/labtel\/wp-content\/uploads\/sites\/99\/2017\/09\/Zenon-e1504926606277.jpg\"><img class=\"alignnone wp-image-457\" src=\"https:\/\/catedras.facet.unt.edu.ar\/labtel\/wp-content\/uploads\/sites\/99\/2017\/09\/Zenon-e1504926606277.jpg\" alt=\"Sin t\u00edtulo\" width=\"200\" height=\"214\" \/><\/a><\/p>\n<\/div><\/div><\/div><div id=\"pgc-334-6-1\"  class=\"panel-grid-cell\" ><div id=\"panel-334-6-1-0\" class=\"so-panel widget widget_black-studio-tinymce widget_black_studio_tinymce panel-first-child panel-last-child\" data-index=\"13\" ><div class=\"textwidget\"><p style=\"margin: 0\"><strong>Nombre y Apellido:<\/strong> Zen\u00f3n Saavedra<\/p>\n<p style=\"margin: 0px 0\"><b>T\u00edtulos:<\/b><\/p>\n<ul style=\"margin: 0px 0;padding-left: 30px\">\n<li style=\"margin: 1px 0\"><strong>Grado:<\/strong> Ingeniero Electr\u00f3nico<\/li>\n<li style=\"margin: 1px 0\"><strong>Posgrado:<\/strong> Dr. en Ciencias Exactas e Ingenier\u00eda<\/li>\n<\/ul>\n<p style=\"margin: 0\"><strong>e-mail:<\/strong> <a href=\"mailto:zsaavedra@herrera.unt.edu.ar\">zsaavedra@herrera.unt.edu.ar<\/a><\/p>\n<p style=\"margin: 0\"><strong>L\u00edneas de investigaci\u00f3n:<\/strong><\/p>\n<ul style=\"margin: 0px 0;padding-left: 30px\">\n<li style=\"margin: 1px 0\">Propagaci\u00f3n de ondas electromagn\u00e9ticas en la ionosfera terrestre<\/li>\n<li style=\"margin: 1px 0\">Dise\u00f1o y modelado de radares (OTH, sondadores ionosf\u00e9ricos)<\/li>\n<\/ul>\n<\/div><\/div><\/div><\/div><div id=\"pg-334-7\"  class=\"panel-grid panel-no-style\" ><div id=\"pgc-334-7-0\"  class=\"panel-grid-cell\" ><div id=\"panel-334-7-0-0\" class=\"so-panel widget widget_black-studio-tinymce widget_black_studio_tinymce panel-first-child panel-last-child\" data-index=\"14\" ><div class=\"textwidget\"><p><a href=\"https:\/\/catedras.facet.unt.edu.ar\/labtel\/wp-content\/uploads\/sites\/99\/2024\/11\/Lic.-Axel-Hemsy.jpeg\"><img class=\"alignnone wp-image-2135\" src=\"https:\/\/catedras.facet.unt.edu.ar\/labtel\/wp-content\/uploads\/sites\/99\/2024\/11\/Lic.-Axel-Hemsy.jpeg\" alt=\"\" width=\"200\" height=\"133\" \/><\/a><\/p>\n<\/div><\/div><\/div><div id=\"pgc-334-7-1\"  class=\"panel-grid-cell\" ><div id=\"panel-334-7-1-0\" class=\"so-panel widget widget_black-studio-tinymce widget_black_studio_tinymce panel-first-child panel-last-child\" data-index=\"15\" ><div class=\"textwidget\"><p style=\"margin: 0\"><strong>Nombre y Apellido:<\/strong> Axel Hemsy<\/p>\n<p style=\"margin: 0\"><b>T\u00edtulos:<\/b><\/p>\n<ul style=\"margin: 0;padding-left: 30px\">\n<li style=\"margin: 1px 0\"><strong>Grado:<\/strong> Licenciado en F\u00edsica<\/li>\n<li style=\"margin: 1px 0\"><strong>Posgrado:<\/strong> Estudiante de Doctorado<\/li>\n<\/ul>\n<p style=\"margin: 0\"><strong>Cargo Docente:<\/strong> Aux. Docente Graduado D.E.<\/p>\n<p style=\"margin: 0\"><strong>e-mail:<\/strong> <a href=\"mailto:ahemsy@herrera.unt.edu.arr\">ahemsy@herrera.unt.edu.ar<\/a><\/p>\n<p style=\"margin: 0\"><strong>L\u00ednea de investigaci\u00f3n:<\/strong><\/p>\n<ul style=\"margin: 0;padding-left: 30px\">\n<li style=\"margin: 1px 0\">Antenas Patchs con Metamateriales para Nanosat\u00e9lites<\/li>\n<\/ul>\n<\/div><\/div><\/div><\/div><\/div>","protected":false},"excerpt":{"rendered":"<p>Nombre y Apellido: Miguel Angel Cabrera T\u00edtulos: Grado: Ing. Electricista Or. Electr\u00f3nica Posgrado: Dr. en Ciencias Exactas e Ingenier\u00eda Cargo Docente: Profesor Asociado e-mail: mcabrera@herrera.unt.edu.ar L\u00edneas de investigaci\u00f3n: Atm\u00f3sfera Superior Radiopropagaci\u00f3n. Sensado Remoto por Ondas de Radio Nombre y Apellido: Juan Eduardo Ise T\u00edtulos: Grado: Ing. Electricista Or. Electr\u00f3nica Posgrado: Estudiante de Doctorado Cargo Docente: [&hellip;]<\/p>\n","protected":false},"author":437,"featured_media":0,"parent":0,"menu_order":0,"comment_status":"closed","ping_status":"closed","template":"","meta":[],"_links":{"self":[{"href":"https:\/\/catedras.facet.unt.edu.ar\/labtel\/wp-json\/wp\/v2\/pages\/334"}],"collection":[{"href":"https:\/\/catedras.facet.unt.edu.ar\/labtel\/wp-json\/wp\/v2\/pages"}],"about":[{"href":"https:\/\/catedras.facet.unt.edu.ar\/labtel\/wp-json\/wp\/v2\/types\/page"}],"author":[{"embeddable":true,"href":"https:\/\/catedras.facet.unt.edu.ar\/labtel\/wp-json\/wp\/v2\/users\/437"}],"replies":[{"embeddable":true,"href":"https:\/\/catedras.facet.unt.edu.ar\/labtel\/wp-json\/wp\/v2\/comments?post=334"}],"version-history":[{"count":91,"href":"https:\/\/catedras.facet.unt.edu.ar\/labtel\/wp-json\/wp\/v2\/pages\/334\/revisions"}],"predecessor-version":[{"id":2169,"href":"https:\/\/catedras.facet.unt.edu.ar\/labtel\/wp-json\/wp\/v2\/pages\/334\/revisions\/2169"}],"wp:attachment":[{"href":"https:\/\/catedras.facet.unt.edu.ar\/labtel\/wp-json\/wp\/v2\/media?parent=334"}],"curies":[{"name":"wp","href":"https:\/\/api.w.org\/{rel}","templated":true}]}}