{"id":221,"date":"2015-05-29T20:18:12","date_gmt":"2015-05-29T23:18:12","guid":{"rendered":"https:\/\/catedras.facet.unt.edu.ar\/labtel\/?page_id=221"},"modified":"2024-11-26T11:40:15","modified_gmt":"2024-11-26T14:40:15","slug":"quienes-somos","status":"publish","type":"page","link":"https:\/\/catedras.facet.unt.edu.ar\/labtel\/es\/home\/quienes-somos\/","title":{"rendered":"Quienes Somos"},"content":{"rendered":"<div id=\"pl-221\"  class=\"panel-layout\" ><div id=\"pg-221-0\"  class=\"panel-grid panel-no-style\" ><div id=\"pgc-221-0-0\"  class=\"panel-grid-cell\" ><div id=\"panel-221-0-0-0\" class=\"so-panel widget widget_headline-widget panel-first-child panel-last-child\" data-index=\"0\" ><div class=\"so-parallax panel-widget-style panel-widget-style-for-221-0-0-0\" ><img width=\"1772\" height=\"1181\" src=\"https:\/\/catedras.facet.unt.edu.ar\/labtel\/wp-content\/uploads\/sites\/99\/2016\/09\/Quienes-somos1.jpg\" class=\"attachment-full size-full\" alt=\"\" loading=\"eager\" data-siteorigin-parallax=\"true\" srcset=\"https:\/\/catedras.facet.unt.edu.ar\/labtel\/wp-content\/uploads\/sites\/99\/2016\/09\/Quienes-somos1.jpg 1772w, https:\/\/catedras.facet.unt.edu.ar\/labtel\/wp-content\/uploads\/sites\/99\/2016\/09\/Quienes-somos1-300x200.jpg 300w, https:\/\/catedras.facet.unt.edu.ar\/labtel\/wp-content\/uploads\/sites\/99\/2016\/09\/Quienes-somos1-768x512.jpg 768w, https:\/\/catedras.facet.unt.edu.ar\/labtel\/wp-content\/uploads\/sites\/99\/2016\/09\/Quienes-somos1-1024x682.jpg 1024w, https:\/\/catedras.facet.unt.edu.ar\/labtel\/wp-content\/uploads\/sites\/99\/2016\/09\/Quienes-somos1-272x182.jpg 272w\" sizes=\"(max-width: 1772px) 100vw, 1772px\" \/>\t\t<h1><\/h1>\n\t\t<div class=\"decoration\"><div class=\"decoration-inside\"><\/div><\/div>\n\t\t<h3><\/h3>\n\t\t<\/div><\/div><\/div><\/div><div id=\"pg-221-1\"  class=\"panel-grid panel-no-style\" ><div id=\"pgc-221-1-0\"  class=\"panel-grid-cell\" ><div id=\"panel-221-1-0-0\" class=\"so-panel widget widget_sow-editor panel-first-child panel-last-child\" data-index=\"1\" ><div\n\t\t\t\n\t\t\tclass=\"so-widget-sow-editor so-widget-sow-editor-base\"\n\t\t\t\n\t\t>\n<div class=\"siteorigin-widget-tinymce textwidget\">\n\t<p style=\"text-align: justify;\"><strong>El Laboratorio de Telecomunicaciones (LTC)\u00a0pertenece al Dpto. de Electricidad, Electr\u00f3nica y Computaci\u00f3n (DEEC)\u00a0de la Facultad de Ciencias Exactas y Tecnolog\u00eda (FACET), Universidad Nacional de Tucum\u00e1n (UNT). En el\u00a0LTC se desarrollan las Actividades Docentes de Grado y Posgrado, de Investigaci\u00f3n &amp; Desarrollo y\u00a0Servicios\u00a0de Ingenier\u00eda. Nuestro objetivo es brindar educaci\u00f3n superior p\u00fablica universitaria de calidad, afianzada en la permanente actualizaci\u00f3n profesional de sus Docentes\/Investigadores, quienes imparten clases te\u00f3rico-pr\u00e1cticas, brindando un espacio acad\u00e9mico para el aprendizaje significativo\u00a0y la elaboraci\u00f3n de proyectos de Ingenier\u00eda \u00a0en la rama de Telecomunicaciones. <\/strong><\/p>\n<\/div>\n<\/div><\/div><\/div><\/div><\/div>","protected":false},"excerpt":{"rendered":"<p>El Laboratorio de Telecomunicaciones (LTC)\u00a0pertenece al Dpto. de Electricidad, Electr\u00f3nica y Computaci\u00f3n (DEEC)\u00a0de la Facultad de Ciencias Exactas y Tecnolog\u00eda (FACET), Universidad Nacional de Tucum\u00e1n (UNT). En el\u00a0LTC se desarrollan las Actividades Docentes de Grado y Posgrado, de Investigaci\u00f3n &amp; Desarrollo y\u00a0Servicios\u00a0de Ingenier\u00eda. Nuestro objetivo es brindar educaci\u00f3n superior p\u00fablica universitaria de calidad, afianzada en [&hellip;]<\/p>\n","protected":false},"author":435,"featured_media":0,"parent":37,"menu_order":3,"comment_status":"closed","ping_status":"closed","template":"","meta":[],"_links":{"self":[{"href":"https:\/\/catedras.facet.unt.edu.ar\/labtel\/wp-json\/wp\/v2\/pages\/221"}],"collection":[{"href":"https:\/\/catedras.facet.unt.edu.ar\/labtel\/wp-json\/wp\/v2\/pages"}],"about":[{"href":"https:\/\/catedras.facet.unt.edu.ar\/labtel\/wp-json\/wp\/v2\/types\/page"}],"author":[{"embeddable":true,"href":"https:\/\/catedras.facet.unt.edu.ar\/labtel\/wp-json\/wp\/v2\/users\/435"}],"replies":[{"embeddable":true,"href":"https:\/\/catedras.facet.unt.edu.ar\/labtel\/wp-json\/wp\/v2\/comments?post=221"}],"version-history":[{"count":9,"href":"https:\/\/catedras.facet.unt.edu.ar\/labtel\/wp-json\/wp\/v2\/pages\/221\/revisions"}],"predecessor-version":[{"id":2127,"href":"https:\/\/catedras.facet.unt.edu.ar\/labtel\/wp-json\/wp\/v2\/pages\/221\/revisions\/2127"}],"up":[{"embeddable":true,"href":"https:\/\/catedras.facet.unt.edu.ar\/labtel\/wp-json\/wp\/v2\/pages\/37"}],"wp:attachment":[{"href":"https:\/\/catedras.facet.unt.edu.ar\/labtel\/wp-json\/wp\/v2\/media?parent=221"}],"curies":[{"name":"wp","href":"https:\/\/api.w.org\/{rel}","templated":true}]}}