{"id":201,"date":"2015-05-22T23:22:36","date_gmt":"2015-05-23T02:22:36","guid":{"rendered":"https:\/\/catedras.facet.unt.edu.ar\/labtel\/?page_id=201"},"modified":"2016-09-12T12:31:59","modified_gmt":"2016-09-12T15:31:59","slug":"transferencia-y-servicios","status":"publish","type":"page","link":"https:\/\/catedras.facet.unt.edu.ar\/labtel\/es\/transferencia-y-servicios\/","title":{"rendered":""},"content":{"rendered":"<div id=\"pl-201\"  class=\"panel-layout\" ><div id=\"pg-201-0\"  class=\"panel-grid panel-no-style\" ><div id=\"pgc-201-0-0\"  class=\"panel-grid-cell\" ><div id=\"panel-201-0-0-0\" class=\"so-panel widget widget_headline-widget panel-first-child panel-last-child\" data-index=\"0\" ><div class=\"so-parallax panel-widget-style panel-widget-style-for-201-0-0-0\" ><img width=\"640\" height=\"350\" src=\"https:\/\/catedras.facet.unt.edu.ar\/labtel\/wp-content\/uploads\/sites\/99\/2016\/09\/telecomunicaciones-serv.jpg\" class=\"attachment-full size-full\" alt=\"\" loading=\"eager\" data-siteorigin-parallax=\"true\" srcset=\"https:\/\/catedras.facet.unt.edu.ar\/labtel\/wp-content\/uploads\/sites\/99\/2016\/09\/telecomunicaciones-serv.jpg 640w, https:\/\/catedras.facet.unt.edu.ar\/labtel\/wp-content\/uploads\/sites\/99\/2016\/09\/telecomunicaciones-serv-300x164.jpg 300w\" sizes=\"(max-width: 640px) 100vw, 640px\" \/>\t\t<h1>Transferencia y Servicios<\/h1>\n\t\t<div class=\"decoration\"><div class=\"decoration-inside\"><\/div><\/div>\n\t\t<h3><\/h3>\n\t\t<\/div><\/div><\/div><\/div><div id=\"pg-201-1\"  class=\"panel-grid panel-no-style\" ><div id=\"pgc-201-1-0\"  class=\"panel-grid-cell\" ><div id=\"panel-201-1-0-0\" class=\"so-panel widget widget_sow-editor panel-first-child panel-last-child\" data-index=\"1\" ><div\n\t\t\t\n\t\t\tclass=\"so-widget-sow-editor so-widget-sow-editor-base\"\n\t\t\t\n\t\t>\n<div class=\"siteorigin-widget-tinymce textwidget\">\n\t<p><strong>Consultor\u00eda en Ingenier\u00eda de Telecomunicaciones<\/strong><\/p>\n<p><strong>Dise\u00f1os a medida de soluciones integrales en Software y Hardware para Industrias y la Defensa<\/strong><\/p>\n<p><strong>Mediciones especiales en RF<\/strong><\/p>\n<p><strong>Modelado y desarrollo de estructuras electromagn\u00e9ticas<\/strong><\/p>\n<p>&nbsp;<\/p>\n<p>&nbsp;<\/p>\n<\/div>\n<\/div><\/div><\/div><\/div><\/div>","protected":false},"excerpt":{"rendered":"<p>Consultor\u00eda en Ingenier\u00eda de Telecomunicaciones Dise\u00f1os a medida de soluciones integrales en Software y Hardware para Industrias y la Defensa Mediciones especiales en RF Modelado y desarrollo de estructuras electromagn\u00e9ticas &nbsp; &nbsp;<\/p>\n","protected":false},"author":435,"featured_media":0,"parent":0,"menu_order":0,"comment_status":"closed","ping_status":"closed","template":"","meta":[],"_links":{"self":[{"href":"https:\/\/catedras.facet.unt.edu.ar\/labtel\/wp-json\/wp\/v2\/pages\/201"}],"collection":[{"href":"https:\/\/catedras.facet.unt.edu.ar\/labtel\/wp-json\/wp\/v2\/pages"}],"about":[{"href":"https:\/\/catedras.facet.unt.edu.ar\/labtel\/wp-json\/wp\/v2\/types\/page"}],"author":[{"embeddable":true,"href":"https:\/\/catedras.facet.unt.edu.ar\/labtel\/wp-json\/wp\/v2\/users\/435"}],"replies":[{"embeddable":true,"href":"https:\/\/catedras.facet.unt.edu.ar\/labtel\/wp-json\/wp\/v2\/comments?post=201"}],"version-history":[{"count":6,"href":"https:\/\/catedras.facet.unt.edu.ar\/labtel\/wp-json\/wp\/v2\/pages\/201\/revisions"}],"predecessor-version":[{"id":1285,"href":"https:\/\/catedras.facet.unt.edu.ar\/labtel\/wp-json\/wp\/v2\/pages\/201\/revisions\/1285"}],"wp:attachment":[{"href":"https:\/\/catedras.facet.unt.edu.ar\/labtel\/wp-json\/wp\/v2\/media?parent=201"}],"curies":[{"name":"wp","href":"https:\/\/api.w.org\/{rel}","templated":true}]}}