{"id":1693,"date":"2016-09-25T20:29:54","date_gmt":"2016-09-25T23:29:54","guid":{"rendered":"https:\/\/catedras.facet.unt.edu.ar\/labtel\/?page_id=1693"},"modified":"2016-09-25T20:56:15","modified_gmt":"2016-09-25T23:56:15","slug":"rr-hh-2","status":"publish","type":"page","link":"https:\/\/catedras.facet.unt.edu.ar\/labtel\/en\/rr-hh-2\/","title":{"rendered":""},"content":{"rendered":"<div id=\"pl-1693\"  class=\"panel-layout\" ><div id=\"pg-1693-0\"  class=\"panel-grid panel-no-style\" ><div id=\"pgc-1693-0-0\"  class=\"panel-grid-cell\" ><div id=\"panel-1693-0-0-0\" class=\"so-panel widget widget_headline-widget panel-first-child panel-last-child\" data-index=\"0\" ><div class=\"so-parallax panel-widget-style panel-widget-style-for-1693-0-0-0\" ><img width=\"423\" height=\"278\" src=\"https:\/\/catedras.facet.unt.edu.ar\/labtel\/wp-content\/uploads\/sites\/99\/2016\/09\/Fondo1-1.jpg\" class=\"attachment-full size-full\" alt=\"\" loading=\"eager\" data-siteorigin-parallax=\"true\" srcset=\"https:\/\/catedras.facet.unt.edu.ar\/labtel\/wp-content\/uploads\/sites\/99\/2016\/09\/Fondo1-1.jpg 423w, https:\/\/catedras.facet.unt.edu.ar\/labtel\/wp-content\/uploads\/sites\/99\/2016\/09\/Fondo1-1-300x197.jpg 300w\" sizes=\"(max-width: 423px) 100vw, 423px\" \/>\t\t<h1>Human Resources Development<\/h1>\n\t\t<div class=\"decoration\"><div class=\"decoration-inside\"><\/div><\/div>\n\t\t<h3><\/h3>\n\t\t<\/div><\/div><\/div><\/div><div id=\"pg-1693-1\"  class=\"panel-grid panel-no-style\" ><div id=\"pgc-1693-1-0\"  class=\"panel-grid-cell\" ><div id=\"panel-1693-1-0-0\" class=\"so-panel widget widget_circleicon-widget panel-first-child panel-last-child\" data-index=\"1\" >\t\t<div class=\"circle-icon-box circle-icon-position-top circle-icon-hide-box circle-icon-size-large\">\n\t\t\t<div class=\"circle-icon-wrapper\">\n\t\t\t\t<a href=\"https:\/\/catedras.facet.unt.edu.ar\/labtel\/en\/fellows\/\" class=\"link-icon\" >\t\t\t\t<div class=\"circle-icon\" >\n\t\t\t\t\t<div class=\"fa fa-users\" ><\/div>\t\t\t\t<\/div>\n\t\t\t\t<\/a>\t\t\t<\/div>\n\n\t\t\t<a href=\"https:\/\/catedras.facet.unt.edu.ar\/labtel\/en\/fellows\/\" class=\"link-title\" >\t\t\t<h4 >Fellows<\/h4>\t\t\t<\/a>\n\t\t\t<p class=\"text\" >Those are the fellows that has the Telecommunications Laboratory<\/p>\t\t\t\t\t\t\t<a href=\"https:\/\/catedras.facet.unt.edu.ar\/labtel\/en\/fellows\/\" class=\"more-button\" >M\u00e1s informaci\u00f3n <i><\/i><\/a>\n\t\t\t\t\t<\/div>\n\t\t<\/div><\/div><div id=\"pgc-1693-1-1\"  class=\"panel-grid-cell\" ><div id=\"panel-1693-1-1-0\" class=\"so-panel widget widget_circleicon-widget panel-first-child panel-last-child\" data-index=\"2\" >\t\t<div class=\"circle-icon-box circle-icon-position-top circle-icon-hide-box circle-icon-size-large\">\n\t\t\t<div class=\"circle-icon-wrapper\">\n\t\t\t\t<a href=\"https:\/\/catedras.facet.unt.edu.ar\/labtel\/en\/seminars\/\" class=\"link-icon\" >\t\t\t\t<div class=\"circle-icon\" >\n\t\t\t\t\t<div class=\"fa fa-image\" ><\/div>\t\t\t\t<\/div>\n\t\t\t\t<\/a>\t\t\t<\/div>\n\n\t\t\t<a href=\"https:\/\/catedras.facet.unt.edu.ar\/labtel\/en\/seminars\/\" class=\"link-title\" >\t\t\t<h4 >Seminars<\/h4>\t\t\t<\/a>\n\t\t\t<p class=\"text\" >The seminar has Telecommunication Laboratory<\/p>\t\t\t\t\t\t\t<a href=\"https:\/\/catedras.facet.unt.edu.ar\/labtel\/en\/seminars\/\" class=\"more-button\" >M\u00e1s informaci\u00f3n <i><\/i><\/a>\n\t\t\t\t\t<\/div>\n\t\t<\/div><\/div><div id=\"pgc-1693-1-2\"  class=\"panel-grid-cell\" ><div id=\"panel-1693-1-2-0\" class=\"so-panel widget widget_circleicon-widget panel-first-child panel-last-child\" data-index=\"3\" >\t\t<div class=\"circle-icon-box circle-icon-position-top circle-icon-hide-box circle-icon-size-large\">\n\t\t\t<div class=\"circle-icon-wrapper\">\n\t\t\t\t<a href=\"https:\/\/catedras.facet.unt.edu.ar\/labtel\/en\/postgrade-course\/\" class=\"link-icon\" >\t\t\t\t<div class=\"circle-icon\" >\n\t\t\t\t\t<div class=\"fa fa-book\" ><\/div>\t\t\t\t<\/div>\n\t\t\t\t<\/a>\t\t\t<\/div>\n\n\t\t\t<a href=\"https:\/\/catedras.facet.unt.edu.ar\/labtel\/en\/postgrade-course\/\" class=\"link-title\" >\t\t\t<h4 >Postgrade Course<\/h4>\t\t\t<\/a>\n\t\t\t<p class=\"text\" >Here graduate courses offered by the Telecommunications Laboratory shows<\/p>\t\t\t\t\t\t\t<a href=\"https:\/\/catedras.facet.unt.edu.ar\/labtel\/en\/postgrade-course\/\" class=\"more-button\" >M\u00e1s informaci\u00f3n <i><\/i><\/a>\n\t\t\t\t\t<\/div>\n\t\t<\/div><\/div><\/div><div id=\"pg-1693-2\"  class=\"panel-grid panel-no-style\" ><div id=\"pgc-1693-2-0\"  class=\"panel-grid-cell\" ><div id=\"panel-1693-2-0-0\" class=\"so-panel widget widget_circleicon-widget panel-first-child panel-last-child\" data-index=\"4\" >\t\t<div class=\"circle-icon-box circle-icon-position-top circle-icon-hide-box circle-icon-size-large\">\n\t\t\t<div class=\"circle-icon-wrapper\">\n\t\t\t\t<a href=\"https:\/\/catedras.facet.unt.edu.ar\/labtel\/en\/degree-thesis\/\" class=\"link-icon\" >\t\t\t\t<div class=\"circle-icon\" >\n\t\t\t\t\t<div class=\"fa fa-users\" ><\/div>\t\t\t\t<\/div>\n\t\t\t\t<\/a>\t\t\t<\/div>\n\n\t\t\t<a href=\"https:\/\/catedras.facet.unt.edu.ar\/labtel\/en\/degree-thesis\/\" class=\"link-title\" >\t\t\t<h4 >Degree Thesis<\/h4>\t\t\t<\/a>\n\t\t\t<p class=\"text\" >Who it is the degree thesis that has the Telecommunications Laboratory<\/p>\t\t\t\t\t\t\t<a href=\"https:\/\/catedras.facet.unt.edu.ar\/labtel\/en\/degree-thesis\/\" class=\"more-button\" >M\u00e1s informaci\u00f3n <i><\/i><\/a>\n\t\t\t\t\t<\/div>\n\t\t<\/div><\/div><div id=\"pgc-1693-2-1\"  class=\"panel-grid-cell panel-grid-cell-mobile-last\" ><div id=\"panel-1693-2-1-0\" class=\"so-panel widget widget_circleicon-widget panel-first-child panel-last-child\" data-index=\"5\" >\t\t<div class=\"circle-icon-box circle-icon-position-top circle-icon-hide-box circle-icon-size-large\">\n\t\t\t<div class=\"circle-icon-wrapper\">\n\t\t\t\t<a href=\"https:\/\/catedras.facet.unt.edu.ar\/labtel\/en\/posgraduate-thesis\/\" class=\"link-icon\" >\t\t\t\t<div class=\"circle-icon\" >\n\t\t\t\t\t<div class=\"fa fa-users\" ><\/div>\t\t\t\t<\/div>\n\t\t\t\t<\/a>\t\t\t<\/div>\n\n\t\t\t<a href=\"https:\/\/catedras.facet.unt.edu.ar\/labtel\/en\/posgraduate-thesis\/\" class=\"link-title\" >\t\t\t<h4 >Posgraduate Thesis<\/h4>\t\t\t<\/a>\n\t\t\t<p class=\"text\" >Postgraduate students who are having the Graduate Telecommunications Laboratory<\/p>\t\t\t\t\t\t\t<a href=\"https:\/\/catedras.facet.unt.edu.ar\/labtel\/en\/posgraduate-thesis\/\" class=\"more-button\" >M\u00e1s informaci\u00f3n <i><\/i><\/a>\n\t\t\t\t\t<\/div>\n\t\t<\/div><\/div><div id=\"pgc-1693-2-2\"  class=\"panel-grid-cell panel-grid-cell-empty\" ><\/div><\/div><\/div>","protected":false},"excerpt":{"rendered":"<p>Human Resources Development Fellows Those are the fellows that has the Telecommunications Laboratory M\u00e1s informaci\u00f3n Seminars The seminar has Telecommunication Laboratory M\u00e1s informaci\u00f3n Postgrade Course Here graduate courses offered by the Telecommunications Laboratory shows M\u00e1s informaci\u00f3n Degree Thesis Who it is the degree thesis that has the Telecommunications Laboratory M\u00e1s informaci\u00f3n Posgraduate Thesis Postgraduate students [&hellip;]<\/p>\n","protected":false},"author":101149,"featured_media":0,"parent":0,"menu_order":0,"comment_status":"closed","ping_status":"closed","template":"","meta":[],"_links":{"self":[{"href":"https:\/\/catedras.facet.unt.edu.ar\/labtel\/wp-json\/wp\/v2\/pages\/1693"}],"collection":[{"href":"https:\/\/catedras.facet.unt.edu.ar\/labtel\/wp-json\/wp\/v2\/pages"}],"about":[{"href":"https:\/\/catedras.facet.unt.edu.ar\/labtel\/wp-json\/wp\/v2\/types\/page"}],"author":[{"embeddable":true,"href":"https:\/\/catedras.facet.unt.edu.ar\/labtel\/wp-json\/wp\/v2\/users\/101149"}],"replies":[{"embeddable":true,"href":"https:\/\/catedras.facet.unt.edu.ar\/labtel\/wp-json\/wp\/v2\/comments?post=1693"}],"version-history":[{"count":10,"href":"https:\/\/catedras.facet.unt.edu.ar\/labtel\/wp-json\/wp\/v2\/pages\/1693\/revisions"}],"predecessor-version":[{"id":1706,"href":"https:\/\/catedras.facet.unt.edu.ar\/labtel\/wp-json\/wp\/v2\/pages\/1693\/revisions\/1706"}],"wp:attachment":[{"href":"https:\/\/catedras.facet.unt.edu.ar\/labtel\/wp-json\/wp\/v2\/media?parent=1693"}],"curies":[{"name":"wp","href":"https:\/\/api.w.org\/{rel}","templated":true}]}}