{"id":1683,"date":"2016-09-25T20:08:59","date_gmt":"2016-09-25T23:08:59","guid":{"rendered":"https:\/\/catedras.facet.unt.edu.ar\/labtel\/?page_id=1683"},"modified":"2016-09-25T20:28:47","modified_gmt":"2016-09-25T23:28:47","slug":"postgrade-course","status":"publish","type":"page","link":"https:\/\/catedras.facet.unt.edu.ar\/labtel\/en\/postgrade-course\/","title":{"rendered":"Postgrade Course"},"content":{"rendered":"<div id=\"pl-1683\"  class=\"panel-layout\" ><div id=\"pg-1683-0\"  class=\"panel-grid panel-no-style\" ><div id=\"pgc-1683-0-0\"  class=\"panel-grid-cell\" ><div id=\"panel-1683-0-0-0\" class=\"so-panel widget widget_circleicon-widget panel-first-child panel-last-child\" data-index=\"0\" >\t\t<div class=\"circle-icon-box circle-icon-position-top circle-icon-hide-box circle-icon-size-large\">\n\t\t\t<div class=\"circle-icon-wrapper\">\n\t\t\t\t<a href=\"https:\/\/catedras.facet.unt.edu.ar\/labtel\/en\/posgradute-courses-ongoing\/\" class=\"link-icon\" >\t\t\t\t<div class=\"circle-icon\" >\n\t\t\t\t\t<div class=\"fa fa-book\" ><\/div>\t\t\t\t<\/div>\n\t\t\t\t<\/a>\t\t\t<\/div>\n\n\t\t\t<a href=\"https:\/\/catedras.facet.unt.edu.ar\/labtel\/en\/posgradute-courses-ongoing\/\" class=\"link-title\" >\t\t\t<h4 >Ongoing Postgraduate Courses<\/h4>\t\t\t<\/a>\n\t\t\t<p class=\"text\" >Postgraduate courses remain valid<\/p>\t\t\t\t\t\t\t<a href=\"https:\/\/catedras.facet.unt.edu.ar\/labtel\/en\/posgradute-courses-ongoing\/\" class=\"more-button\" >M\u00e1s informaci\u00f3n <i><\/i><\/a>\n\t\t\t\t\t<\/div>\n\t\t<\/div><\/div><div id=\"pgc-1683-0-1\"  class=\"panel-grid-cell\" ><div id=\"panel-1683-0-1-0\" class=\"so-panel widget widget_circleicon-widget panel-first-child panel-last-child\" data-index=\"1\" >\t\t<div class=\"circle-icon-box circle-icon-position-top circle-icon-hide-box circle-icon-size-large\">\n\t\t\t<div class=\"circle-icon-wrapper\">\n\t\t\t\t<a href=\"https:\/\/catedras.facet.unt.edu.ar\/labtel\/en\/posgraduate-courses\/\" class=\"link-icon\" >\t\t\t\t<div class=\"circle-icon\" >\n\t\t\t\t\t<div class=\"fa fa-book\" ><\/div>\t\t\t\t<\/div>\n\t\t\t\t<\/a>\t\t\t<\/div>\n\n\t\t\t<a href=\"https:\/\/catedras.facet.unt.edu.ar\/labtel\/en\/posgraduate-courses\/\" class=\"link-title\" >\t\t\t<h4 >Postgraduate Courses Dictations<\/h4>\t\t\t<\/a>\n\t\t\t<p class=\"text\" >Postgraduate courses and dictations<\/p>\t\t\t\t\t\t\t<a href=\"https:\/\/catedras.facet.unt.edu.ar\/labtel\/en\/posgraduate-courses\/\" class=\"more-button\" >M\u00e1s informaci\u00f3n <i><\/i><\/a>\n\t\t\t\t\t<\/div>\n\t\t<\/div><\/div><\/div><\/div>","protected":false},"excerpt":{"rendered":"<p>Ongoing Postgraduate Courses Postgraduate courses remain valid M\u00e1s informaci\u00f3n Postgraduate Courses Dictations Postgraduate courses and dictations M\u00e1s informaci\u00f3n<\/p>\n","protected":false},"author":101149,"featured_media":0,"parent":0,"menu_order":0,"comment_status":"closed","ping_status":"closed","template":"","meta":[],"_links":{"self":[{"href":"https:\/\/catedras.facet.unt.edu.ar\/labtel\/wp-json\/wp\/v2\/pages\/1683"}],"collection":[{"href":"https:\/\/catedras.facet.unt.edu.ar\/labtel\/wp-json\/wp\/v2\/pages"}],"about":[{"href":"https:\/\/catedras.facet.unt.edu.ar\/labtel\/wp-json\/wp\/v2\/types\/page"}],"author":[{"embeddable":true,"href":"https:\/\/catedras.facet.unt.edu.ar\/labtel\/wp-json\/wp\/v2\/users\/101149"}],"replies":[{"embeddable":true,"href":"https:\/\/catedras.facet.unt.edu.ar\/labtel\/wp-json\/wp\/v2\/comments?post=1683"}],"version-history":[{"count":7,"href":"https:\/\/catedras.facet.unt.edu.ar\/labtel\/wp-json\/wp\/v2\/pages\/1683\/revisions"}],"predecessor-version":[{"id":1692,"href":"https:\/\/catedras.facet.unt.edu.ar\/labtel\/wp-json\/wp\/v2\/pages\/1683\/revisions\/1692"}],"wp:attachment":[{"href":"https:\/\/catedras.facet.unt.edu.ar\/labtel\/wp-json\/wp\/v2\/media?parent=1683"}],"curies":[{"name":"wp","href":"https:\/\/api.w.org\/{rel}","templated":true}]}}