{"id":1625,"date":"2016-09-22T00:56:15","date_gmt":"2016-09-22T03:56:15","guid":{"rendered":"https:\/\/catedras.facet.unt.edu.ar\/labtel\/?page_id=1625"},"modified":"2016-09-25T20:15:40","modified_gmt":"2016-09-25T23:15:40","slug":"curso-de-posgrado","status":"publish","type":"page","link":"https:\/\/catedras.facet.unt.edu.ar\/labtel\/es\/curso-de-posgrado\/","title":{"rendered":"Curso de Posgrado"},"content":{"rendered":"<div id=\"pl-1625\"  class=\"panel-layout\" ><div id=\"pg-1625-0\"  class=\"panel-grid panel-no-style\" ><div id=\"pgc-1625-0-0\"  class=\"panel-grid-cell\" ><div id=\"panel-1625-0-0-0\" class=\"so-panel widget widget_circleicon-widget panel-first-child panel-last-child\" data-index=\"0\" >\t\t<div class=\"circle-icon-box circle-icon-position-top circle-icon-hide-box circle-icon-size-medium\">\n\t\t\t<div class=\"circle-icon-wrapper\">\n\t\t\t\t<a href=\"https:\/\/catedras.facet.unt.edu.ar\/labtel\/formacion-de-recursos-humanos-rrhh\/cursos-de-posgrado-vigentes\/\" class=\"link-icon\" >\t\t\t\t<div class=\"circle-icon\" >\n\t\t\t\t\t<div class=\"fa fa-book\" ><\/div>\t\t\t\t<\/div>\n\t\t\t\t<\/a>\t\t\t<\/div>\n\n\t\t\t<a href=\"https:\/\/catedras.facet.unt.edu.ar\/labtel\/formacion-de-recursos-humanos-rrhh\/cursos-de-posgrado-vigentes\/\" class=\"link-title\" >\t\t\t<h4 >Cursos de Posgrado Vigentes<\/h4>\t\t\t<\/a>\n\t\t\t<p class=\"text\" >Cursos de Posgrado que siguen Vigentes <\/p>\t\t\t\t\t\t\t<a href=\"https:\/\/catedras.facet.unt.edu.ar\/labtel\/formacion-de-recursos-humanos-rrhh\/cursos-de-posgrado-vigentes\/\" class=\"more-button\" >M\u00e1s informaci\u00f3n <i><\/i><\/a>\n\t\t\t\t\t<\/div>\n\t\t<\/div><\/div><div id=\"pgc-1625-0-1\"  class=\"panel-grid-cell\" ><div id=\"panel-1625-0-1-0\" class=\"so-panel widget widget_circleicon-widget panel-first-child panel-last-child\" data-index=\"1\" >\t\t<div class=\"circle-icon-box circle-icon-position-top circle-icon-hide-box circle-icon-size-medium\">\n\t\t\t<div class=\"circle-icon-wrapper\">\n\t\t\t\t<a href=\"https:\/\/catedras.facet.unt.edu.ar\/labtel\/formacion-de-recursos-humanos-rrhh\/cursos-de-posgrado-dictados\/\" class=\"link-icon\" >\t\t\t\t<div class=\"circle-icon\" >\n\t\t\t\t\t<div class=\"fa fa-book\" ><\/div>\t\t\t\t<\/div>\n\t\t\t\t<\/a>\t\t\t<\/div>\n\n\t\t\t<a href=\"https:\/\/catedras.facet.unt.edu.ar\/labtel\/formacion-de-recursos-humanos-rrhh\/cursos-de-posgrado-dictados\/\" class=\"link-title\" >\t\t\t<h4 >Cursos de Posgrado Dictados<\/h4>\t\t\t<\/a>\n\t\t\t<p class=\"text\" > Cursos de Posgrado ya Dictados<\/p>\t\t\t\t\t\t\t<a href=\"https:\/\/catedras.facet.unt.edu.ar\/labtel\/formacion-de-recursos-humanos-rrhh\/cursos-de-posgrado-dictados\/\" class=\"more-button\" >M\u00e1s informaci\u00f3n <i><\/i><\/a>\n\t\t\t\t\t<\/div>\n\t\t<\/div><\/div><\/div><\/div>","protected":false},"excerpt":{"rendered":"<p>Cursos de Posgrado Vigentes Cursos de Posgrado que siguen Vigentes M\u00e1s informaci\u00f3n Cursos de Posgrado Dictados Cursos de Posgrado ya Dictados M\u00e1s informaci\u00f3n<\/p>\n","protected":false},"author":101149,"featured_media":0,"parent":0,"menu_order":0,"comment_status":"closed","ping_status":"closed","template":"","meta":[],"_links":{"self":[{"href":"https:\/\/catedras.facet.unt.edu.ar\/labtel\/wp-json\/wp\/v2\/pages\/1625"}],"collection":[{"href":"https:\/\/catedras.facet.unt.edu.ar\/labtel\/wp-json\/wp\/v2\/pages"}],"about":[{"href":"https:\/\/catedras.facet.unt.edu.ar\/labtel\/wp-json\/wp\/v2\/types\/page"}],"author":[{"embeddable":true,"href":"https:\/\/catedras.facet.unt.edu.ar\/labtel\/wp-json\/wp\/v2\/users\/101149"}],"replies":[{"embeddable":true,"href":"https:\/\/catedras.facet.unt.edu.ar\/labtel\/wp-json\/wp\/v2\/comments?post=1625"}],"version-history":[{"count":2,"href":"https:\/\/catedras.facet.unt.edu.ar\/labtel\/wp-json\/wp\/v2\/pages\/1625\/revisions"}],"predecessor-version":[{"id":1687,"href":"https:\/\/catedras.facet.unt.edu.ar\/labtel\/wp-json\/wp\/v2\/pages\/1625\/revisions\/1687"}],"wp:attachment":[{"href":"https:\/\/catedras.facet.unt.edu.ar\/labtel\/wp-json\/wp\/v2\/media?parent=1625"}],"curies":[{"name":"wp","href":"https:\/\/api.w.org\/{rel}","templated":true}]}}