{"id":1615,"date":"2016-09-22T00:47:43","date_gmt":"2016-09-22T03:47:43","guid":{"rendered":"https:\/\/catedras.facet.unt.edu.ar\/labtel\/?page_id=1615"},"modified":"2016-09-22T01:04:47","modified_gmt":"2016-09-22T04:04:47","slug":"rr-hh","status":"publish","type":"page","link":"https:\/\/catedras.facet.unt.edu.ar\/labtel\/es\/rr-hh\/","title":{"rendered":""},"content":{"rendered":"<div id=\"pl-1615\"  class=\"panel-layout\" ><div id=\"pg-1615-0\"  class=\"panel-grid panel-no-style\" ><div id=\"pgc-1615-0-0\"  class=\"panel-grid-cell\" ><div id=\"panel-1615-0-0-0\" class=\"so-panel widget widget_headline-widget panel-first-child panel-last-child\" data-index=\"0\" ><div class=\"so-parallax panel-widget-style panel-widget-style-for-1615-0-0-0\" ><img width=\"423\" height=\"278\" src=\"https:\/\/catedras.facet.unt.edu.ar\/labtel\/wp-content\/uploads\/sites\/99\/2016\/09\/Fondo1.jpg\" class=\"attachment-full size-full\" alt=\"\" loading=\"eager\" data-siteorigin-parallax=\"true\" srcset=\"https:\/\/catedras.facet.unt.edu.ar\/labtel\/wp-content\/uploads\/sites\/99\/2016\/09\/Fondo1.jpg 423w, https:\/\/catedras.facet.unt.edu.ar\/labtel\/wp-content\/uploads\/sites\/99\/2016\/09\/Fondo1-300x197.jpg 300w\" sizes=\"(max-width: 423px) 100vw, 423px\" \/>\t\t<h1>Recursos Humanos <\/h1>\n\t\t<div class=\"decoration\"><div class=\"decoration-inside\"><\/div><\/div>\n\t\t<h3><\/h3>\n\t\t<\/div><\/div><\/div><\/div><div id=\"pg-1615-1\"  class=\"panel-grid panel-no-style\" ><div id=\"pgc-1615-1-0\"  class=\"panel-grid-cell\" ><div id=\"panel-1615-1-0-0\" class=\"so-panel widget widget_circleicon-widget panel-first-child panel-last-child\" data-index=\"1\" >\t\t<div class=\"circle-icon-box circle-icon-position-top circle-icon-hide-box circle-icon-size-medium\">\n\t\t\t<div class=\"circle-icon-wrapper\">\n\t\t\t\t<a href=\"https:\/\/catedras.facet.unt.edu.ar\/labtel\/formacion-de-recursos-humanos-rrhh\/becarios\/\" class=\"link-icon\" >\t\t\t\t<div class=\"circle-icon\" >\n\t\t\t\t\t<div class=\"fa fa-users\" ><\/div>\t\t\t\t<\/div>\n\t\t\t\t<\/a>\t\t\t<\/div>\n\n\t\t\t<a href=\"https:\/\/catedras.facet.unt.edu.ar\/labtel\/formacion-de-recursos-humanos-rrhh\/becarios\/\" class=\"link-title\" >\t\t\t<h4 >Becarios<\/h4>\t\t\t<\/a>\n\t\t\t<p class=\"text\" >Quienes son los becarios que tiene el Laboratorio de Telecomunicaciones<\/p>\t\t\t\t\t\t\t<a href=\"https:\/\/catedras.facet.unt.edu.ar\/labtel\/formacion-de-recursos-humanos-rrhh\/becarios\/\" class=\"more-button\" >M\u00e1s informaci\u00f3n <i><\/i><\/a>\n\t\t\t\t\t<\/div>\n\t\t<\/div><\/div><div id=\"pgc-1615-1-1\"  class=\"panel-grid-cell\" ><div id=\"panel-1615-1-1-0\" class=\"so-panel widget widget_circleicon-widget panel-first-child panel-last-child\" data-index=\"2\" >\t\t<div class=\"circle-icon-box circle-icon-position-top circle-icon-hide-box circle-icon-size-medium\">\n\t\t\t<div class=\"circle-icon-wrapper\">\n\t\t\t\t<a href=\"https:\/\/catedras.facet.unt.edu.ar\/labtel\/formacion-de-recursos-humanos-rrhh\/seminarios\/\" class=\"link-icon\" >\t\t\t\t<div class=\"circle-icon\" >\n\t\t\t\t\t<div class=\"fa fa-file-image-o\" ><\/div>\t\t\t\t<\/div>\n\t\t\t\t<\/a>\t\t\t<\/div>\n\n\t\t\t<a href=\"https:\/\/catedras.facet.unt.edu.ar\/labtel\/formacion-de-recursos-humanos-rrhh\/seminarios\/\" class=\"link-title\" >\t\t\t<h4 >Seminarios<\/h4>\t\t\t<\/a>\n\t\t\t<p class=\"text\" >Los seminario que tiene el Laboratorio de Telecomunicacion<\/p>\t\t\t\t\t\t\t<a href=\"https:\/\/catedras.facet.unt.edu.ar\/labtel\/formacion-de-recursos-humanos-rrhh\/seminarios\/\" class=\"more-button\" >M\u00e1s informaci\u00f3n <i><\/i><\/a>\n\t\t\t\t\t<\/div>\n\t\t<\/div><\/div><div id=\"pgc-1615-1-2\"  class=\"panel-grid-cell\" ><div id=\"panel-1615-1-2-0\" class=\"so-panel widget widget_circleicon-widget panel-first-child panel-last-child\" data-index=\"3\" >\t\t<div class=\"circle-icon-box circle-icon-position-top circle-icon-hide-box circle-icon-size-medium\">\n\t\t\t<div class=\"circle-icon-wrapper\">\n\t\t\t\t<a href=\"https:\/\/catedras.facet.unt.edu.ar\/labtel\/es\/curso-de-posgrado\/\" class=\"link-icon\" >\t\t\t\t<div class=\"circle-icon\" >\n\t\t\t\t\t<div class=\"fa fa-book\" ><\/div>\t\t\t\t<\/div>\n\t\t\t\t<\/a>\t\t\t<\/div>\n\n\t\t\t<a href=\"https:\/\/catedras.facet.unt.edu.ar\/labtel\/es\/curso-de-posgrado\/\" class=\"link-title\" >\t\t\t<h4 >Curso de Posgrado<\/h4>\t\t\t<\/a>\n\t\t\t<p class=\"text\" >Aqu\u00ed se muestran los cursos de posgrado que ofrece el Laboratorio de Telecomunicacion<\/p>\t\t\t\t\t\t\t<a href=\"https:\/\/catedras.facet.unt.edu.ar\/labtel\/es\/curso-de-posgrado\/\" class=\"more-button\" >M\u00e1s informaci\u00f3n <i><\/i><\/a>\n\t\t\t\t\t<\/div>\n\t\t<\/div><\/div><\/div><div id=\"pg-1615-2\"  class=\"panel-grid panel-no-style\" ><div id=\"pgc-1615-2-0\"  class=\"panel-grid-cell\" ><div id=\"panel-1615-2-0-0\" class=\"so-panel widget widget_circleicon-widget panel-first-child panel-last-child\" data-index=\"4\" >\t\t<div class=\"circle-icon-box circle-icon-position-top circle-icon-hide-box circle-icon-size-medium\">\n\t\t\t<div class=\"circle-icon-wrapper\">\n\t\t\t\t<a href=\"https:\/\/catedras.facet.unt.edu.ar\/labtel\/formacion-de-recursos-humanos-rrhh\/tesinas-de-grado\/\" class=\"link-icon\" >\t\t\t\t<div class=\"circle-icon\" >\n\t\t\t\t\t<div class=\"fa fa-users\" ><\/div>\t\t\t\t<\/div>\n\t\t\t\t<\/a>\t\t\t<\/div>\n\n\t\t\t<a href=\"https:\/\/catedras.facet.unt.edu.ar\/labtel\/formacion-de-recursos-humanos-rrhh\/tesinas-de-grado\/\" class=\"link-title\" >\t\t\t<h4 >Tesinas de Grado<\/h4>\t\t\t<\/a>\n\t\t\t<p class=\"text\" >Quienes son los Tesinas de grado que posee el Laboratorio de Telecomunicaciones<\/p>\t\t\t\t\t\t\t<a href=\"https:\/\/catedras.facet.unt.edu.ar\/labtel\/formacion-de-recursos-humanos-rrhh\/tesinas-de-grado\/\" class=\"more-button\" >M\u00e1s informaci\u00f3n <i><\/i><\/a>\n\t\t\t\t\t<\/div>\n\t\t<\/div><\/div><div id=\"pgc-1615-2-1\"  class=\"panel-grid-cell panel-grid-cell-mobile-last\" ><div id=\"panel-1615-2-1-0\" class=\"so-panel widget widget_circleicon-widget panel-first-child panel-last-child\" data-index=\"5\" >\t\t<div class=\"circle-icon-box circle-icon-position-top circle-icon-hide-box circle-icon-size-medium\">\n\t\t\t<div class=\"circle-icon-wrapper\">\n\t\t\t\t<a href=\"https:\/\/catedras.facet.unt.edu.ar\/labtel\/formacion-de-recursos-humanos-rrhh\/tesistas-de-posgrado\/\" class=\"link-icon\" >\t\t\t\t<div class=\"circle-icon\" >\n\t\t\t\t\t<div class=\"fa fa-users\" ><\/div>\t\t\t\t<\/div>\n\t\t\t\t<\/a>\t\t\t<\/div>\n\n\t\t\t<a href=\"https:\/\/catedras.facet.unt.edu.ar\/labtel\/formacion-de-recursos-humanos-rrhh\/tesistas-de-posgrado\/\" class=\"link-title\" >\t\t\t<h4 >Tesistas de Posgrado <\/h4>\t\t\t<\/a>\n\t\t\t<p class=\"text\" >Quienes son los Tesistas de Posgrado que posee el Laboratorio de Telecomunicaciones<\/p>\t\t\t\t\t\t\t<a href=\"https:\/\/catedras.facet.unt.edu.ar\/labtel\/formacion-de-recursos-humanos-rrhh\/tesistas-de-posgrado\/\" class=\"more-button\" >M\u00e1s informaci\u00f3n <i><\/i><\/a>\n\t\t\t\t\t<\/div>\n\t\t<\/div><\/div><div id=\"pgc-1615-2-2\"  class=\"panel-grid-cell panel-grid-cell-empty\" ><\/div><\/div><\/div>","protected":false},"excerpt":{"rendered":"<p>Recursos Humanos Becarios Quienes son los becarios que tiene el Laboratorio de Telecomunicaciones M\u00e1s informaci\u00f3n Seminarios Los seminario que tiene el Laboratorio de Telecomunicacion M\u00e1s informaci\u00f3n Curso de Posgrado Aqu\u00ed se muestran los cursos de posgrado que ofrece el Laboratorio de Telecomunicacion M\u00e1s informaci\u00f3n Tesinas de Grado Quienes son los Tesinas de grado que posee [&hellip;]<\/p>\n","protected":false},"author":101149,"featured_media":0,"parent":0,"menu_order":0,"comment_status":"closed","ping_status":"closed","template":"","meta":[],"_links":{"self":[{"href":"https:\/\/catedras.facet.unt.edu.ar\/labtel\/wp-json\/wp\/v2\/pages\/1615"}],"collection":[{"href":"https:\/\/catedras.facet.unt.edu.ar\/labtel\/wp-json\/wp\/v2\/pages"}],"about":[{"href":"https:\/\/catedras.facet.unt.edu.ar\/labtel\/wp-json\/wp\/v2\/types\/page"}],"author":[{"embeddable":true,"href":"https:\/\/catedras.facet.unt.edu.ar\/labtel\/wp-json\/wp\/v2\/users\/101149"}],"replies":[{"embeddable":true,"href":"https:\/\/catedras.facet.unt.edu.ar\/labtel\/wp-json\/wp\/v2\/comments?post=1615"}],"version-history":[{"count":9,"href":"https:\/\/catedras.facet.unt.edu.ar\/labtel\/wp-json\/wp\/v2\/pages\/1615\/revisions"}],"predecessor-version":[{"id":1629,"href":"https:\/\/catedras.facet.unt.edu.ar\/labtel\/wp-json\/wp\/v2\/pages\/1615\/revisions\/1629"}],"wp:attachment":[{"href":"https:\/\/catedras.facet.unt.edu.ar\/labtel\/wp-json\/wp\/v2\/media?parent=1615"}],"curies":[{"name":"wp","href":"https:\/\/api.w.org\/{rel}","templated":true}]}}