{"id":1582,"date":"2016-09-19T12:51:25","date_gmt":"2016-09-19T15:51:25","guid":{"rendered":"https:\/\/catedras.facet.unt.edu.ar\/labtel\/?page_id=1582"},"modified":"2017-09-09T00:21:53","modified_gmt":"2017-09-09T03:21:53","slug":"institucional","status":"publish","type":"page","link":"https:\/\/catedras.facet.unt.edu.ar\/labtel\/es\/institucional\/","title":{"rendered":""},"content":{"rendered":"<div id=\"pl-1582\"  class=\"panel-layout\" ><div id=\"pg-1582-0\"  class=\"panel-grid panel-no-style\" ><div id=\"pgc-1582-0-0\"  class=\"panel-grid-cell\" ><div id=\"panel-1582-0-0-0\" class=\"so-panel widget widget_headline-widget panel-first-child panel-last-child\" data-index=\"0\" ><div class=\"so-parallax panel-widget-style panel-widget-style-for-1582-0-0-0\" ><img width=\"500\" height=\"334\" src=\"https:\/\/catedras.facet.unt.edu.ar\/labtel\/wp-content\/uploads\/sites\/99\/2017\/08\/Facultad.jpg\" class=\"attachment-full size-full\" alt=\"\" loading=\"eager\" data-siteorigin-parallax=\"true\" srcset=\"https:\/\/catedras.facet.unt.edu.ar\/labtel\/wp-content\/uploads\/sites\/99\/2017\/08\/Facultad.jpg 500w, https:\/\/catedras.facet.unt.edu.ar\/labtel\/wp-content\/uploads\/sites\/99\/2017\/08\/Facultad-300x200.jpg 300w, https:\/\/catedras.facet.unt.edu.ar\/labtel\/wp-content\/uploads\/sites\/99\/2017\/08\/Facultad-272x182.jpg 272w\" sizes=\"(max-width: 500px) 100vw, 500px\" \/>\t\t<h1>Institucional<\/h1>\n\t\t<div class=\"decoration\"><div class=\"decoration-inside\"><\/div><\/div>\n\t\t<h3><\/h3>\n\t\t<\/div><\/div><\/div><\/div><div id=\"pg-1582-1\"  class=\"panel-grid panel-no-style\" ><div id=\"pgc-1582-1-0\"  class=\"panel-grid-cell\" ><div id=\"panel-1582-1-0-0\" class=\"so-panel widget widget_sow-editor panel-first-child panel-last-child\" data-index=\"1\" ><div\n\t\t\t\n\t\t\tclass=\"so-widget-sow-editor so-widget-sow-editor-base\"\n\t\t\t\n\t\t>\n<div class=\"siteorigin-widget-tinymce textwidget\">\n\t<p><strong>El Laboratorio de Telecomunicaciones pertenece la Facultad de Ciencias Exactas y\u00a0Tecnolog\u00eda, contamos con un equipo de investigadores y una serie de\u00a0instrumentos de mediciones. Para mas\u00a0informaci\u00f3n:\u00a0<\/strong><\/p>\n<\/div>\n<\/div><\/div><\/div><\/div><div id=\"pg-1582-2\"  class=\"panel-grid panel-no-style\" ><div id=\"pgc-1582-2-0\"  class=\"panel-grid-cell\" ><div id=\"panel-1582-2-0-0\" class=\"so-panel widget widget_circleicon-widget panel-first-child panel-last-child\" data-index=\"2\" >\t\t<div class=\"circle-icon-box circle-icon-position-top circle-icon-hide-box circle-icon-size-medium\">\n\t\t\t<div class=\"circle-icon-wrapper\">\n\t\t\t\t<a href=\"https:\/\/catedras.facet.unt.edu.ar\/labtel\/es\/home\/quienes-somos\/\" class=\"link-icon\" >\t\t\t\t<div class=\"circle-icon\" >\n\t\t\t\t\t<div class=\"fa fa-users\" ><\/div>\t\t\t\t<\/div>\n\t\t\t\t<\/a>\t\t\t<\/div>\n\n\t\t\t<a href=\"https:\/\/catedras.facet.unt.edu.ar\/labtel\/es\/home\/quienes-somos\/\" class=\"link-title\" >\t\t\t<h4 >Quienes Somos<\/h4>\t\t\t<\/a>\n\t\t\t<p class=\"text\" >El Laboratorio de Telecomunicaciones (LTC) pertenece al Dpto. de Electricidad, Electr\u00f3nica y Computaci\u00f3n (DEEC) de la Facultad de Ciencias Exactas y Tecnolog\u00eda (FACET), Universidad Nacional de Tucum\u00e1n (UNT)<\/p>\t\t\t\t\t\t\t<a href=\"https:\/\/catedras.facet.unt.edu.ar\/labtel\/es\/home\/quienes-somos\/\" class=\"more-button\" >M\u00e1s informaci\u00f3n <i><\/i><\/a>\n\t\t\t\t\t<\/div>\n\t\t<\/div><\/div><div id=\"pgc-1582-2-1\"  class=\"panel-grid-cell\" ><div id=\"panel-1582-2-1-0\" class=\"so-panel widget widget_circleicon-widget panel-first-child panel-last-child\" data-index=\"3\" >\t\t<div class=\"circle-icon-box circle-icon-position-top circle-icon-hide-box circle-icon-size-medium\">\n\t\t\t<div class=\"circle-icon-wrapper\">\n\t\t\t\t<a href=\"https:\/\/catedras.facet.unt.edu.ar\/labtel\/es\/integrantes\/\" class=\"link-icon\" >\t\t\t\t<div class=\"circle-icon\" >\n\t\t\t\t\t<div class=\"fa fa-group\" ><\/div>\t\t\t\t<\/div>\n\t\t\t\t<\/a>\t\t\t<\/div>\n\n\t\t\t<a href=\"https:\/\/catedras.facet.unt.edu.ar\/labtel\/es\/integrantes\/\" class=\"link-title\" >\t\t\t<h4 >Equipo de Trabajo<\/h4>\t\t\t<\/a>\n\t\t\t<p class=\"text\" >El Laboratorio de Telecomunicaciones tiene varias personas profesionales investigadores<\/p>\t\t\t\t\t\t\t<a href=\"https:\/\/catedras.facet.unt.edu.ar\/labtel\/es\/integrantes\/\" class=\"more-button\" >M\u00e1s informaci\u00f3n <i><\/i><\/a>\n\t\t\t\t\t<\/div>\n\t\t<\/div><\/div><div id=\"pgc-1582-2-2\"  class=\"panel-grid-cell\" ><div id=\"panel-1582-2-2-0\" class=\"so-panel widget widget_circleicon-widget panel-first-child panel-last-child\" data-index=\"4\" >\t\t<div class=\"circle-icon-box circle-icon-position-top circle-icon-hide-box circle-icon-size-medium\">\n\t\t\t<div class=\"circle-icon-wrapper\">\n\t\t\t\t<a href=\"https:\/\/catedras.facet.unt.edu.ar\/labtel\/es\/laboratorio\/\" class=\"link-icon\" >\t\t\t\t<div class=\"circle-icon\" >\n\t\t\t\t\t<div class=\"fa fa-tablet\" ><\/div>\t\t\t\t<\/div>\n\t\t\t\t<\/a>\t\t\t<\/div>\n\n\t\t\t<a href=\"https:\/\/catedras.facet.unt.edu.ar\/labtel\/es\/laboratorio\/\" class=\"link-title\" >\t\t\t<h4 >Equipos de Medici\u00f3n de Referencia<\/h4>\t\t\t<\/a>\n\t\t\t<p class=\"text\" >El Laboratorio de Telecomunicaciones posee varios instrumentos de mediciones<\/p>\t\t\t\t\t\t\t<a href=\"https:\/\/catedras.facet.unt.edu.ar\/labtel\/es\/laboratorio\/\" class=\"more-button\" >M\u00e1s informaci\u00f3n <i><\/i><\/a>\n\t\t\t\t\t<\/div>\n\t\t<\/div><\/div><div id=\"pgc-1582-2-3\"  class=\"panel-grid-cell\" ><div id=\"panel-1582-2-3-0\" class=\"so-panel widget widget_circleicon-widget panel-first-child panel-last-child\" data-index=\"5\" >\t\t<div class=\"circle-icon-box circle-icon-position-top circle-icon-hide-box circle-icon-size-medium\">\n\t\t\t<div class=\"circle-icon-wrapper\">\n\t\t\t\t<a href=\"https:\/\/catedras.facet.unt.edu.ar\/labtel\/es\/contacto\/\" class=\"link-icon\" >\t\t\t\t<div class=\"circle-icon\" >\n\t\t\t\t\t<div class=\"fa fa-fax\" ><\/div>\t\t\t\t<\/div>\n\t\t\t\t<\/a>\t\t\t<\/div>\n\n\t\t\t<a href=\"https:\/\/catedras.facet.unt.edu.ar\/labtel\/es\/contacto\/\" class=\"link-title\" >\t\t\t<h4 >Contacto<\/h4>\t\t\t<\/a>\n\t\t\t<p class=\"text\" >Cont\u00e1ctenos para mas informaci\u00f3n o cualquier dudas <\/p>\t\t\t\t\t\t\t<a href=\"https:\/\/catedras.facet.unt.edu.ar\/labtel\/es\/contacto\/\" class=\"more-button\" >M\u00e1s informaci\u00f3n <i><\/i><\/a>\n\t\t\t\t\t<\/div>\n\t\t<\/div><\/div><\/div><\/div>","protected":false},"excerpt":{"rendered":"<p>El Laboratorio de Telecomunicaciones pertenece la Facultad de Ciencias Exactas y\u00a0Tecnolog\u00eda, contamos con un equipo de investigadores y una serie de\u00a0instrumentos de mediciones. Para mas\u00a0informaci\u00f3n:\u00a0<\/p>\n","protected":false},"author":101149,"featured_media":0,"parent":0,"menu_order":0,"comment_status":"closed","ping_status":"closed","template":"","meta":[],"_links":{"self":[{"href":"https:\/\/catedras.facet.unt.edu.ar\/labtel\/wp-json\/wp\/v2\/pages\/1582"}],"collection":[{"href":"https:\/\/catedras.facet.unt.edu.ar\/labtel\/wp-json\/wp\/v2\/pages"}],"about":[{"href":"https:\/\/catedras.facet.unt.edu.ar\/labtel\/wp-json\/wp\/v2\/types\/page"}],"author":[{"embeddable":true,"href":"https:\/\/catedras.facet.unt.edu.ar\/labtel\/wp-json\/wp\/v2\/users\/101149"}],"replies":[{"embeddable":true,"href":"https:\/\/catedras.facet.unt.edu.ar\/labtel\/wp-json\/wp\/v2\/comments?post=1582"}],"version-history":[{"count":9,"href":"https:\/\/catedras.facet.unt.edu.ar\/labtel\/wp-json\/wp\/v2\/pages\/1582\/revisions"}],"predecessor-version":[{"id":2158,"href":"https:\/\/catedras.facet.unt.edu.ar\/labtel\/wp-json\/wp\/v2\/pages\/1582\/revisions\/2158"}],"wp:attachment":[{"href":"https:\/\/catedras.facet.unt.edu.ar\/labtel\/wp-json\/wp\/v2\/media?parent=1582"}],"curies":[{"name":"wp","href":"https:\/\/api.w.org\/{rel}","templated":true}]}}