{"id":1381,"date":"2016-09-13T12:25:15","date_gmt":"2016-09-13T15:25:15","guid":{"rendered":"https:\/\/catedras.facet.unt.edu.ar\/labtel\/?page_id=1381"},"modified":"2016-09-30T11:13:02","modified_gmt":"2016-09-30T14:13:02","slug":"comuni-docentes","status":"publish","type":"page","link":"https:\/\/catedras.facet.unt.edu.ar\/labtel\/es\/comuni-docentes\/","title":{"rendered":"Docentes de Sistemas de Comunicaciones Analogicas"},"content":{"rendered":"<div id=\"pl-1381\"  class=\"panel-layout\" ><div id=\"pg-1381-0\"  class=\"panel-grid panel-no-style\" ><div id=\"pgc-1381-0-0\"  class=\"panel-grid-cell\" ><div id=\"panel-1381-0-0-0\" class=\"so-panel widget widget_circleicon-widget panel-first-child panel-last-child\" data-index=\"0\" >\t\t<div class=\"circle-icon-box circle-icon-position-top circle-icon-hide-box circle-icon-size-large\">\n\t\t\t<div class=\"circle-icon-wrapper\">\n\t\t\t\t\t\t\t\t<div class=\"circle-icon icon-style-set\" style=\"background-image: url(https:\/\/catedras.facet.unt.edu.ar\/labtel\/wp-content\/uploads\/sites\/99\/2016\/09\/MiguelCabrera-1.jpg)\">\n\t\t\t\t\t\t\t\t\t<\/div>\n\t\t\t\t\t\t\t<\/div>\n\n\t\t\t\t\t\t<h4 style=\"color: #000000\">Miguel Angel Cabrera<\/h4>\t\t\t\n\t\t\t<p class=\"text\" style=\"color: #000000\">Ing. Electricista Or. Electr\u00f3nica, T\u00edtulo Posgrado: Dr. F\u00edsica de la Atm\u00f3sfera Superior, e-mail: mcabrera@herrera.unt.edu.ar<\/p>\t\t\t\t\t<\/div>\n\t\t<\/div><\/div><\/div><\/div>","protected":false},"excerpt":{"rendered":"<p>Miguel Angel Cabrera Ing. Electricista Or. Electr\u00f3nica, T\u00edtulo Posgrado: Dr. F\u00edsica de la Atm\u00f3sfera Superior, e-mail: mcabrera@herrera.unt.edu.ar<\/p>\n","protected":false},"author":101149,"featured_media":0,"parent":0,"menu_order":0,"comment_status":"closed","ping_status":"closed","template":"","meta":[],"_links":{"self":[{"href":"https:\/\/catedras.facet.unt.edu.ar\/labtel\/wp-json\/wp\/v2\/pages\/1381"}],"collection":[{"href":"https:\/\/catedras.facet.unt.edu.ar\/labtel\/wp-json\/wp\/v2\/pages"}],"about":[{"href":"https:\/\/catedras.facet.unt.edu.ar\/labtel\/wp-json\/wp\/v2\/types\/page"}],"author":[{"embeddable":true,"href":"https:\/\/catedras.facet.unt.edu.ar\/labtel\/wp-json\/wp\/v2\/users\/101149"}],"replies":[{"embeddable":true,"href":"https:\/\/catedras.facet.unt.edu.ar\/labtel\/wp-json\/wp\/v2\/comments?post=1381"}],"version-history":[{"count":4,"href":"https:\/\/catedras.facet.unt.edu.ar\/labtel\/wp-json\/wp\/v2\/pages\/1381\/revisions"}],"predecessor-version":[{"id":1714,"href":"https:\/\/catedras.facet.unt.edu.ar\/labtel\/wp-json\/wp\/v2\/pages\/1381\/revisions\/1714"}],"wp:attachment":[{"href":"https:\/\/catedras.facet.unt.edu.ar\/labtel\/wp-json\/wp\/v2\/media?parent=1381"}],"curies":[{"name":"wp","href":"https:\/\/api.w.org\/{rel}","templated":true}]}}