{"id":1365,"date":"2016-09-13T11:29:59","date_gmt":"2016-09-13T14:29:59","guid":{"rendered":"https:\/\/catedras.facet.unt.edu.ar\/labtel\/?page_id=1365"},"modified":"2016-09-30T11:16:33","modified_gmt":"2016-09-30T14:16:33","slug":"comuni-digital-descripcion-general","status":"publish","type":"page","link":"https:\/\/catedras.facet.unt.edu.ar\/labtel\/es\/comuni-digital-descripcion-general\/","title":{"rendered":"Descripci\u00f3n General de Sistemas de Comunicaciones Digitales I"},"content":{"rendered":"<div id=\"pl-1365\"  class=\"panel-layout\" ><div id=\"pg-1365-0\"  class=\"panel-grid panel-no-style\" ><div id=\"pgc-1365-0-0\"  class=\"panel-grid-cell\" ><div id=\"panel-1365-0-0-0\" class=\"so-panel widget widget_sow-editor panel-first-child panel-last-child\" data-index=\"0\" ><div\n\t\t\t\n\t\t\tclass=\"so-widget-sow-editor so-widget-sow-editor-base\"\n\t\t\t\n\t\t>\n<div class=\"siteorigin-widget-tinymce textwidget\">\n\t<p><strong>En esta asignatura de Sistemas de Comunicaciones Digitales I consiste en introducir al estudiante de grado en las modernas t\u00e9cnicas de comunicaciones digitales abarcando las diferentes capas que intervienen en el proceso de la comunicaci\u00f3n. Esto permite adquirir conocimientos sobre aspectos de las redes de comunicaciones digitales, esquemas de codificaci\u00f3n, cuantizacion de la informaci\u00f3n, formas de ondas en el canal, modulaci\u00f3n y demodulacion, detecci\u00f3n en canales digitales y una introducci\u00f3n a las comunicaciones inalambrica digital.<\/strong><\/p>\n<\/div>\n<\/div><\/div><\/div><\/div><div id=\"pg-1365-1\"  class=\"panel-grid panel-no-style\" ><div id=\"pgc-1365-1-0\"  class=\"panel-grid-cell\" ><div id=\"panel-1365-1-0-0\" class=\"so-panel widget widget_circleicon-widget panel-first-child panel-last-child\" data-index=\"1\" >\t\t<div class=\"circle-icon-box circle-icon-position-top circle-icon-hide-box circle-icon-size-medium\">\n\t\t\t<div class=\"circle-icon-wrapper\">\n\t\t\t\t<a href=\"https:\/\/catedras.facet.unt.edu.ar\/labtel\/es\/comuni-digital-docentes\/\" class=\"link-icon\" >\t\t\t\t<div class=\"circle-icon\" >\n\t\t\t\t\t<div class=\"fa fa-users\" ><\/div>\t\t\t\t<\/div>\n\t\t\t\t<\/a>\t\t\t<\/div>\n\n\t\t\t<a href=\"https:\/\/catedras.facet.unt.edu.ar\/labtel\/es\/comuni-digital-docentes\/\" class=\"link-title\" >\t\t\t<h4 >Docentes<\/h4>\t\t\t<\/a>\n\t\t\t<p class=\"text\" >Docentes que participa en la materia<\/p>\t\t\t\t\t\t\t<a href=\"https:\/\/catedras.facet.unt.edu.ar\/labtel\/es\/comuni-digital-docentes\/\" class=\"more-button\" >M\u00e1s informaci\u00f3n <i><\/i><\/a>\n\t\t\t\t\t<\/div>\n\t\t<\/div><\/div><div id=\"pgc-1365-1-1\"  class=\"panel-grid-cell\" ><div id=\"panel-1365-1-1-0\" class=\"so-panel widget widget_circleicon-widget panel-first-child panel-last-child\" data-index=\"2\" >\t\t<div class=\"circle-icon-box circle-icon-position-top circle-icon-hide-box circle-icon-size-medium\">\n\t\t\t<div class=\"circle-icon-wrapper\">\n\t\t\t\t<a href=\"https:\/\/catedras.facet.unt.edu.ar\/labtel\/es\/comuni-digital-programa\/\" class=\"link-icon\" >\t\t\t\t<div class=\"circle-icon\" >\n\t\t\t\t\t<div class=\"fa fa-image\" ><\/div>\t\t\t\t<\/div>\n\t\t\t\t<\/a>\t\t\t<\/div>\n\n\t\t\t<a href=\"https:\/\/catedras.facet.unt.edu.ar\/labtel\/es\/comuni-digital-programa\/\" class=\"link-title\" >\t\t\t<h4 >Programa<\/h4>\t\t\t<\/a>\n\t\t\t<p class=\"text\" >Programa de la materia<\/p>\t\t\t\t\t\t\t<a href=\"https:\/\/catedras.facet.unt.edu.ar\/labtel\/es\/comuni-digital-programa\/\" class=\"more-button\" >M\u00e1s informaci\u00f3n <i><\/i><\/a>\n\t\t\t\t\t<\/div>\n\t\t<\/div><\/div><div id=\"pgc-1365-1-2\"  class=\"panel-grid-cell\" ><div id=\"panel-1365-1-2-0\" class=\"so-panel widget widget_circleicon-widget panel-first-child panel-last-child\" data-index=\"3\" >\t\t<div class=\"circle-icon-box circle-icon-position-top circle-icon-hide-box circle-icon-size-medium\">\n\t\t\t<div class=\"circle-icon-wrapper\">\n\t\t\t\t<a href=\"https:\/\/catedras.facet.unt.edu.ar\/labtel\/es\/comuni-digital-reglamento\/\" class=\"link-icon\" >\t\t\t\t<div class=\"circle-icon\" >\n\t\t\t\t\t<div class=\"fa fa-book\" ><\/div>\t\t\t\t<\/div>\n\t\t\t\t<\/a>\t\t\t<\/div>\n\n\t\t\t<a href=\"https:\/\/catedras.facet.unt.edu.ar\/labtel\/es\/comuni-digital-reglamento\/\" class=\"link-title\" >\t\t\t<h4 >Reglamento<\/h4>\t\t\t<\/a>\n\t\t\t<p class=\"text\" >Reglamento para el cursado<\/p>\t\t\t\t\t\t\t<a href=\"https:\/\/catedras.facet.unt.edu.ar\/labtel\/es\/comuni-digital-reglamento\/\" class=\"more-button\" >M\u00e1s informaci\u00f3n <i><\/i><\/a>\n\t\t\t\t\t<\/div>\n\t\t<\/div><\/div><\/div><div id=\"pg-1365-2\"  class=\"panel-grid panel-no-style\" ><div id=\"pgc-1365-2-0\"  class=\"panel-grid-cell\" ><div id=\"panel-1365-2-0-0\" class=\"so-panel widget widget_circleicon-widget panel-first-child panel-last-child\" data-index=\"4\" >\t\t<div class=\"circle-icon-box circle-icon-position-top circle-icon-hide-box circle-icon-size-medium\">\n\t\t\t<div class=\"circle-icon-wrapper\">\n\t\t\t\t<a href=\"https:\/\/catedras.facet.unt.edu.ar\/labtel\/es\/comuni-digital-bibliografia\/\" class=\"link-icon\" >\t\t\t\t<div class=\"circle-icon\" >\n\t\t\t\t\t<div class=\"fa fa-book\" ><\/div>\t\t\t\t<\/div>\n\t\t\t\t<\/a>\t\t\t<\/div>\n\n\t\t\t<a href=\"https:\/\/catedras.facet.unt.edu.ar\/labtel\/es\/comuni-digital-bibliografia\/\" class=\"link-title\" >\t\t\t<h4 >Bibliografia<\/h4>\t\t\t<\/a>\n\t\t\t<p class=\"text\" >La bibliogr\u00e1fica recomendadas para hacer la materia<\/p>\t\t\t\t\t\t\t<a href=\"https:\/\/catedras.facet.unt.edu.ar\/labtel\/es\/comuni-digital-bibliografia\/\" class=\"more-button\" >M\u00e1s informaci\u00f3n <i><\/i><\/a>\n\t\t\t\t\t<\/div>\n\t\t<\/div><\/div><div id=\"pgc-1365-2-1\"  class=\"panel-grid-cell panel-grid-cell-mobile-last\" ><div id=\"panel-1365-2-1-0\" class=\"so-panel widget widget_circleicon-widget panel-first-child panel-last-child\" data-index=\"5\" >\t\t<div class=\"circle-icon-box circle-icon-position-top circle-icon-hide-box circle-icon-size-medium\">\n\t\t\t<div class=\"circle-icon-wrapper\">\n\t\t\t\t<a href=\"https:\/\/catedras.facet.unt.edu.ar\/labtel\/es\/comuni-digital-horarios\/\" class=\"link-icon\" >\t\t\t\t<div class=\"circle-icon\" >\n\t\t\t\t\t<div class=\"fa fa-calendar\" ><\/div>\t\t\t\t<\/div>\n\t\t\t\t<\/a>\t\t\t<\/div>\n\n\t\t\t<a href=\"https:\/\/catedras.facet.unt.edu.ar\/labtel\/es\/comuni-digital-horarios\/\" class=\"link-title\" >\t\t\t<h4 >Horarios<\/h4>\t\t\t<\/a>\n\t\t\t<p class=\"text\" >Horarios de la materia<\/p>\t\t\t\t\t\t\t<a href=\"https:\/\/catedras.facet.unt.edu.ar\/labtel\/es\/comuni-digital-horarios\/\" class=\"more-button\" >M\u00e1s informaci\u00f3n <i><\/i><\/a>\n\t\t\t\t\t<\/div>\n\t\t<\/div><\/div><div id=\"pgc-1365-2-2\"  class=\"panel-grid-cell panel-grid-cell-empty\" ><\/div><\/div><\/div>","protected":false},"excerpt":{"rendered":"<p>En esta asignatura de Sistemas de Comunicaciones Digitales I consiste en introducir al estudiante de grado en las modernas t\u00e9cnicas de comunicaciones digitales abarcando las diferentes capas que intervienen en el proceso de la comunicaci\u00f3n. Esto permite adquirir conocimientos sobre aspectos de las redes de comunicaciones digitales, esquemas de codificaci\u00f3n, cuantizacion de la informaci\u00f3n, formas [&hellip;]<\/p>\n","protected":false},"author":101149,"featured_media":0,"parent":0,"menu_order":0,"comment_status":"closed","ping_status":"closed","template":"","meta":[],"_links":{"self":[{"href":"https:\/\/catedras.facet.unt.edu.ar\/labtel\/wp-json\/wp\/v2\/pages\/1365"}],"collection":[{"href":"https:\/\/catedras.facet.unt.edu.ar\/labtel\/wp-json\/wp\/v2\/pages"}],"about":[{"href":"https:\/\/catedras.facet.unt.edu.ar\/labtel\/wp-json\/wp\/v2\/types\/page"}],"author":[{"embeddable":true,"href":"https:\/\/catedras.facet.unt.edu.ar\/labtel\/wp-json\/wp\/v2\/users\/101149"}],"replies":[{"embeddable":true,"href":"https:\/\/catedras.facet.unt.edu.ar\/labtel\/wp-json\/wp\/v2\/comments?post=1365"}],"version-history":[{"count":5,"href":"https:\/\/catedras.facet.unt.edu.ar\/labtel\/wp-json\/wp\/v2\/pages\/1365\/revisions"}],"predecessor-version":[{"id":1721,"href":"https:\/\/catedras.facet.unt.edu.ar\/labtel\/wp-json\/wp\/v2\/pages\/1365\/revisions\/1721"}],"wp:attachment":[{"href":"https:\/\/catedras.facet.unt.edu.ar\/labtel\/wp-json\/wp\/v2\/media?parent=1365"}],"curies":[{"name":"wp","href":"https:\/\/api.w.org\/{rel}","templated":true}]}}