{"id":1266,"date":"2016-09-12T10:49:29","date_gmt":"2016-09-12T13:49:29","guid":{"rendered":"https:\/\/catedras.facet.unt.edu.ar\/labtel\/?page_id=1266"},"modified":"2016-09-15T01:09:16","modified_gmt":"2016-09-15T04:09:16","slug":"electroii-bibliografia","status":"publish","type":"page","link":"https:\/\/catedras.facet.unt.edu.ar\/labtel\/es\/electroii-bibliografia\/","title":{"rendered":"Bibliogr\u00e1fia de Electromagnetismo II"},"content":{"rendered":"<p><strong>Arias N., Antena con reflectores parab\u00f3licas, 1997.<\/strong><\/p>\n<p><strong>Aznar Cardama, Antenas, 2004.<\/strong><\/p>\n<p><strong>Hayt and Buck, Teor\u00eda Electromagn\u00e9tica, 2006.<\/strong><\/p>\n<p><strong>Johnk, Teor\u00eda Electromagn\u00e9tica, 2001.<\/strong><\/p>\n<p><strong>Kraus J. D., Antennas, 1998.<\/strong><\/p>\n<p><strong>Kraus-Fleisch, Electromagnetismo con Aplicaciones, 2000.<\/strong><\/p>\n<p><strong>Sadiku, M. N. O., Elementos de Electromagnetismo, 2006.<\/strong><\/p>\n<p><strong>Tomasi W., Sistema de Comunicaciones Electr\u00f3nicas, 1996.<\/strong><\/p>\n<p><strong>Trainotti V., Ingenier\u00eda Electromagn\u00e9tica; T1, T2, T3.\u00a0<\/strong><\/p>\n<p><strong>Danizo P., Calculo de radioenlaces, 2008<\/strong><\/p>\n","protected":false},"excerpt":{"rendered":"<p>Arias N., Antena con reflectores parab\u00f3licas, 1997. Aznar Cardama, Antenas, 2004. Hayt and Buck, Teor\u00eda Electromagn\u00e9tica, 2006. Johnk, Teor\u00eda Electromagn\u00e9tica, 2001. Kraus J. D., Antennas, 1998. Kraus-Fleisch, Electromagnetismo con Aplicaciones, 2000. Sadiku, M. N. O., Elementos de Electromagnetismo, 2006. Tomasi W., Sistema de Comunicaciones Electr\u00f3nicas, 1996. Trainotti V., Ingenier\u00eda Electromagn\u00e9tica; T1, T2, T3.\u00a0 Danizo P., [&hellip;]<\/p>\n","protected":false},"author":101149,"featured_media":0,"parent":0,"menu_order":0,"comment_status":"closed","ping_status":"closed","template":"","meta":[],"_links":{"self":[{"href":"https:\/\/catedras.facet.unt.edu.ar\/labtel\/wp-json\/wp\/v2\/pages\/1266"}],"collection":[{"href":"https:\/\/catedras.facet.unt.edu.ar\/labtel\/wp-json\/wp\/v2\/pages"}],"about":[{"href":"https:\/\/catedras.facet.unt.edu.ar\/labtel\/wp-json\/wp\/v2\/types\/page"}],"author":[{"embeddable":true,"href":"https:\/\/catedras.facet.unt.edu.ar\/labtel\/wp-json\/wp\/v2\/users\/101149"}],"replies":[{"embeddable":true,"href":"https:\/\/catedras.facet.unt.edu.ar\/labtel\/wp-json\/wp\/v2\/comments?post=1266"}],"version-history":[{"count":4,"href":"https:\/\/catedras.facet.unt.edu.ar\/labtel\/wp-json\/wp\/v2\/pages\/1266\/revisions"}],"predecessor-version":[{"id":1455,"href":"https:\/\/catedras.facet.unt.edu.ar\/labtel\/wp-json\/wp\/v2\/pages\/1266\/revisions\/1455"}],"wp:attachment":[{"href":"https:\/\/catedras.facet.unt.edu.ar\/labtel\/wp-json\/wp\/v2\/media?parent=1266"}],"curies":[{"name":"wp","href":"https:\/\/api.w.org\/{rel}","templated":true}]}}