{"id":1217,"date":"2016-09-09T11:30:31","date_gmt":"2016-09-09T14:30:31","guid":{"rendered":"https:\/\/catedras.facet.unt.edu.ar\/labtel\/?page_id=1217"},"modified":"2016-09-15T01:09:02","modified_gmt":"2016-09-15T04:09:02","slug":"electroii-reglamento","status":"publish","type":"page","link":"https:\/\/catedras.facet.unt.edu.ar\/labtel\/es\/electroii-reglamento\/","title":{"rendered":"Reglamento de Electromagnetismo II"},"content":{"rendered":"<p><span style=\"text-decoration: underline;\"><strong>Requisitos para cursar la materia:<\/strong><\/span><\/p>\n<p><strong>29 Asignaturas del plan, PS Ingles.<\/strong><\/p>\n<p><strong>Ademas los alumnos deben cumplir con un m\u00ednimo de un 70% de asistencia a los trabajos pr\u00e1cticos de resoluci\u00f3n de problemas y un 100% de asistencia a los trabajos de laboratorio. Para finalizar la materia deber\u00e1 realizar un examen final que consiste en realizar una exposici\u00f3n de una antena elegida por el profesor, la misma consiste realizar un informa, una presentaci\u00f3n oral y el armado de la misma con sus respectivas mediciones. Una vez cumplidos estos t\u00e9rminos el estudiante esta en condiciones de aprobar la materia.<\/strong><\/p>\n","protected":false},"excerpt":{"rendered":"<p>Requisitos para cursar la materia: 29 Asignaturas del plan, PS Ingles. Ademas los alumnos deben cumplir con un m\u00ednimo de un 70% de asistencia a los trabajos pr\u00e1cticos de resoluci\u00f3n de problemas y un 100% de asistencia a los trabajos de laboratorio. Para finalizar la materia deber\u00e1 realizar un examen final que consiste en realizar [&hellip;]<\/p>\n","protected":false},"author":101149,"featured_media":0,"parent":0,"menu_order":0,"comment_status":"closed","ping_status":"closed","template":"","meta":[],"_links":{"self":[{"href":"https:\/\/catedras.facet.unt.edu.ar\/labtel\/wp-json\/wp\/v2\/pages\/1217"}],"collection":[{"href":"https:\/\/catedras.facet.unt.edu.ar\/labtel\/wp-json\/wp\/v2\/pages"}],"about":[{"href":"https:\/\/catedras.facet.unt.edu.ar\/labtel\/wp-json\/wp\/v2\/types\/page"}],"author":[{"embeddable":true,"href":"https:\/\/catedras.facet.unt.edu.ar\/labtel\/wp-json\/wp\/v2\/users\/101149"}],"replies":[{"embeddable":true,"href":"https:\/\/catedras.facet.unt.edu.ar\/labtel\/wp-json\/wp\/v2\/comments?post=1217"}],"version-history":[{"count":3,"href":"https:\/\/catedras.facet.unt.edu.ar\/labtel\/wp-json\/wp\/v2\/pages\/1217\/revisions"}],"predecessor-version":[{"id":1454,"href":"https:\/\/catedras.facet.unt.edu.ar\/labtel\/wp-json\/wp\/v2\/pages\/1217\/revisions\/1454"}],"wp:attachment":[{"href":"https:\/\/catedras.facet.unt.edu.ar\/labtel\/wp-json\/wp\/v2\/media?parent=1217"}],"curies":[{"name":"wp","href":"https:\/\/api.w.org\/{rel}","templated":true}]}}