{"id":1204,"date":"2016-09-07T23:34:20","date_gmt":"2016-09-08T02:34:20","guid":{"rendered":"https:\/\/catedras.facet.unt.edu.ar\/labtel\/?page_id=1204"},"modified":"2016-09-22T17:10:40","modified_gmt":"2016-09-22T20:10:40","slug":"electroii-descripcion-general","status":"publish","type":"page","link":"https:\/\/catedras.facet.unt.edu.ar\/labtel\/es\/electroii-descripcion-general\/","title":{"rendered":"Descripci\u00f3n General de Electromagnetismo II"},"content":{"rendered":"<div id=\"pl-1204\"  class=\"panel-layout\" ><div id=\"pg-1204-0\"  class=\"panel-grid panel-no-style\" ><div id=\"pgc-1204-0-0\"  class=\"panel-grid-cell\" ><div id=\"panel-1204-0-0-0\" class=\"so-panel widget widget_sow-editor panel-first-child panel-last-child\" data-index=\"0\" ><div\n\t\t\t\n\t\t\tclass=\"so-widget-sow-editor so-widget-sow-editor-base\"\n\t\t\t\n\t\t>\n<div class=\"siteorigin-widget-tinymce textwidget\">\n\t<p><strong>En esta asignatura de Electromagnetismo II consiste en proveer a los alumnos de conocimientos te\u00f3ricos y pr\u00e1cticos necesarios para el manejo y soluci\u00f3n de problemas vinculados a propagaci\u00f3n electromagn\u00e9tica en diferentes medios y su relaci\u00f3n con soluciones en ingenier\u00eda aplicadas a las telecomunicaciones.\u00a0<\/strong><\/p>\n<p><strong>Para ello en clase se aborda problemas que son resueltos grupalmente se ejemplifican los principios te\u00f3ricos aplicados a dise\u00f1os concretos mediante demostraciones de clase tipo de antenas.<\/strong><\/p>\n<p><strong>Las actividades practicas se desarrollan en dos modalidades, resoluciones de problemas donde es necesario aplicar los principios desarrollados en clase y ensayo de laboratorio tales como: medici\u00f3n de impedancia a la entrada de la antena, dise\u00f1o y construcci\u00f3n de antena tipo dipolo, parche, etc. medici\u00f3n de patr\u00f3n de radiaci\u00f3n de antena reflector parab\u00f3lico de banco de microondas. Montaje y experimentaci\u00f3n\u00a0com\u00fan\u00a0enlace punto-punto en 2,4GHz.<\/strong><\/p>\n<\/div>\n<\/div><\/div><\/div><\/div><div id=\"pg-1204-1\"  class=\"panel-grid panel-no-style\" ><div id=\"pgc-1204-1-0\"  class=\"panel-grid-cell\" ><div id=\"panel-1204-1-0-0\" class=\"so-panel widget widget_circleicon-widget panel-first-child panel-last-child\" data-index=\"1\" >\t\t<div class=\"circle-icon-box circle-icon-position-top circle-icon-hide-box circle-icon-size-medium\">\n\t\t\t<div class=\"circle-icon-wrapper\">\n\t\t\t\t<a href=\"https:\/\/catedras.facet.unt.edu.ar\/labtel\/es\/electroii-docentes\/\" class=\"link-icon\" >\t\t\t\t<div class=\"circle-icon\" >\n\t\t\t\t\t<div class=\"fa fa-users\" ><\/div>\t\t\t\t<\/div>\n\t\t\t\t<\/a>\t\t\t<\/div>\n\n\t\t\t<a href=\"https:\/\/catedras.facet.unt.edu.ar\/labtel\/es\/electroii-docentes\/\" class=\"link-title\" >\t\t\t<h4 >Docentes<\/h4>\t\t\t<\/a>\n\t\t\t<p class=\"text\" >Docentes que participa en la materia<\/p>\t\t\t\t\t\t\t<a href=\"https:\/\/catedras.facet.unt.edu.ar\/labtel\/es\/electroii-docentes\/\" class=\"more-button\" >M\u00e1s informaci\u00f3n <i><\/i><\/a>\n\t\t\t\t\t<\/div>\n\t\t<\/div><\/div><div id=\"pgc-1204-1-1\"  class=\"panel-grid-cell\" ><div id=\"panel-1204-1-1-0\" class=\"so-panel widget widget_circleicon-widget panel-first-child panel-last-child\" data-index=\"2\" >\t\t<div class=\"circle-icon-box circle-icon-position-top circle-icon-hide-box circle-icon-size-medium\">\n\t\t\t<div class=\"circle-icon-wrapper\">\n\t\t\t\t<a href=\"https:\/\/catedras.facet.unt.edu.ar\/labtel\/es\/electromagnetismo-ii\/\" class=\"link-icon\" >\t\t\t\t<div class=\"circle-icon\" >\n\t\t\t\t\t<div class=\"fa fa-image\" ><\/div>\t\t\t\t<\/div>\n\t\t\t\t<\/a>\t\t\t<\/div>\n\n\t\t\t<a href=\"https:\/\/catedras.facet.unt.edu.ar\/labtel\/es\/electromagnetismo-ii\/\" class=\"link-title\" >\t\t\t<h4 >Programa<\/h4>\t\t\t<\/a>\n\t\t\t<p class=\"text\" >Programa de la materia<\/p>\t\t\t\t\t\t\t<a href=\"https:\/\/catedras.facet.unt.edu.ar\/labtel\/es\/electromagnetismo-ii\/\" class=\"more-button\" >M\u00e1s informaci\u00f3n <i><\/i><\/a>\n\t\t\t\t\t<\/div>\n\t\t<\/div><\/div><div id=\"pgc-1204-1-2\"  class=\"panel-grid-cell\" ><div id=\"panel-1204-1-2-0\" class=\"so-panel widget widget_circleicon-widget panel-first-child panel-last-child\" data-index=\"3\" >\t\t<div class=\"circle-icon-box circle-icon-position-top circle-icon-hide-box circle-icon-size-medium\">\n\t\t\t<div class=\"circle-icon-wrapper\">\n\t\t\t\t<a href=\"https:\/\/catedras.facet.unt.edu.ar\/labtel\/es\/electroii-reglamento\/\" class=\"link-icon\" >\t\t\t\t<div class=\"circle-icon\" >\n\t\t\t\t\t<div class=\"fa fa-book\" ><\/div>\t\t\t\t<\/div>\n\t\t\t\t<\/a>\t\t\t<\/div>\n\n\t\t\t<a href=\"https:\/\/catedras.facet.unt.edu.ar\/labtel\/es\/electroii-reglamento\/\" class=\"link-title\" >\t\t\t<h4 >Reglamento<\/h4>\t\t\t<\/a>\n\t\t\t<p class=\"text\" >Reglamento para el cursado<\/p>\t\t\t\t\t\t\t<a href=\"https:\/\/catedras.facet.unt.edu.ar\/labtel\/es\/electroii-reglamento\/\" class=\"more-button\" >M\u00e1s informaci\u00f3n <i><\/i><\/a>\n\t\t\t\t\t<\/div>\n\t\t<\/div><\/div><\/div><div id=\"pg-1204-2\"  class=\"panel-grid panel-no-style\" ><div id=\"pgc-1204-2-0\"  class=\"panel-grid-cell\" ><div id=\"panel-1204-2-0-0\" class=\"so-panel widget widget_circleicon-widget panel-first-child panel-last-child\" data-index=\"4\" >\t\t<div class=\"circle-icon-box circle-icon-position-top circle-icon-hide-box circle-icon-size-medium\">\n\t\t\t<div class=\"circle-icon-wrapper\">\n\t\t\t\t<a href=\"https:\/\/catedras.facet.unt.edu.ar\/labtel\/es\/electroii-bibliografia\/\" class=\"link-icon\" >\t\t\t\t<div class=\"circle-icon\" >\n\t\t\t\t\t<div class=\"fa fa-book\" ><\/div>\t\t\t\t<\/div>\n\t\t\t\t<\/a>\t\t\t<\/div>\n\n\t\t\t<a href=\"https:\/\/catedras.facet.unt.edu.ar\/labtel\/es\/electroii-bibliografia\/\" class=\"link-title\" >\t\t\t<h4 >Bibliografia<\/h4>\t\t\t<\/a>\n\t\t\t<p class=\"text\" >La bibliogr\u00e1fica recomendadas para hacer la materia<\/p>\t\t\t\t\t\t\t<a href=\"https:\/\/catedras.facet.unt.edu.ar\/labtel\/es\/electroii-bibliografia\/\" class=\"more-button\" >M\u00e1s informaci\u00f3n <i><\/i><\/a>\n\t\t\t\t\t<\/div>\n\t\t<\/div><\/div><div id=\"pgc-1204-2-1\"  class=\"panel-grid-cell\" ><div id=\"panel-1204-2-1-0\" class=\"so-panel widget widget_circleicon-widget panel-first-child panel-last-child\" data-index=\"5\" >\t\t<div class=\"circle-icon-box circle-icon-position-top circle-icon-hide-box circle-icon-size-medium\">\n\t\t\t<div class=\"circle-icon-wrapper\">\n\t\t\t\t<a href=\"https:\/\/catedras.facet.unt.edu.ar\/labtel\/es\/electroii-horarios\/\" class=\"link-icon\" >\t\t\t\t<div class=\"circle-icon\" >\n\t\t\t\t\t<div class=\"fa fa-calendar\" ><\/div>\t\t\t\t<\/div>\n\t\t\t\t<\/a>\t\t\t<\/div>\n\n\t\t\t<a href=\"https:\/\/catedras.facet.unt.edu.ar\/labtel\/es\/electroii-horarios\/\" class=\"link-title\" >\t\t\t<h4 >Horarios<\/h4>\t\t\t<\/a>\n\t\t\t<p class=\"text\" >Horarios de la materia<\/p>\t\t\t\t\t\t\t<a href=\"https:\/\/catedras.facet.unt.edu.ar\/labtel\/es\/electroii-horarios\/\" class=\"more-button\" >M\u00e1s informaci\u00f3n <i><\/i><\/a>\n\t\t\t\t\t<\/div>\n\t\t<\/div><\/div><div id=\"pgc-1204-2-2\"  class=\"panel-grid-cell\" ><div id=\"panel-1204-2-2-0\" class=\"so-panel widget widget_circleicon-widget panel-first-child panel-last-child\" data-index=\"6\" >\t\t<div class=\"circle-icon-box circle-icon-position-top circle-icon-hide-box circle-icon-size-medium\">\n\t\t\t<div class=\"circle-icon-wrapper\">\n\t\t\t\t<a href=\"https:\/\/catedras.facet.unt.edu.ar\/labtel\/es\/material-didactico-2\/\" class=\"link-icon\" >\t\t\t\t<div class=\"circle-icon\" >\n\t\t\t\t\t<div class=\"fa fa-archive\" ><\/div>\t\t\t\t<\/div>\n\t\t\t\t<\/a>\t\t\t<\/div>\n\n\t\t\t<a href=\"https:\/\/catedras.facet.unt.edu.ar\/labtel\/es\/material-didactico-2\/\" class=\"link-title\" >\t\t\t<h4 >Material Didactico<\/h4>\t\t\t<\/a>\n\t\t\t<p class=\"text\" >Material usado en el transcurso de la materia<\/p>\t\t\t\t\t\t\t<a href=\"https:\/\/catedras.facet.unt.edu.ar\/labtel\/es\/material-didactico-2\/\" class=\"more-button\" >M\u00e1s informaci\u00f3n <i><\/i><\/a>\n\t\t\t\t\t<\/div>\n\t\t<\/div><\/div><\/div><\/div>","protected":false},"excerpt":{"rendered":"<p>En esta asignatura de Electromagnetismo II consiste en proveer a los alumnos de conocimientos te\u00f3ricos y pr\u00e1cticos necesarios para el manejo y soluci\u00f3n de problemas vinculados a propagaci\u00f3n electromagn\u00e9tica en diferentes medios y su relaci\u00f3n con soluciones en ingenier\u00eda aplicadas a las telecomunicaciones.\u00a0 Para ello en clase se aborda problemas que son resueltos grupalmente se [&hellip;]<\/p>\n","protected":false},"author":101149,"featured_media":0,"parent":0,"menu_order":0,"comment_status":"closed","ping_status":"closed","template":"","meta":[],"_links":{"self":[{"href":"https:\/\/catedras.facet.unt.edu.ar\/labtel\/wp-json\/wp\/v2\/pages\/1204"}],"collection":[{"href":"https:\/\/catedras.facet.unt.edu.ar\/labtel\/wp-json\/wp\/v2\/pages"}],"about":[{"href":"https:\/\/catedras.facet.unt.edu.ar\/labtel\/wp-json\/wp\/v2\/types\/page"}],"author":[{"embeddable":true,"href":"https:\/\/catedras.facet.unt.edu.ar\/labtel\/wp-json\/wp\/v2\/users\/101149"}],"replies":[{"embeddable":true,"href":"https:\/\/catedras.facet.unt.edu.ar\/labtel\/wp-json\/wp\/v2\/comments?post=1204"}],"version-history":[{"count":6,"href":"https:\/\/catedras.facet.unt.edu.ar\/labtel\/wp-json\/wp\/v2\/pages\/1204\/revisions"}],"predecessor-version":[{"id":1577,"href":"https:\/\/catedras.facet.unt.edu.ar\/labtel\/wp-json\/wp\/v2\/pages\/1204\/revisions\/1577"}],"wp:attachment":[{"href":"https:\/\/catedras.facet.unt.edu.ar\/labtel\/wp-json\/wp\/v2\/media?parent=1204"}],"curies":[{"name":"wp","href":"https:\/\/api.w.org\/{rel}","templated":true}]}}