{"id":1201,"date":"2016-09-07T12:39:32","date_gmt":"2016-09-07T15:39:32","guid":{"rendered":"https:\/\/catedras.facet.unt.edu.ar\/labtel\/?page_id=1201"},"modified":"2025-02-26T18:38:55","modified_gmt":"2025-02-26T21:38:55","slug":"electroi-bibliografia","status":"publish","type":"page","link":"https:\/\/catedras.facet.unt.edu.ar\/labtel\/es\/electroi-bibliografia\/","title":{"rendered":"Bibliografia de Electromagnetismo I"},"content":{"rendered":"<p><strong>Curso de Electromagnetismo, M. Bisceglia, E. Z., J. C. Fernandez, N. Librer\u00eda, 1982.<\/strong><\/p>\n<p><strong>Teor\u00eda Electromagn\u00e9tica, Hayt W., and Buck J. Mc. Graw Hill, 2006.<\/strong><\/p>\n<p><strong>Teor\u00eda Electromagn\u00e9tica, Johnk C., Ed. Limusa, 2001.<\/strong><\/p>\n<p><strong>Electromagnetismo con Aplicaciones, Krauss J. D. and Fleisch D., Mc. G. Hill, 2000.<\/strong><\/p>\n<p><strong>Ingenier\u00eda Electromagn\u00e9tica T1, Trainotti V., Fano G., Nueva Librer\u00eda, 2003.<\/strong><\/p>\n<p><strong>Ingenier\u00eda Electromagn\u00e9tica T3 (Lineas), Trainotti V., Fano G., Nueva Librer\u00eda, 2003.<\/strong><\/p>\n<p><strong>Electromagnetismo, Krauss J. D., Ateneo, 1960.<\/strong><\/p>\n<p><strong>Sistema de Comunicaciones Electr\u00f3nica, Tomasi, W., Prentice Hall, 1996.<\/strong><\/p>\n","protected":false},"excerpt":{"rendered":"<p>Curso de Electromagnetismo, M. Bisceglia, E. Z., J. C. Fernandez, N. Librer\u00eda, 1982. Teor\u00eda Electromagn\u00e9tica, Hayt W., and Buck J. Mc. Graw Hill, 2006. Teor\u00eda Electromagn\u00e9tica, Johnk C., Ed. Limusa, 2001. Electromagnetismo con Aplicaciones, Krauss J. D. and Fleisch D., Mc. G. Hill, 2000. Ingenier\u00eda Electromagn\u00e9tica T1, Trainotti V., Fano G., Nueva Librer\u00eda, 2003. Ingenier\u00eda [&hellip;]<\/p>\n","protected":false},"author":1,"featured_media":0,"parent":0,"menu_order":0,"comment_status":"closed","ping_status":"closed","template":"","meta":[],"_links":{"self":[{"href":"https:\/\/catedras.facet.unt.edu.ar\/labtel\/wp-json\/wp\/v2\/pages\/1201"}],"collection":[{"href":"https:\/\/catedras.facet.unt.edu.ar\/labtel\/wp-json\/wp\/v2\/pages"}],"about":[{"href":"https:\/\/catedras.facet.unt.edu.ar\/labtel\/wp-json\/wp\/v2\/types\/page"}],"author":[{"embeddable":true,"href":"https:\/\/catedras.facet.unt.edu.ar\/labtel\/wp-json\/wp\/v2\/users\/1"}],"replies":[{"embeddable":true,"href":"https:\/\/catedras.facet.unt.edu.ar\/labtel\/wp-json\/wp\/v2\/comments?post=1201"}],"version-history":[{"count":3,"href":"https:\/\/catedras.facet.unt.edu.ar\/labtel\/wp-json\/wp\/v2\/pages\/1201\/revisions"}],"predecessor-version":[{"id":2253,"href":"https:\/\/catedras.facet.unt.edu.ar\/labtel\/wp-json\/wp\/v2\/pages\/1201\/revisions\/2253"}],"wp:attachment":[{"href":"https:\/\/catedras.facet.unt.edu.ar\/labtel\/wp-json\/wp\/v2\/media?parent=1201"}],"curies":[{"name":"wp","href":"https:\/\/api.w.org\/{rel}","templated":true}]}}