{"id":1193,"date":"2016-09-07T11:44:03","date_gmt":"2016-09-07T14:44:03","guid":{"rendered":"https:\/\/catedras.facet.unt.edu.ar\/labtel\/?page_id=1193"},"modified":"2016-09-15T00:55:28","modified_gmt":"2016-09-15T03:55:28","slug":"electroi-reglamento-2","status":"publish","type":"page","link":"https:\/\/catedras.facet.unt.edu.ar\/labtel\/es\/electroi-reglamento-2\/","title":{"rendered":"Reglamento de Electromagnetismo I"},"content":{"rendered":"<p><strong><span style=\"text-decoration: underline;\">Requisitos para cursar la materia:<\/span><\/strong><\/p>\n<p><strong><span style=\"text-decoration: underline;\">Aprobadas:<\/span><\/strong><\/p>\n<p><strong>Calculo V, Electr\u00f3nica I, Circuitos El\u00e9ctricos III, PS Ingles.<\/strong><\/p>\n<p><strong><span style=\"text-decoration: underline;\">Regulares:<\/span><\/strong><\/p>\n<p><strong>Electr\u00f3nica III, Dispositivos Electr\u00f3nicos.<\/strong><\/p>\n<p><strong>Ademas los alumnos deben cumplir con un m\u00ednimo de un 70% de asistencia a los trabajos pr\u00e1cticos de resoluci\u00f3n de problemas y un 100% de asistencia a los trabajos de laboratorio. Se realizan tres ex\u00e1menes parciales escritos y una exposici\u00f3n oral. Cumplido lo dicho, el estudiante esta en condiciones para inscribirse en examen regular.<\/strong><\/p>\n<p><strong>Los alumnos que deseen rendir libre, deben cumplir en una semana, con ex\u00e1menes escritos de resoluci\u00f3n de problemas y trabajos de laboratorio. Cumplidos satisfactoriamente los mismos se da lugar al examen final.<\/strong><\/p>\n","protected":false},"excerpt":{"rendered":"<p>Requisitos para cursar la materia: Aprobadas: Calculo V, Electr\u00f3nica I, Circuitos El\u00e9ctricos III, PS Ingles. Regulares: Electr\u00f3nica III, Dispositivos Electr\u00f3nicos. Ademas los alumnos deben cumplir con un m\u00ednimo de un 70% de asistencia a los trabajos pr\u00e1cticos de resoluci\u00f3n de problemas y un 100% de asistencia a los trabajos de laboratorio. Se realizan tres ex\u00e1menes [&hellip;]<\/p>\n","protected":false},"author":101149,"featured_media":0,"parent":0,"menu_order":0,"comment_status":"closed","ping_status":"closed","template":"","meta":[],"_links":{"self":[{"href":"https:\/\/catedras.facet.unt.edu.ar\/labtel\/wp-json\/wp\/v2\/pages\/1193"}],"collection":[{"href":"https:\/\/catedras.facet.unt.edu.ar\/labtel\/wp-json\/wp\/v2\/pages"}],"about":[{"href":"https:\/\/catedras.facet.unt.edu.ar\/labtel\/wp-json\/wp\/v2\/types\/page"}],"author":[{"embeddable":true,"href":"https:\/\/catedras.facet.unt.edu.ar\/labtel\/wp-json\/wp\/v2\/users\/101149"}],"replies":[{"embeddable":true,"href":"https:\/\/catedras.facet.unt.edu.ar\/labtel\/wp-json\/wp\/v2\/comments?post=1193"}],"version-history":[{"count":2,"href":"https:\/\/catedras.facet.unt.edu.ar\/labtel\/wp-json\/wp\/v2\/pages\/1193\/revisions"}],"predecessor-version":[{"id":1448,"href":"https:\/\/catedras.facet.unt.edu.ar\/labtel\/wp-json\/wp\/v2\/pages\/1193\/revisions\/1448"}],"wp:attachment":[{"href":"https:\/\/catedras.facet.unt.edu.ar\/labtel\/wp-json\/wp\/v2\/media?parent=1193"}],"curies":[{"name":"wp","href":"https:\/\/api.w.org\/{rel}","templated":true}]}}