{"id":1190,"date":"2016-09-07T11:42:32","date_gmt":"2016-09-07T14:42:32","guid":{"rendered":"https:\/\/catedras.facet.unt.edu.ar\/labtel\/?page_id=1190"},"modified":"2016-09-15T01:26:18","modified_gmt":"2016-09-15T04:26:18","slug":"electroi-regulation","status":"publish","type":"page","link":"https:\/\/catedras.facet.unt.edu.ar\/labtel\/en\/electroi-regulation\/","title":{"rendered":"Regulation of electromagnetism I"},"content":{"rendered":"<p><strong><span style=\"text-decoration: underline;\">Requirements to study the subject:<\/span><\/strong><\/p>\n<p><strong><span style=\"text-decoration: underline;\">Approved:<\/span><\/strong><\/p>\n<p><strong>Calculo V, Electr\u00f3nica I, Circuitos El\u00e9ctricos III, PS Ingles.<\/strong><\/p>\n<p><strong><span style=\"text-decoration: underline;\">Regular:<\/span><\/strong><\/p>\n<p><strong>Electr\u00f3nica III, Dispositivos Electr\u00f3nicos.<\/strong><\/p>\n<p><strong>In addition students must meet a minimum of 70% attendance to practical work and problem-solving 100% attendance at laboratory work, three written exams and an oral presentation are made. Fulfilled that said, the student is able to sign up for regular review.<\/strong><\/p>\n<p><strong>Students who wish to give testimony must meet in a week, with written exams problem solving and laboratory work. Sactisfactorily completed thereof results in the final exam.<\/strong><\/p>\n","protected":false},"excerpt":{"rendered":"<p>Requirements to study the subject: Approved: Calculo V, Electr\u00f3nica I, Circuitos El\u00e9ctricos III, PS Ingles. Regular: Electr\u00f3nica III, Dispositivos Electr\u00f3nicos. In addition students must meet a minimum of 70% attendance to practical work and problem-solving 100% attendance at laboratory work, three written exams and an oral presentation are made. Fulfilled that said, the student is [&hellip;]<\/p>\n","protected":false},"author":101149,"featured_media":0,"parent":0,"menu_order":0,"comment_status":"closed","ping_status":"closed","template":"","meta":[],"_links":{"self":[{"href":"https:\/\/catedras.facet.unt.edu.ar\/labtel\/wp-json\/wp\/v2\/pages\/1190"}],"collection":[{"href":"https:\/\/catedras.facet.unt.edu.ar\/labtel\/wp-json\/wp\/v2\/pages"}],"about":[{"href":"https:\/\/catedras.facet.unt.edu.ar\/labtel\/wp-json\/wp\/v2\/types\/page"}],"author":[{"embeddable":true,"href":"https:\/\/catedras.facet.unt.edu.ar\/labtel\/wp-json\/wp\/v2\/users\/101149"}],"replies":[{"embeddable":true,"href":"https:\/\/catedras.facet.unt.edu.ar\/labtel\/wp-json\/wp\/v2\/comments?post=1190"}],"version-history":[{"count":6,"href":"https:\/\/catedras.facet.unt.edu.ar\/labtel\/wp-json\/wp\/v2\/pages\/1190\/revisions"}],"predecessor-version":[{"id":1463,"href":"https:\/\/catedras.facet.unt.edu.ar\/labtel\/wp-json\/wp\/v2\/pages\/1190\/revisions\/1463"}],"wp:attachment":[{"href":"https:\/\/catedras.facet.unt.edu.ar\/labtel\/wp-json\/wp\/v2\/media?parent=1190"}],"curies":[{"name":"wp","href":"https:\/\/api.w.org\/{rel}","templated":true}]}}