{"id":1183,"date":"2016-09-07T10:55:27","date_gmt":"2016-09-07T13:55:27","guid":{"rendered":"https:\/\/catedras.facet.unt.edu.ar\/labtel\/?page_id=1183"},"modified":"2025-03-05T16:08:55","modified_gmt":"2025-03-05T19:08:55","slug":"electroi-descripcion-general","status":"publish","type":"page","link":"https:\/\/catedras.facet.unt.edu.ar\/labtel\/es\/electroi-descripcion-general\/","title":{"rendered":"Descripci\u00f3n General de Electromagnetismo I"},"content":{"rendered":"<div id=\"pl-1183\"  class=\"panel-layout\" ><div id=\"pg-1183-0\"  class=\"panel-grid panel-no-style\" ><div id=\"pgc-1183-0-0\"  class=\"panel-grid-cell\" ><div id=\"panel-1183-0-0-0\" class=\"so-panel widget widget_sow-editor panel-first-child panel-last-child\" data-index=\"0\" ><div\n\t\t\t\n\t\t\tclass=\"so-widget-sow-editor so-widget-sow-editor-base\"\n\t\t\t\n\t\t>\n<div class=\"siteorigin-widget-tinymce textwidget\">\n\t<p><strong>En esta asignatura de Electromagnetismo I consiste en proveer a los alumnos de conocimientos te\u00f3ricos y pr\u00e1cticos necesarios para el manejo y soluci\u00f3n de problemas vinculados a propagaci\u00f3n electromagn\u00e9tica en diferentes medios y su relaci\u00f3n con soluciones en ingenier\u00eda aplicadas a las telecomunicaciones.\u00a0<\/strong><\/p>\n<p><strong>Para ello se imparten clases te\u00f3ricas donde se abordan problemas con principios te\u00f3ricos aplicados a dise\u00f1o concretos de diferentes productos tales como lineas, gu\u00edas de onda, magnetrones, etc.<\/strong><\/p>\n<p><strong>Las clases practicas se desarrolla en dos modalidades, resoluci\u00f3n de problemas donde es necesario aplicar los principios desarrollados en clase y ensayo de laboratorio sobre medici\u00f3n de impedancia caracter\u00edsticas en distintos tipo de lineas dise\u00f1o y mediciones de diversos sistema de adaptaci\u00f3n de impedancia y mediciones de gu\u00edas de onda en 10 GHz mediciones de \u00e1ngulos de incidencia y reflexi\u00f3n en superficies met\u00e1licas.<\/strong><\/p>\n<\/div>\n<\/div><\/div><\/div><\/div><div id=\"pg-1183-1\"  class=\"panel-grid panel-no-style\" ><div id=\"pgc-1183-1-0\"  class=\"panel-grid-cell\" ><div id=\"panel-1183-1-0-0\" class=\"so-panel widget widget_circleicon-widget panel-first-child panel-last-child\" data-index=\"1\" >\t\t<div class=\"circle-icon-box circle-icon-position-top circle-icon-hide-box circle-icon-size-medium\">\n\t\t\t<div class=\"circle-icon-wrapper\">\n\t\t\t\t<a href=\"https:\/\/catedras.facet.unt.edu.ar\/labtel\/es\/electro-docente\/\" class=\"link-icon\" >\t\t\t\t<div class=\"circle-icon\" >\n\t\t\t\t\t<div class=\"fa fa-users\" ><\/div>\t\t\t\t<\/div>\n\t\t\t\t<\/a>\t\t\t<\/div>\n\n\t\t\t<a href=\"https:\/\/catedras.facet.unt.edu.ar\/labtel\/es\/electro-docente\/\" class=\"link-title\" >\t\t\t<h4 >Docentes<\/h4>\t\t\t<\/a>\n\t\t\t<p class=\"text\" >Docentes que participa en la materia<\/p>\t\t\t\t\t\t\t<a href=\"https:\/\/catedras.facet.unt.edu.ar\/labtel\/es\/electro-docente\/\" class=\"more-button\" >M\u00e1s informaci\u00f3n <i><\/i><\/a>\n\t\t\t\t\t<\/div>\n\t\t<\/div><\/div><div id=\"pgc-1183-1-1\"  class=\"panel-grid-cell\" ><div id=\"panel-1183-1-1-0\" class=\"so-panel widget widget_circleicon-widget panel-first-child panel-last-child\" data-index=\"2\" >\t\t<div class=\"circle-icon-box circle-icon-position-top circle-icon-hide-box circle-icon-size-medium\">\n\t\t\t<div class=\"circle-icon-wrapper\">\n\t\t\t\t<a href=\"https:\/\/catedras.facet.unt.edu.ar\/labtel\/es\/electroi-programa\/\" class=\"link-icon\" >\t\t\t\t<div class=\"circle-icon\" >\n\t\t\t\t\t<div class=\"fa fa-image\" ><\/div>\t\t\t\t<\/div>\n\t\t\t\t<\/a>\t\t\t<\/div>\n\n\t\t\t<a href=\"https:\/\/catedras.facet.unt.edu.ar\/labtel\/es\/electroi-programa\/\" class=\"link-title\" >\t\t\t<h4 >Programas<\/h4>\t\t\t<\/a>\n\t\t\t<p class=\"text\" >Programa de la materia<\/p>\t\t\t\t\t\t\t<a href=\"https:\/\/catedras.facet.unt.edu.ar\/labtel\/es\/electroi-programa\/\" class=\"more-button\" >M\u00e1s informaci\u00f3n <i><\/i><\/a>\n\t\t\t\t\t<\/div>\n\t\t<\/div><\/div><div id=\"pgc-1183-1-2\"  class=\"panel-grid-cell\" ><div id=\"panel-1183-1-2-0\" class=\"so-panel widget widget_circleicon-widget panel-first-child panel-last-child\" data-index=\"3\" >\t\t<div class=\"circle-icon-box circle-icon-position-top circle-icon-hide-box circle-icon-size-medium\">\n\t\t\t<div class=\"circle-icon-wrapper\">\n\t\t\t\t<a href=\"https:\/\/catedras.facet.unt.edu.ar\/labtel\/es\/electroi-bibliografia\/\" class=\"link-icon\" >\t\t\t\t<div class=\"circle-icon\" >\n\t\t\t\t\t<div class=\"fa fa-book\" ><\/div>\t\t\t\t<\/div>\n\t\t\t\t<\/a>\t\t\t<\/div>\n\n\t\t\t<a href=\"https:\/\/catedras.facet.unt.edu.ar\/labtel\/es\/electroi-bibliografia\/\" class=\"link-title\" >\t\t\t<h4 >Bibliografia<\/h4>\t\t\t<\/a>\n\t\t\t<p class=\"text\" >La bibliogr\u00e1fica recomendadas para hacer la materia<\/p>\t\t\t\t\t\t\t<a href=\"https:\/\/catedras.facet.unt.edu.ar\/labtel\/es\/electroi-bibliografia\/\" class=\"more-button\" >M\u00e1s informaci\u00f3n <i><\/i><\/a>\n\t\t\t\t\t<\/div>\n\t\t<\/div><\/div><\/div><div id=\"pg-1183-2\"  class=\"panel-grid panel-no-style\" ><div id=\"pgc-1183-2-0\"  class=\"panel-grid-cell\" ><div id=\"panel-1183-2-0-0\" class=\"so-panel widget widget_circleicon-widget panel-first-child panel-last-child\" data-index=\"4\" >\t\t<div class=\"circle-icon-box circle-icon-position-top circle-icon-hide-box circle-icon-size-medium\">\n\t\t\t<div class=\"circle-icon-wrapper\">\n\t\t\t\t<a href=\"https:\/\/catedras.facet.unt.edu.ar\/labtel\/es\/electroi-reglamento-2\/\" class=\"link-icon\" >\t\t\t\t<div class=\"circle-icon\" >\n\t\t\t\t\t<div class=\"fa fa-book\" ><\/div>\t\t\t\t<\/div>\n\t\t\t\t<\/a>\t\t\t<\/div>\n\n\t\t\t<a href=\"https:\/\/catedras.facet.unt.edu.ar\/labtel\/es\/electroi-reglamento-2\/\" class=\"link-title\" >\t\t\t<h4 >Reglamento<\/h4>\t\t\t<\/a>\n\t\t\t<p class=\"text\" >Reglamento para el cursado<\/p>\t\t\t\t\t\t\t<a href=\"https:\/\/catedras.facet.unt.edu.ar\/labtel\/es\/electroi-reglamento-2\/\" class=\"more-button\" >M\u00e1s informaci\u00f3n <i><\/i><\/a>\n\t\t\t\t\t<\/div>\n\t\t<\/div><\/div><div id=\"pgc-1183-2-1\"  class=\"panel-grid-cell\" ><div id=\"panel-1183-2-1-0\" class=\"so-panel widget widget_circleicon-widget panel-first-child panel-last-child\" data-index=\"5\" >\t\t<div class=\"circle-icon-box circle-icon-position-top circle-icon-hide-box circle-icon-size-medium\">\n\t\t\t<div class=\"circle-icon-wrapper\">\n\t\t\t\t<a href=\"https:\/\/catedras.facet.unt.edu.ar\/labtel\/es\/electroi-horarios\/\" class=\"link-icon\" >\t\t\t\t<div class=\"circle-icon\" >\n\t\t\t\t\t<div class=\"fa fa-calendar\" ><\/div>\t\t\t\t<\/div>\n\t\t\t\t<\/a>\t\t\t<\/div>\n\n\t\t\t<a href=\"https:\/\/catedras.facet.unt.edu.ar\/labtel\/es\/electroi-horarios\/\" class=\"link-title\" >\t\t\t<h4 >Horarios<\/h4>\t\t\t<\/a>\n\t\t\t<p class=\"text\" >Horarios de la materia<\/p>\t\t\t\t\t\t\t<a href=\"https:\/\/catedras.facet.unt.edu.ar\/labtel\/es\/electroi-horarios\/\" class=\"more-button\" >M\u00e1s informaci\u00f3n <i><\/i><\/a>\n\t\t\t\t\t<\/div>\n\t\t<\/div><\/div><div id=\"pgc-1183-2-2\"  class=\"panel-grid-cell\" ><div id=\"panel-1183-2-2-0\" class=\"so-panel widget widget_circleicon-widget panel-first-child panel-last-child\" data-index=\"6\" >\t\t<div class=\"circle-icon-box circle-icon-position-top circle-icon-hide-box circle-icon-size-medium\">\n\t\t\t<div class=\"circle-icon-wrapper\">\n\t\t\t\t<a href=\"https:\/\/catedras.facet.unt.edu.ar\/labtel\/es\/material-didactico\/\" class=\"link-icon\" >\t\t\t\t<div class=\"circle-icon\" >\n\t\t\t\t\t<div class=\"fa fa-archive\" ><\/div>\t\t\t\t<\/div>\n\t\t\t\t<\/a>\t\t\t<\/div>\n\n\t\t\t<a href=\"https:\/\/catedras.facet.unt.edu.ar\/labtel\/es\/material-didactico\/\" class=\"link-title\" >\t\t\t<h4 >Material Didactico<\/h4>\t\t\t<\/a>\n\t\t\t<p class=\"text\" >Material usado en el transcurso de la materia<\/p>\t\t\t\t\t\t\t<a href=\"https:\/\/catedras.facet.unt.edu.ar\/labtel\/es\/material-didactico\/\" class=\"more-button\" >M\u00e1s informaci\u00f3n <i><\/i><\/a>\n\t\t\t\t\t<\/div>\n\t\t<\/div><\/div><\/div><\/div>","protected":false},"excerpt":{"rendered":"<p>En esta asignatura de Electromagnetismo I consiste en proveer a los alumnos de conocimientos te\u00f3ricos y pr\u00e1cticos necesarios para el manejo y soluci\u00f3n de problemas vinculados a propagaci\u00f3n electromagn\u00e9tica en diferentes medios y su relaci\u00f3n con soluciones en ingenier\u00eda aplicadas a las telecomunicaciones.\u00a0 Para ello se imparten clases te\u00f3ricas donde se abordan problemas con principios [&hellip;]<\/p>\n","protected":false},"author":1,"featured_media":0,"parent":0,"menu_order":0,"comment_status":"closed","ping_status":"closed","template":"","meta":[],"_links":{"self":[{"href":"https:\/\/catedras.facet.unt.edu.ar\/labtel\/wp-json\/wp\/v2\/pages\/1183"}],"collection":[{"href":"https:\/\/catedras.facet.unt.edu.ar\/labtel\/wp-json\/wp\/v2\/pages"}],"about":[{"href":"https:\/\/catedras.facet.unt.edu.ar\/labtel\/wp-json\/wp\/v2\/types\/page"}],"author":[{"embeddable":true,"href":"https:\/\/catedras.facet.unt.edu.ar\/labtel\/wp-json\/wp\/v2\/users\/1"}],"replies":[{"embeddable":true,"href":"https:\/\/catedras.facet.unt.edu.ar\/labtel\/wp-json\/wp\/v2\/comments?post=1183"}],"version-history":[{"count":9,"href":"https:\/\/catedras.facet.unt.edu.ar\/labtel\/wp-json\/wp\/v2\/pages\/1183\/revisions"}],"predecessor-version":[{"id":2335,"href":"https:\/\/catedras.facet.unt.edu.ar\/labtel\/wp-json\/wp\/v2\/pages\/1183\/revisions\/2335"}],"wp:attachment":[{"href":"https:\/\/catedras.facet.unt.edu.ar\/labtel\/wp-json\/wp\/v2\/media?parent=1183"}],"curies":[{"name":"wp","href":"https:\/\/api.w.org\/{rel}","templated":true}]}}