{"id":117,"date":"2015-05-04T20:04:25","date_gmt":"2015-05-04T23:04:25","guid":{"rendered":"https:\/\/catedras.facet.unt.edu.ar\/labtel\/?page_id=117"},"modified":"2017-08-15T22:51:49","modified_gmt":"2017-08-16T01:51:49","slug":"tesinas-de-grado","status":"publish","type":"page","link":"https:\/\/catedras.facet.unt.edu.ar\/labtel\/es\/tesinas-de-grado\/","title":{"rendered":"Tesinas de Grado"},"content":{"rendered":"<p><strong>Ramiro Esteban Latigano Velez y Alfredo Emanuel Rivero, \u00abDise\u00f1o de Amplificador de Alta Eficiencia en Banda VHF\u00bb,\u00a0Lab. Tel., DEEC, FACET-UNT. Julio 2017.<\/strong><\/p>\n<p><strong>Pablo Suarez, \u00abEstudio y Desarrollo de Prototipo para Medici\u00f3n\u00a0No Invasiva de Permitividad por Reflectometria de RF\u00bb,\u00a0Lab. Tel., DEEC, FACET-UNT. Julio 2017.<\/strong><\/p>\n<p><strong>Julio Nicolas Argota, \u00abAmplificador de Potencia para Radar de Compresi\u00f3n de Pulsos\u00bb,\u00a0Lab. Tel., DEEC, FACET-UNT. Diciembre 2016.<\/strong><\/p>\n<p><strong>Fernando Maximiliano Vega, \u00abReceptor de Radio con Aplicaciones para Radar\u00bb, Lab. Tel., DEEC, FACET-UNT. Diciembre 2016.<\/strong><\/p>\n<p><strong>Ricardo Albornoz y Adrian Llanes, \u00abDesarrollo del Software de Control del Sondador Ionosferico\u00bb,\u00a0Lab. Tel., DEEC, FACET-UNT. Diciembre 2016.<\/strong><\/p>\n<p><strong>Jes\u00fas Carlos Daniel Villacorta y Oscar Alberto Menocal, \u00abReceptor de Radio con Aplicaciones para Radar\u00bb, Lab. Tel., DEEC, FACET-UNT. Diciembre 2015.<\/strong><\/p>\n<p><strong>Jorge Marwan Homssi, \u00abArreglo de Antenas de Dipolos Cruzados en UHF\u00bb,\u00a0Lab. Tel., DEEC, FACET-UNT. 2015.<\/strong><\/p>\n<p><strong>Pablo Bedoian, \u00abInformatizaci\u00f3n Despacho de Cargas Ferroviarias\u00bb,\u00a0Laboratorio de Telecomunicaciones. DEEC-FACET-UNT. 2014.<\/strong><\/p>\n<p><strong>Zenon Saavedra, \u201cM\u00f3dulo detector de descargas atmosf\u00e9ricas\u201d, Lab. Tel, DEEC-FACET-UNT. Concluida Dic. 2013.<\/strong><\/p>\n<p><strong>Pablo Nicol\u00e1s Raimondo, \u201cDise\u00f1o de un sistema formador de haz para arreglo de antenas aplicable a telefon\u00eda m\u00f3vil\u201d. Laboratorio de Telecomunicaciones. DEEC-FACET-UNT. Junio 2011<\/strong><\/p>\n<p><strong>Molina J.\u00a0y D. Rodriguez,\u201cDise\u00f1o, simulaci\u00f3n e implementaci\u00f3n en PCB de etapa Receptora para sensado remoto por ondas de radio\u201d. Lab. Tel. DEEC \u2013 FACET \u2013 UNT. Noviembre de 2011.<\/strong><\/p>\n<p><strong>Santiago Ag\u00fcero e Ignacio Avenda\u00f1o,\u201cGenerador de se\u00f1ales para aplicaciones de radar\u201d. Lab. Tel., DEEC, FACET-UNT. Julio 2011.<\/strong><\/p>\n<p><strong>Mar\u00eda Graciela Molina, \u201cAn\u00e1lisis de M\u00e9todos Num\u00e9ricos para el Modelado y Simulaci\u00f3n de un Radar Ionosf\u00e9rico\u201d. Dpto. de C. Computaci\u00f3n, FACET \u2013 UNT. Setiembre de 2010.<\/strong><\/p>\n","protected":false},"excerpt":{"rendered":"<p>Ramiro Esteban Latigano Velez y Alfredo Emanuel Rivero, \u00abDise\u00f1o de Amplificador de Alta Eficiencia en Banda VHF\u00bb,\u00a0Lab. Tel., DEEC, FACET-UNT. Julio 2017. Pablo Suarez, \u00abEstudio y Desarrollo de Prototipo para Medici\u00f3n\u00a0No Invasiva de Permitividad por Reflectometria de RF\u00bb,\u00a0Lab. Tel., DEEC, FACET-UNT. Julio 2017. Julio Nicolas Argota, \u00abAmplificador de Potencia para Radar de Compresi\u00f3n de Pulsos\u00bb,\u00a0Lab. [&hellip;]<\/p>\n","protected":false},"author":435,"featured_media":0,"parent":0,"menu_order":0,"comment_status":"closed","ping_status":"closed","template":"","meta":[],"_links":{"self":[{"href":"https:\/\/catedras.facet.unt.edu.ar\/labtel\/wp-json\/wp\/v2\/pages\/117"}],"collection":[{"href":"https:\/\/catedras.facet.unt.edu.ar\/labtel\/wp-json\/wp\/v2\/pages"}],"about":[{"href":"https:\/\/catedras.facet.unt.edu.ar\/labtel\/wp-json\/wp\/v2\/types\/page"}],"author":[{"embeddable":true,"href":"https:\/\/catedras.facet.unt.edu.ar\/labtel\/wp-json\/wp\/v2\/users\/435"}],"replies":[{"embeddable":true,"href":"https:\/\/catedras.facet.unt.edu.ar\/labtel\/wp-json\/wp\/v2\/comments?post=117"}],"version-history":[{"count":6,"href":"https:\/\/catedras.facet.unt.edu.ar\/labtel\/wp-json\/wp\/v2\/pages\/117\/revisions"}],"predecessor-version":[{"id":1892,"href":"https:\/\/catedras.facet.unt.edu.ar\/labtel\/wp-json\/wp\/v2\/pages\/117\/revisions\/1892"}],"wp:attachment":[{"href":"https:\/\/catedras.facet.unt.edu.ar\/labtel\/wp-json\/wp\/v2\/media?parent=117"}],"curies":[{"name":"wp","href":"https:\/\/api.w.org\/{rel}","templated":true}]}}