{"id":113,"date":"2015-05-04T20:02:49","date_gmt":"2015-05-04T23:02:49","guid":{"rendered":"https:\/\/catedras.facet.unt.edu.ar\/labtel\/?page_id=113"},"modified":"2025-03-05T12:40:36","modified_gmt":"2025-03-05T15:40:36","slug":"publicaciones","status":"publish","type":"page","link":"https:\/\/catedras.facet.unt.edu.ar\/labtel\/es\/investigacion-y-desarrollo\/publicaciones\/","title":{"rendered":"Publicaciones"},"content":{"rendered":"<p><span style=\"color: #ff0000\"><strong>Revistas<\/strong><\/span><\/p>\n<ol>\n<li><a href=\"https:\/\/doi.org\/10.37537\/rev.elektron.8.2.192.2024\">\u201cMiniaturizaci\u00f3n con metamaterial de una antena PIFA de triple banda para comunicaci\u00f3n Wi-Fi\u201d; A. Hemsy, J. E. Ise, F. A. Miranda Bonomi, M. A. Cabrera, M. Fagre. <u>Elektron Vol.8, No.2<\/u> &#8211; Agosto 2024.<\/a><\/li>\n<li><a href=\"https:\/\/catedras.facet.unt.edu.ar\/labtel\/wp-content\/uploads\/sites\/99\/2024\/12\/01-REVISTA-CET_45_DIC-2023.pdf\">\u201cDise\u00f1o de un Arreglo de Antenas Slot para Banda X\u201d; J. E. Ise, A. Hemsy, M. Fagre, M. F. Carcamo, A. J.A. Lema. <u>Revista CET-FACET-UNT N\u00b045<\/u> &#8211; Diciembre 2023.<\/a><\/li>\n<li><a href=\"https:\/\/catedras.facet.unt.edu.ar\/labtel\/wp-content\/uploads\/sites\/99\/2025\/03\/ZSaavedra_2024.pdf\">\u201cPerformance Analysis of a Sky-Wave Over-the Horizon Radar Simulation Tools\u201d; Z. Saavedra, A. Llanes, G. Alderete Hero, J. di Venanzio, A. G. Elias. <u>Elecktron Vol8, No. 2<\/u> &#8211; September 2024.<\/a><\/li>\n<li><a href=\"https:\/\/catedras.facet.unt.edu.ar\/labtel\/wp-content\/uploads\/sites\/99\/2025\/03\/ZSaavedra_2023.pdf\">\u201cSensitivity Analysis of a Sky Wave Over-the-Horizon Radar Simulation Tool \u201d; Z. Saavedra, A. Llanes, G. Alderete Hero, B. de Haro Barbas, J. Di Venanzio, A. G. Elias. <u>Journal of Remote Sensing &amp; GIS &#8211; STM JOURNALS<\/u> &#8211; March 2023.<\/a><\/li>\n<li><a href=\"https:\/\/catedras.facet.unt.edu.ar\/labtel\/wp-content\/uploads\/sites\/99\/2025\/03\/ZSaavedra_2020.pdf\">\u201cSky-wave over-the-horizon radar simulation tool\u201d; Z. Saavedra, D. Zimmerman, M.A. Cabrera, A. G. Elias. <u>IET Radar, Sonar &amp; Navigation<\/u> &#8211; July 2020.\u00a0<\/a><\/li>\n<li><a href=\"https:\/\/catedras.facet.unt.edu.ar\/labtel\/wp-content\/uploads\/sites\/99\/2025\/03\/ZSaavedra_2019.pdf\">\u201cA New Approach to OTH Main Parameters Determination\u201d; Z. Saavedra, J.N. Argota, M. A. Cabrera, A. G. Elias. <u>Radio Engineering, Vol.28, No. 3<\/u> &#8211; September 2019.<\/a><\/li>\n<li><a href=\"https:\/\/catedras.facet.unt.edu.ar\/labtel\/wp-content\/uploads\/sites\/99\/2025\/03\/ZSaavedra_2017.pdf\">\u201cEarth&#8217;s magnetic field effect on MUF calculation and consequences for hmF2 trend estimates\u201d; A. G. Elias, B. S. Zossi, E. Yi\u011fit, Z. Saavedra, B. F. de Haro Barbas. <u>Journal of Atmospheric and Solar\u2013Terrestrial Physics &#8211; ELSELVIER<\/u> &#8211; March 2017.<\/a><\/li>\n<li>\u201cPropagation of gravity waves and spread F in the low-latitude ionosphere over Tucum\u00e1n, Argentina, by continuous Doppler sounding: First results\u201d; J. Chum, F. A. M. Bonomi, J. Fi\u0161er, M. A. Cabrera, R. G. Ezquer, D. Bure\u0161ov\u00e1, J. La\u0161tovi\u010dka, J. Ba\u0161e , F. Hru\u0161ka, M. G. Molina, J. E. Ise, J. I. Cangemi and T. \u0160indel\u00e1\u0159ov\u00e1; <em>JGR<\/em>, Article first published online: 28 AUG 2014, DOI: 10.1002\/2014JA020184.<\/li>\n<li>\u201cBehaviour of ionospheric magnitudes of F2 region over Tucum\u00e1n during a deep solar minimum and comparison with the IRI 2012 model predictions\u201d, R. G. Ezquer, J. L. L\u00f3pez, L. A. Scid\u00e1, M. A. Cabrera, B. Zolesi, C. Bianchi, M. Pezzopane, E. Zuccheretti and M. Mosert, Journal of Atmospheric and Solar-Terrestrial Physics, vol 107, 89-98, 2014.<\/li>\n<li>\u201cUnusual nighttime impulsive foF2 enhancements at low latitudes: Phenomenology and possible explanations\u201d, L. Perna, M. Pezzopane, E. Zuccheretti, P.R. Fagundes, R. de Jesus, M.A. Cabrera, R.G. Ezquer, <em><u>Adv. in Space. <\/u><\/em><em><u>Res.<\/u><\/em><em>, <\/em>V. 54, pp. 369-384, 2014.<\/li>\n<li>\u201cComparative analysis of spread-F signature and GPS scintillation ocurrences at Tucuman, Argentina\u201d, L. Alfonsi; L. Spolli; M. Pezzopane, V. Romano; E. Zuccheretti; G. De. Franceschi; M. A. Cabrera; and R. G. Ezquer. <em>Journal of Geophysical Research: Space Physics, <\/em>Vol 118, 4483-4502, doi:10.1002\/jgra.50378,2013.<\/li>\n<li>\u201cGPS scintillations and total electron content climatology in the southern low, middle and high latitude regions\u201d, Luca Spogli, Lucilla Alfonsi, Pierre J. Cilliers, Em\u00edlia Correia, Giorgiana De Franceschi, Cathryn N. Mitchell, Vincenzo Romano, Joe Kinrade, Miguel A. Cabrera. <em>Annals of Geophysics, 56, 2, 2013, R0220; doi:10.4401\/ag-6240<\/em>.<\/li>\n<li>\u201cDigital signal processing and numerical analysis for radar in geophysical applications\u201d, Mar\u00eda G. Molina, M.A. Cabrera, R.G. Ezquer, P.M. Fernandez and E. Zuccheretti. <em><u>Adv. in Space Res.<\/u><\/em>, V 51, pp 1870-1877, (2013).<\/li>\n<li>\u201cFundamentos de Radar\u201d. Parte I: Fundamentos F\u00edsicos. Determinaci\u00f3n de las Coordenadas Espaciales y la Velocidad Radial del Blanco. Tipos de radares, Nelson Chavez Ferry y Miguel A. Cabrera. <em><u>Revista CET-FACET-UNT (<\/u><\/em><u>ISSN 1668-9178)<\/u>, Vol 35, pp 1-11, 2012.<\/li>\n<li>\u201cSistemas de Comunicaci\u00f3n inal\u00e1mbricos con tecnolog\u00eda MIMO\u201d, Silvina A. Grupalli, M. A. Cabrera, J. D. Bilbao y M. G. Ferreyra. <em><u>Revista CET-FACET-UNT (<\/u><\/em><u>ISSN 1668-9178)<\/u>, Vol 34, pp 6-12, 2011.<\/li>\n<li>\u201cAmyloid Detection Using a Peltier-Based Device\u201d, M. A. Cabrera, M. G. Ferreyra, L. Cortez, S. A. Grupalli, L. L. Leguina Alvarez and R. Cheh\u00edn, <em><u>Pulse IEEE Engineering in Medicine and Biology Magazine<\/u><\/em>, pp. 58-65, May 2012.<\/li>\n<li>\u201cOn the IRI 2007 performance as a TEC predictor for the South American sector\u201d; L.A. Scid\u00e1; R.G. Ezquer; M.A. Cabrera; M. Mosert; C. Brunini and D. Buresova. <em><u>Journal of Atmospheric and Solar-Terrestrial Physics<\/u><\/em>, V 81-81; pp50-58; Abril 2012.<\/li>\n<li>\u201cPeteroa Lightning Monitoring Network \u2013 Part 1: Planning\u201d, Fernando Miranda Bonomi, M. A. Cabrera, J. E. Ise, J. Cangemi and J. Ruzzante. INTERNATIONAL UNION OF RADIO SCIENCE, Report, ITU\/BDT-ICTP 2011, <em><u>Radio Science Bulletin (ISSN 1024-4530)<\/u><\/em>, No 339, pp 19-23, December 2011.<\/li>\n<li>\u201cUnusual nighttime impulsive <em>fo<\/em>F2 enhancement below the southern anomaly crest under geomagnetically quiet conditions\u201d, Pezzopane M., P. R. Fagundes, L. Ciraolo, E. Correia, M. A. Cabrera and R. G. Ezquer. <em><u>Journal of Geophysical <\/u><\/em> <em><u>Research<\/u><\/em> , Vol 116, A12314, doi: 10.1029\/2011JA016593, Nov. 2011.<\/li>\n<li>\u201cVariations of foF2 and GPS total electron content over the Antarctic sector\u201d, M. Mosert, L. A. McKinnell, M. Gende, C. Brunini, J. Araujo, R. G. Ezquer, M. A. Cabrera, <em><u>E.Planets and Space<\/u><\/em>, vol. 63, p\u00e1g. 327-333, 2011.<\/li>\n<li>\u201cCritical Frequency and maximum electron density of F2 region over tours stations in the North American Sector\u201d, R. G. Ezquer, M. A. Cabrera, J. L. L\u00f3pez, M. A. Alborn\u00f3z, M. Mosert, P. Marc\u00f3 and D. Buresova. <em><u>Journal of Atmospheric and Solar-Terrestrial Physics<\/u><\/em>, V 73; pp 420-429, Marzo 2011.<\/li>\n<li>\u201cSome Considerations on Different Time Domain Signal Processing in Pulse Compression Radars\u201d, M. A. Cabrera, E. Zuccheretti, R. G. Ezquer, U. Sciacca, J. M. L\u00f3pez, M. G. Molina and J. A. Baskaradas. Publicado, <em><u>Annals of Geophysics<\/u><\/em>, V53; N\u00b0 5-6; pp 1-11, Ed. INGV, Italia, Roma, Septiembre 2010.<\/li>\n<li>\u201cVariations of foF2 and GPS total electron content over the Antarctic sector\u201d, M.Mosert , L.A. Mc. Kinnell , M. Gende , C. Brunini , J. Araujo , R.G. Ezquer , M. Cabrera, En prensa <em><u>Earth, Planets and Space<\/u><\/em> (EPS), Jap\u00f3n, 2010.<\/li>\n<li>\u201cProcesamiento de se\u00f1ales en tiempo discretos aplicadas a sensado remoto por ondas de radio\u201d, Miguel A. Cabrera, M. G. Molina, J. M. Lopez, R. G. Ezquer, L. A. Scid\u00e1, E. Zuccheretti, M. G. Ferreyra, S. Grupalli y C. A. Ivan. <em><u>Revista CET-FACET-UNT<\/u><\/em>, Vol 32, pp 15-15. 2010.(ISSN 1668-8910).<\/li>\n<li>\u201cSatellite traces, Range Spread F occurrence, and Gravity Wave Propagation at the Southern Anomaly Crest\u201d; M. A. Cabrera, M. Pezzopane, E. Zuccheretti, and R. G. Ezquer. <em><u>Annales Geophysicae<\/u><\/em>; N\u00b028, pp 1133-1140, 18 Mayo de 2010, Journal of the European Geosciences Union. Copernicus Publications. Comunidad Europea.<\/li>\n<li>Control de Temperatura Basado en el efecto Peltier para estudios de mecanismos de formaci\u00f3n molecular mediante espectroscopia infrarroja. M. A. Cabrera, M. G. Ferreyra, R. Chein, S. A. Grupalli y L. Cort\u00e9z. <em><u>Revista CET-FACET-UNT<\/u><\/em>, pp. 2-9, ISSN: 1668-8910. Marzo 2010, Argentina,<\/li>\n<\/ol>\n<p>&nbsp;<\/p>\n","protected":false},"excerpt":{"rendered":"<p>Revistas \u201cMiniaturizaci\u00f3n con metamaterial de una antena PIFA de triple banda para comunicaci\u00f3n Wi-Fi\u201d; A. Hemsy, J. E. Ise, F. A. Miranda Bonomi, M. A. Cabrera, M. Fagre. Elektron Vol.8, No.2 &#8211; Agosto 2024. \u201cDise\u00f1o de un Arreglo de Antenas Slot para Banda X\u201d; J. E. Ise, A. Hemsy, M. Fagre, M. F. Carcamo, A. [&hellip;]<\/p>\n","protected":false},"author":435,"featured_media":0,"parent":91,"menu_order":0,"comment_status":"closed","ping_status":"closed","template":"","meta":[],"_links":{"self":[{"href":"https:\/\/catedras.facet.unt.edu.ar\/labtel\/wp-json\/wp\/v2\/pages\/113"}],"collection":[{"href":"https:\/\/catedras.facet.unt.edu.ar\/labtel\/wp-json\/wp\/v2\/pages"}],"about":[{"href":"https:\/\/catedras.facet.unt.edu.ar\/labtel\/wp-json\/wp\/v2\/types\/page"}],"author":[{"embeddable":true,"href":"https:\/\/catedras.facet.unt.edu.ar\/labtel\/wp-json\/wp\/v2\/users\/435"}],"replies":[{"embeddable":true,"href":"https:\/\/catedras.facet.unt.edu.ar\/labtel\/wp-json\/wp\/v2\/comments?post=113"}],"version-history":[{"count":30,"href":"https:\/\/catedras.facet.unt.edu.ar\/labtel\/wp-json\/wp\/v2\/pages\/113\/revisions"}],"predecessor-version":[{"id":2277,"href":"https:\/\/catedras.facet.unt.edu.ar\/labtel\/wp-json\/wp\/v2\/pages\/113\/revisions\/2277"}],"up":[{"embeddable":true,"href":"https:\/\/catedras.facet.unt.edu.ar\/labtel\/wp-json\/wp\/v2\/pages\/91"}],"wp:attachment":[{"href":"https:\/\/catedras.facet.unt.edu.ar\/labtel\/wp-json\/wp\/v2\/media?parent=113"}],"curies":[{"name":"wp","href":"https:\/\/api.w.org\/{rel}","templated":true}]}}