{"id":87,"date":"2016-04-01T18:19:14","date_gmt":"2016-04-01T21:19:14","guid":{"rendered":"https:\/\/catedras.facet.unt.edu.ar\/laboratoriop03\/?page_id=87"},"modified":"2016-05-08T20:35:54","modified_gmt":"2016-05-08T23:35:54","slug":"trabajos-de-alumnos","status":"publish","type":"page","link":"https:\/\/catedras.facet.unt.edu.ar\/laboratoriop03\/trabajos-de-alumnos\/","title":{"rendered":"TRABAJOS DE ALUMNOS"},"content":{"rendered":"<ul>\n<ul>\n<li>Este a\u00f1o 2016, el a\u00f1o del Bicentenario de la Declaraci\u00f3n de la Independencia Argentina, el trabajo de campo que realizar\u00e1n los alumnos de la c\u00e1tedra de Laboratorio I, bajo la gu\u00eda de docentes de la c\u00e1tedra, ser\u00e1 el dise\u00f1o del sitio web del Gabinete de Dise\u00f1o Universal de la Facultad de Arquitectura y Urbanismo, el cual ser\u00e1 un sitio accesible y adaptable a cualquier dispositivo.\u00a0Fotos de la entrevista realizada a las integrantes del Gabinete de Dise\u00f1o Universal de la Facultad de Arquitectura y Urbanismo de la UNT:<br \/>\n<div id=\"metaslider-id-104\" style=\"width: 100%; margin: 0 auto;\" class=\"ml-slider-3-27-8 metaslider metaslider-flex metaslider-104 ml-slider\">\n    <div id=\"metaslider_container_104\">\n        <div id=\"metaslider_104\">\n            <ul aria-live=\"polite\" class=\"slides\">\n                <li style=\"display: none; width: 100%;\" class=\"slide-111 ms-image\"><img src=\"https:\/\/catedras.facet.unt.edu.ar\/laboratoriop03\/wp-content\/uploads\/sites\/68\/2016\/05\/imagen-1-650x487.png\" height=\"487\" width=\"650\" alt=\"\" class=\"slider-104 slide-111\" \/><\/li>\n                <li style=\"display: none; width: 100%;\" class=\"slide-112 ms-image\"><img src=\"https:\/\/catedras.facet.unt.edu.ar\/laboratoriop03\/wp-content\/uploads\/sites\/68\/2016\/05\/imagen-2-650x487.png\" height=\"487\" width=\"650\" alt=\"\" class=\"slider-104 slide-112\" \/><\/li>\n                <li style=\"display: none; width: 100%;\" class=\"slide-113 ms-image\"><img src=\"https:\/\/catedras.facet.unt.edu.ar\/laboratoriop03\/wp-content\/uploads\/sites\/68\/2016\/05\/imagen-3-650x487.png\" height=\"487\" width=\"650\" alt=\"\" class=\"slider-104 slide-113\" \/><\/li>\n                <li style=\"display: none; width: 100%;\" class=\"slide-114 ms-image\"><img src=\"https:\/\/catedras.facet.unt.edu.ar\/laboratoriop03\/wp-content\/uploads\/sites\/68\/2016\/05\/imagen-4-650x487.png\" height=\"487\" width=\"650\" alt=\"\" class=\"slider-104 slide-114\" \/><\/li>\n                <li style=\"display: none; width: 100%;\" class=\"slide-115 ms-image\"><img src=\"https:\/\/catedras.facet.unt.edu.ar\/laboratoriop03\/wp-content\/uploads\/sites\/68\/2016\/05\/imagen-5-650x487.png\" height=\"487\" width=\"650\" alt=\"\" class=\"slider-104 slide-115\" \/><\/li>\n                <li style=\"display: none; width: 100%;\" class=\"slide-116 ms-image\"><img src=\"https:\/\/catedras.facet.unt.edu.ar\/laboratoriop03\/wp-content\/uploads\/sites\/68\/2016\/05\/imagen-6-650x487.png\" height=\"487\" width=\"650\" alt=\"\" class=\"slider-104 slide-116\" \/><\/li>\n                <li style=\"display: none; width: 100%;\" class=\"slide-117 ms-image\"><img src=\"https:\/\/catedras.facet.unt.edu.ar\/laboratoriop03\/wp-content\/uploads\/sites\/68\/2016\/05\/imagen-7-650x487.png\" height=\"487\" width=\"650\" alt=\"\" class=\"slider-104 slide-117\" \/><\/li>\n                <li style=\"display: none; width: 100%;\" class=\"slide-118 ms-image\"><img src=\"https:\/\/catedras.facet.unt.edu.ar\/laboratoriop03\/wp-content\/uploads\/sites\/68\/2016\/05\/imagen-8-650x487.png\" height=\"487\" width=\"650\" alt=\"\" class=\"slider-104 slide-118\" \/><\/li>\n                <li style=\"display: none; width: 100%;\" class=\"slide-119 ms-image\"><img src=\"https:\/\/catedras.facet.unt.edu.ar\/laboratoriop03\/wp-content\/uploads\/sites\/68\/2016\/05\/imagen-9-650x487.png\" height=\"487\" width=\"650\" alt=\"\" class=\"slider-104 slide-119\" \/><\/li>\n                <li style=\"display: none; width: 100%;\" class=\"slide-120 ms-image\"><img src=\"https:\/\/catedras.facet.unt.edu.ar\/laboratoriop03\/wp-content\/uploads\/sites\/68\/2016\/05\/imagen-10-650x487.png\" height=\"487\" width=\"650\" alt=\"\" class=\"slider-104 slide-120\" \/><\/li>\n                <li style=\"display: none; width: 100%;\" class=\"slide-121 ms-image\"><img src=\"https:\/\/catedras.facet.unt.edu.ar\/laboratoriop03\/wp-content\/uploads\/sites\/68\/2016\/05\/imagen-11-650x487.png\" height=\"487\" width=\"650\" alt=\"\" class=\"slider-104 slide-121\" \/><\/li>\n                <li style=\"display: none; width: 100%;\" class=\"slide-122 ms-image\"><img src=\"https:\/\/catedras.facet.unt.edu.ar\/laboratoriop03\/wp-content\/uploads\/sites\/68\/2016\/05\/imagen-12-650x487.png\" height=\"487\" width=\"650\" alt=\"\" class=\"slider-104 slide-122\" \/><\/li>\n                <li style=\"display: none; width: 100%;\" class=\"slide-123 ms-image\"><img src=\"https:\/\/catedras.facet.unt.edu.ar\/laboratoriop03\/wp-content\/uploads\/sites\/68\/2016\/05\/imagen-13-650x487.png\" height=\"487\" width=\"650\" alt=\"\" class=\"slider-104 slide-123\" \/><\/li>\n            <\/ul>\n        <\/div>\n        \n    <\/div>\n<\/div><\/li>\n<li>El sitio web de la\u00a0<a href=\"http:\/\/www.psicologia.unt.edu.ar\/\" target=\"_blank\">FACULTAD DE PSICOLOG\u00cdA<\/a>\u00a0de la Universidad Nacional de Tucum\u00e1n fue realizado por alumnos de Laboratorio I.<\/li>\n<\/ul>\n<\/ul>\n<p><a class=\"http:\/\/www.psicologia.unt.edu.ar\/\" href=\"https:\/\/catedras.facet.unt.edu.ar\/laboratoriop03\/wp-content\/uploads\/sites\/68\/2016\/04\/facultad-de-psicolog\u00eda-1.png\" target=\"_blank\" rel=\"attachment wp-att-93\"><img loading=\"lazy\" class=\"aligncenter wp-image-93 size-medium\" src=\"https:\/\/catedras.facet.unt.edu.ar\/laboratoriop03\/wp-content\/uploads\/sites\/68\/2016\/04\/facultad-de-psicolog\u00eda-1-300x81.png\" alt=\"facultad de psicolog\u00eda 1\" width=\"300\" height=\"81\" srcset=\"https:\/\/catedras.facet.unt.edu.ar\/laboratoriop03\/wp-content\/uploads\/sites\/68\/2016\/04\/facultad-de-psicolog\u00eda-1-300x81.png 300w, https:\/\/catedras.facet.unt.edu.ar\/laboratoriop03\/wp-content\/uploads\/sites\/68\/2016\/04\/facultad-de-psicolog\u00eda-1.png 731w\" sizes=\"(max-width: 300px) 100vw, 300px\" \/><\/a><\/p>\n","protected":false},"excerpt":{"rendered":"<p>Este a\u00f1o 2016, el a\u00f1o del Bicentenario de la Declaraci\u00f3n de la Independencia Argentina, el trabajo de campo que realizar\u00e1n los alumnos de la c\u00e1tedra de Laboratorio I, bajo la gu\u00eda de docentes de la c\u00e1tedra, ser\u00e1 el dise\u00f1o del sitio web del Gabinete de Dise\u00f1o Universal de la Facultad de Arquitectura y Urbanismo, el [&hellip;]<\/p>\n","protected":false},"author":168,"featured_media":0,"parent":0,"menu_order":0,"comment_status":"closed","ping_status":"closed","template":"","meta":[],"_links":{"self":[{"href":"https:\/\/catedras.facet.unt.edu.ar\/laboratoriop03\/wp-json\/wp\/v2\/pages\/87"}],"collection":[{"href":"https:\/\/catedras.facet.unt.edu.ar\/laboratoriop03\/wp-json\/wp\/v2\/pages"}],"about":[{"href":"https:\/\/catedras.facet.unt.edu.ar\/laboratoriop03\/wp-json\/wp\/v2\/types\/page"}],"author":[{"embeddable":true,"href":"https:\/\/catedras.facet.unt.edu.ar\/laboratoriop03\/wp-json\/wp\/v2\/users\/168"}],"replies":[{"embeddable":true,"href":"https:\/\/catedras.facet.unt.edu.ar\/laboratoriop03\/wp-json\/wp\/v2\/comments?post=87"}],"version-history":[{"count":9,"href":"https:\/\/catedras.facet.unt.edu.ar\/laboratoriop03\/wp-json\/wp\/v2\/pages\/87\/revisions"}],"predecessor-version":[{"id":125,"href":"https:\/\/catedras.facet.unt.edu.ar\/laboratoriop03\/wp-json\/wp\/v2\/pages\/87\/revisions\/125"}],"wp:attachment":[{"href":"https:\/\/catedras.facet.unt.edu.ar\/laboratoriop03\/wp-json\/wp\/v2\/media?parent=87"}],"curies":[{"name":"wp","href":"https:\/\/api.w.org\/{rel}","templated":true}]}}