{"id":372,"date":"2020-10-20T17:18:08","date_gmt":"2020-10-20T20:18:08","guid":{"rendered":"https:\/\/catedras.facet.unt.edu.ar\/labdie\/?page_id=372"},"modified":"2020-10-20T17:27:52","modified_gmt":"2020-10-20T20:27:52","slug":"proyectos-de-investigacion","status":"publish","type":"page","link":"https:\/\/catedras.facet.unt.edu.ar\/labdie\/proyectos-de-investigacion\/","title":{"rendered":"Proyectos de Investigaci\u00f3n"},"content":{"rendered":"<p><strong>\u201cTomate. An\u00e1lisis de permitividad compleja con m\u00e9todo de cero en Tomate Chilto. nTIC para comunicaciones acad\u00e9mico cient\u00edficas\u201d<\/strong>. CIUNT- Universidad Nacional de Tucum\u00e1n. Periodo 01\/2020 &#8211; 12\/2021.<\/p>\n<p><strong>\u201cTomate. Su caracterizaci\u00f3n en funci\u00f3n de propiedades diel\u00e9ctricas. Uso de las nTIC como formato de comunicaci\u00f3n acad\u00e9mico cient\u00edfica\u201d<\/strong>. C\u00f3digo PIUNT: E608. CIUNT- Universidad Nacional de Tucum\u00e1n. Periodo 01\/2018 &#8211; 12\/2019.<\/p>\n","protected":false},"excerpt":{"rendered":"<p>\u201cTomate. An\u00e1lisis de permitividad compleja con m\u00e9todo de cero en Tomate Chilto. nTIC para comunicaciones acad\u00e9mico cient\u00edficas\u201d. CIUNT- Universidad Nacional de Tucum\u00e1n. Periodo 01\/2020 &#8211; 12\/2021. \u201cTomate. Su caracterizaci\u00f3n en funci\u00f3n de propiedades diel\u00e9ctricas. Uso de las nTIC como formato de comunicaci\u00f3n acad\u00e9mico cient\u00edfica\u201d. C\u00f3digo PIUNT: E608. CIUNT- Universidad Nacional de Tucum\u00e1n. Periodo 01\/2018 &#8211; [&hellip;]<\/p>\n","protected":false},"author":101119,"featured_media":0,"parent":0,"menu_order":2,"comment_status":"closed","ping_status":"closed","template":"","meta":[],"_links":{"self":[{"href":"https:\/\/catedras.facet.unt.edu.ar\/labdie\/wp-json\/wp\/v2\/pages\/372"}],"collection":[{"href":"https:\/\/catedras.facet.unt.edu.ar\/labdie\/wp-json\/wp\/v2\/pages"}],"about":[{"href":"https:\/\/catedras.facet.unt.edu.ar\/labdie\/wp-json\/wp\/v2\/types\/page"}],"author":[{"embeddable":true,"href":"https:\/\/catedras.facet.unt.edu.ar\/labdie\/wp-json\/wp\/v2\/users\/101119"}],"replies":[{"embeddable":true,"href":"https:\/\/catedras.facet.unt.edu.ar\/labdie\/wp-json\/wp\/v2\/comments?post=372"}],"version-history":[{"count":4,"href":"https:\/\/catedras.facet.unt.edu.ar\/labdie\/wp-json\/wp\/v2\/pages\/372\/revisions"}],"predecessor-version":[{"id":379,"href":"https:\/\/catedras.facet.unt.edu.ar\/labdie\/wp-json\/wp\/v2\/pages\/372\/revisions\/379"}],"wp:attachment":[{"href":"https:\/\/catedras.facet.unt.edu.ar\/labdie\/wp-json\/wp\/v2\/media?parent=372"}],"curies":[{"name":"wp","href":"https:\/\/api.w.org\/{rel}","templated":true}]}}